{"id":1296,"date":"2021-04-19T16:57:29","date_gmt":"2021-04-19T16:57:29","guid":{"rendered":"http:\/\/qcexval.uv.es\/?page_id=1296"},"modified":"2023-04-04T15:50:11","modified_gmt":"2023-04-04T15:50:11","slug":"collaborators","status":"publish","type":"page","link":"http:\/\/qcexval.uv.es\/?page_id=1296","title":{"rendered":"Collaborators"},"content":{"rendered":"\n<div class=\"wp-block-media-text alignwide is-stacked-on-mobile\" style=\"grid-template-columns:22% auto\"><figure class=\"wp-block-media-text__media\"><img loading=\"lazy\" decoding=\"async\" width=\"644\" height=\"483\" src=\"http:\/\/qcexval.uv.es\/wp-content\/uploads\/2016\/09\/Angelo-Giussani.jpg\" alt=\"\" class=\"wp-image-112 size-full\" srcset=\"http:\/\/qcexval.uv.es\/wp-content\/uploads\/2016\/09\/Angelo-Giussani.jpg 644w, http:\/\/qcexval.uv.es\/wp-content\/uploads\/2016\/09\/Angelo-Giussani-600x450.jpg 600w\" sizes=\"(max-width: 644px) 100vw, 644px\" \/><\/figure><div class=\"wp-block-media-text__content\">\n<p class=\"has-large-font-size\">Angelo Giussani<\/p>\n\n\n\n<p>ICMOL &#8211; Universitat de Val\u00e8ncia<\/p>\n\n\n\n<p><a href=\"mailto:Angelo.Giussani@uv.es\">Angelo.Giussani@uv.es<\/a><\/p>\n\n\n\n<p><a href=\"https:\/\/scholar.google.es\/citations?hl=es&amp;user=O0VZgcgAAAAJ\" target=\"_blank\" rel=\"noreferrer noopener\"><img loading=\"lazy\" decoding=\"async\" width=\"225\" height=\"225\" class=\"wp-image-1375\" style=\"width: 25px;\" src=\"http:\/\/qcexval.uv.es\/wp-content\/uploads\/2021\/04\/academico.png\" alt=\"\" srcset=\"http:\/\/qcexval.uv.es\/wp-content\/uploads\/2021\/04\/academico.png 225w, http:\/\/qcexval.uv.es\/wp-content\/uploads\/2021\/04\/academico-150x150.png 150w\" sizes=\"(max-width: 225px) 100vw, 225px\" \/><\/a>  <a href=\"https:\/\/orcid.org\/0000-0002-9452-7641\" target=\"_blank\" rel=\"noreferrer noopener\"><img loading=\"lazy\" decoding=\"async\" width=\"225\" height=\"225\" class=\"wp-image-1382\" style=\"width: 30px;\" src=\"http:\/\/qcexval.uv.es\/wp-content\/uploads\/2021\/04\/orcid-1.png\" alt=\"\" srcset=\"http:\/\/qcexval.uv.es\/wp-content\/uploads\/2021\/04\/orcid-1.png 225w, http:\/\/qcexval.uv.es\/wp-content\/uploads\/2021\/04\/orcid-1-150x150.png 150w\" sizes=\"(max-width: 225px) 100vw, 225px\" \/><\/a><\/p>\n<\/div><\/div>\n\n\n\n<hr class=\"wp-block-separator has-css-opacity\"\/>\n\n\n\n<div class=\"wp-block-media-text alignwide is-stacked-on-mobile\" style=\"grid-template-columns:22% auto\"><figure class=\"wp-block-media-text__media\"><img loading=\"lazy\" decoding=\"async\" width=\"512\" height=\"512\" src=\"http:\/\/qcexval.uv.es\/wp-content\/uploads\/2020\/08\/Rafael_Garcia-Meseguer.jpg\" alt=\"\" class=\"wp-image-752 size-full\" srcset=\"http:\/\/qcexval.uv.es\/wp-content\/uploads\/2020\/08\/Rafael_Garcia-Meseguer.jpg 512w, http:\/\/qcexval.uv.es\/wp-content\/uploads\/2020\/08\/Rafael_Garcia-Meseguer-300x300.jpg 300w, http:\/\/qcexval.uv.es\/wp-content\/uploads\/2020\/08\/Rafael_Garcia-Meseguer-100x100.jpg 100w, http:\/\/qcexval.uv.es\/wp-content\/uploads\/2020\/08\/Rafael_Garcia-Meseguer-150x150.jpg 150w\" sizes=\"(max-width: 512px) 100vw, 512px\" \/><\/figure><div class=\"wp-block-media-text__content\">\n<p class=\"has-large-font-size\">Rafael Garc\u00eda<\/p>\n\n\n\n<p>Dpto. Qu\u00edmica F\u00edsica &#8211; Universitat de Val\u00e8ncia<\/p>\n\n\n\n<p><a href=\"mailto:Rafael.Garcia-Messeguer@uv.es\"><a href=\"mailto:Rafael.Garcia-Meseguer@uv.es\">Rafael.Garcia-Messeguer<\/a>@uv.es<\/a><\/p>\n<\/div><\/div>\n\n\n","protected":false},"excerpt":{"rendered":"<p>Angelo Giussani ICMOL &#8211; Universitat de Val\u00e8ncia Angelo.Giussani@uv.es Rafael Garc\u00eda Dpto. Qu\u00edmica F\u00edsica &#8211; Universitat de Val\u00e8ncia Rafael.Garcia-Messeguer@uv.es <a class=\"more-link\" href=\"http:\/\/qcexval.uv.es\/?page_id=1296\">Read more<\/a><\/p>\n","protected":false},"author":1,"featured_media":0,"parent":0,"menu_order":0,"comment_status":"closed","ping_status":"closed","template":"","meta":{"footnotes":""},"yoast_head":"<!-- This site is optimized with the Yoast SEO plugin v21.8 - https:\/\/yoast.com\/wordpress\/plugins\/seo\/ -->\n<title>Collaborators - QCEXVAL<\/title>\n<meta name=\"robots\" content=\"index, follow, max-snippet:-1, max-image-preview:large, max-video-preview:-1\" \/>\n<link rel=\"canonical\" href=\"http:\/\/qcexval.uv.es\/?page_id=1296\" \/>\n<meta property=\"og:locale\" content=\"en_US\" \/>\n<meta property=\"og:type\" content=\"article\" \/>\n<meta property=\"og:title\" content=\"Collaborators - QCEXVAL\" \/>\n<meta property=\"og:description\" content=\"Angelo Giussani ICMOL &#8211; Universitat de Val\u00e8ncia Angelo.Giussani@uv.es Rafael Garc\u00eda Dpto. Qu\u00edmica F\u00edsica &#8211; Universitat de Val\u00e8ncia Rafael.Garcia-Messeguer@uv.es\" \/>\n<meta property=\"og:url\" content=\"http:\/\/qcexval.uv.es\/?page_id=1296\" \/>\n<meta property=\"og:site_name\" content=\"QCEXVAL\" \/>\n<meta property=\"article:modified_time\" content=\"2023-04-04T15:50:11+00:00\" \/>\n<meta property=\"og:image\" content=\"http:\/\/qcexval.uv.es\/wp-content\/uploads\/2016\/09\/Angelo-Giussani.jpg\" \/>\n<meta name=\"twitter:card\" content=\"summary_large_image\" \/>\n<meta name=\"twitter:site\" content=\"@qcexval\" \/>\n<meta name=\"twitter:label1\" content=\"Est. reading time\" \/>\n\t<meta name=\"twitter:data1\" content=\"3 minutes\" \/>\n<script type=\"application\/ld+json\" class=\"yoast-schema-graph\">{\"@context\":\"https:\/\/schema.org\",\"@graph\":[{\"@type\":\"WebPage\",\"@id\":\"http:\/\/qcexval.uv.es\/?page_id=1296\",\"url\":\"http:\/\/qcexval.uv.es\/?page_id=1296\",\"name\":\"Collaborators - QCEXVAL\",\"isPartOf\":{\"@id\":\"http:\/\/qcexval.uv.es\/#website\"},\"datePublished\":\"2021-04-19T16:57:29+00:00\",\"dateModified\":\"2023-04-04T15:50:11+00:00\",\"breadcrumb\":{\"@id\":\"http:\/\/qcexval.uv.es\/?page_id=1296#breadcrumb\"},\"inLanguage\":\"en-US\",\"potentialAction\":[{\"@type\":\"ReadAction\",\"target\":[\"http:\/\/qcexval.uv.es\/?page_id=1296\"]}]},{\"@type\":\"BreadcrumbList\",\"@id\":\"http:\/\/qcexval.uv.es\/?page_id=1296#breadcrumb\",\"itemListElement\":[{\"@type\":\"ListItem\",\"position\":1,\"name\":\"Home\",\"item\":\"http:\/\/qcexval.uv.es\/\"},{\"@type\":\"ListItem\",\"position\":2,\"name\":\"Collaborators\"}]},{\"@type\":\"WebSite\",\"@id\":\"http:\/\/qcexval.uv.es\/#website\",\"url\":\"http:\/\/qcexval.uv.es\/\",\"name\":\"QCEXVAL\",\"description\":\"The Excited State Quantum Chemistry Group\",\"publisher\":{\"@id\":\"http:\/\/qcexval.uv.es\/#organization\"},\"potentialAction\":[{\"@type\":\"SearchAction\",\"target\":{\"@type\":\"EntryPoint\",\"urlTemplate\":\"http:\/\/qcexval.uv.es\/?s={search_term_string}\"},\"query-input\":\"required name=search_term_string\"}],\"inLanguage\":\"en-US\"},{\"@type\":\"Organization\",\"@id\":\"http:\/\/qcexval.uv.es\/#organization\",\"name\":\"QCEXVAL\",\"url\":\"http:\/\/qcexval.uv.es\/\",\"logo\":{\"@type\":\"ImageObject\",\"inLanguage\":\"en-US\",\"@id\":\"http:\/\/qcexval.uv.es\/#\/schema\/logo\/image\/\",\"url\":\"http:\/\/qcexval.uv.es\/wp-content\/uploads\/2021\/03\/cropped-Logo4.3-1.jpg\",\"contentUrl\":\"http:\/\/qcexval.uv.es\/wp-content\/uploads\/2021\/03\/cropped-Logo4.3-1.jpg\",\"width\":512,\"height\":512,\"caption\":\"QCEXVAL\"},\"image\":{\"@id\":\"http:\/\/qcexval.uv.es\/#\/schema\/logo\/image\/\"},\"sameAs\":[\"https:\/\/twitter.com\/qcexval\"]}]}<\/script>\n<!-- \/ Yoast SEO plugin. -->","yoast_head_json":{"title":"Collaborators - QCEXVAL","robots":{"index":"index","follow":"follow","max-snippet":"max-snippet:-1","max-image-preview":"max-image-preview:large","max-video-preview":"max-video-preview:-1"},"canonical":"http:\/\/qcexval.uv.es\/?page_id=1296","og_locale":"en_US","og_type":"article","og_title":"Collaborators - QCEXVAL","og_description":"Angelo Giussani ICMOL &#8211; Universitat de Val\u00e8ncia Angelo.Giussani@uv.es Rafael Garc\u00eda Dpto. Qu\u00edmica F\u00edsica &#8211; Universitat de Val\u00e8ncia Rafael.Garcia-Messeguer@uv.es","og_url":"http:\/\/qcexval.uv.es\/?page_id=1296","og_site_name":"QCEXVAL","article_modified_time":"2023-04-04T15:50:11+00:00","og_image":[{"url":"http:\/\/qcexval.uv.es\/wp-content\/uploads\/2016\/09\/Angelo-Giussani.jpg"}],"twitter_card":"summary_large_image","twitter_site":"@qcexval","twitter_misc":{"Est. reading time":"3 minutes"},"schema":{"@context":"https:\/\/schema.org","@graph":[{"@type":"WebPage","@id":"http:\/\/qcexval.uv.es\/?page_id=1296","url":"http:\/\/qcexval.uv.es\/?page_id=1296","name":"Collaborators - QCEXVAL","isPartOf":{"@id":"http:\/\/qcexval.uv.es\/#website"},"datePublished":"2021-04-19T16:57:29+00:00","dateModified":"2023-04-04T15:50:11+00:00","breadcrumb":{"@id":"http:\/\/qcexval.uv.es\/?page_id=1296#breadcrumb"},"inLanguage":"en-US","potentialAction":[{"@type":"ReadAction","target":["http:\/\/qcexval.uv.es\/?page_id=1296"]}]},{"@type":"BreadcrumbList","@id":"http:\/\/qcexval.uv.es\/?page_id=1296#breadcrumb","itemListElement":[{"@type":"ListItem","position":1,"name":"Home","item":"http:\/\/qcexval.uv.es\/"},{"@type":"ListItem","position":2,"name":"Collaborators"}]},{"@type":"WebSite","@id":"http:\/\/qcexval.uv.es\/#website","url":"http:\/\/qcexval.uv.es\/","name":"QCEXVAL","description":"The Excited State Quantum Chemistry Group","publisher":{"@id":"http:\/\/qcexval.uv.es\/#organization"},"potentialAction":[{"@type":"SearchAction","target":{"@type":"EntryPoint","urlTemplate":"http:\/\/qcexval.uv.es\/?s={search_term_string}"},"query-input":"required name=search_term_string"}],"inLanguage":"en-US"},{"@type":"Organization","@id":"http:\/\/qcexval.uv.es\/#organization","name":"QCEXVAL","url":"http:\/\/qcexval.uv.es\/","logo":{"@type":"ImageObject","inLanguage":"en-US","@id":"http:\/\/qcexval.uv.es\/#\/schema\/logo\/image\/","url":"http:\/\/qcexval.uv.es\/wp-content\/uploads\/2021\/03\/cropped-Logo4.3-1.jpg","contentUrl":"http:\/\/qcexval.uv.es\/wp-content\/uploads\/2021\/03\/cropped-Logo4.3-1.jpg","width":512,"height":512,"caption":"QCEXVAL"},"image":{"@id":"http:\/\/qcexval.uv.es\/#\/schema\/logo\/image\/"},"sameAs":["https:\/\/twitter.com\/qcexval"]}]}},"_links":{"self":[{"href":"http:\/\/qcexval.uv.es\/index.php?rest_route=\/wp\/v2\/pages\/1296"}],"collection":[{"href":"http:\/\/qcexval.uv.es\/index.php?rest_route=\/wp\/v2\/pages"}],"about":[{"href":"http:\/\/qcexval.uv.es\/index.php?rest_route=\/wp\/v2\/types\/page"}],"author":[{"embeddable":true,"href":"http:\/\/qcexval.uv.es\/index.php?rest_route=\/wp\/v2\/users\/1"}],"replies":[{"embeddable":true,"href":"http:\/\/qcexval.uv.es\/index.php?rest_route=%2Fwp%2Fv2%2Fcomments&post=1296"}],"version-history":[{"count":6,"href":"http:\/\/qcexval.uv.es\/index.php?rest_route=\/wp\/v2\/pages\/1296\/revisions"}],"predecessor-version":[{"id":1619,"href":"http:\/\/qcexval.uv.es\/index.php?rest_route=\/wp\/v2\/pages\/1296\/revisions\/1619"}],"wp:attachment":[{"href":"http:\/\/qcexval.uv.es\/index.php?rest_route=%2Fwp%2Fv2%2Fmedia&parent=1296"}],"curies":[{"name":"wp","href":"https:\/\/api.w.org\/{rel}","templated":true}]}}