{"id":133,"date":"2016-09-26T16:07:37","date_gmt":"2016-09-26T16:07:37","guid":{"rendered":"http:\/\/qcexval.uv.es\/?page_id=133"},"modified":"2021-04-19T17:28:27","modified_gmt":"2021-04-19T17:28:27","slug":"2004-2","status":"publish","type":"page","link":"http:\/\/qcexval.uv.es\/?page_id=133","title":{"rendered":"2004"},"content":{"rendered":"<h2>List of QCEXVAL contributions in 2004<\/h2>\n<ul>\n<li><strong>Course<\/strong>:<em>&#8220;Qu\u00edmica Te\u00f3rica y Computacional&#8221;<br \/>\nUniversitat de Girona, Spain<br \/>\n19th January &#8211; 14th February, 2004<br \/>\nNational Spanish Ph. D. Program<br \/>\n<\/em><a href=\"http:\/\/stark.udg.es\/qtc\/\">Webpage of Dr. Miquel Sol<\/a>\u00e0<br \/>\n<strong>Participant<\/strong>: Luis Serrano-Andr\u00e9s, Lecturer<br \/>\n<strong>Title<\/strong>: &#8220;Estudio Te\u00f3rico de Estados Excitados&#8221; (9th-14th February)<\/li>\n<li><em><strong>Congress<\/strong>: RADAM04, 1st Meeting COST Action P9 on Radiation Damage<br \/>\nInstitute National de Physique Nucl\u00ef\u00bf\u00bdaire et de Physique des Particules<br \/>\nLyon, France, 24th-27th June, 2004<br \/>\n<\/em><a href=\"http:\/\/www.isa.au.dk\/cost\/home.html\">Webpage<\/a><br \/>\n<strong>Participant<\/strong>: Luis Serrano-Andr\u00e9s, Conference<br \/>\n<strong>Title<\/strong>: &#8220;Ultrafast Internal Conversion Channels in Excited Cytosine&#8221;<\/li>\n<li><strong>Congress<\/strong>: <em>III Congreso Ib\u00e9rico de Espectroscopia<br \/>\nUniversidad de Las Palmas<br \/>\nLas Palmas de Gran Canaria, Spain, 4th-9th July, 2004.<br \/>\n<\/em><a href=\"http:\/\/www.iem.cfmac.csic.es\/departamentos\/espvib_procmult\/rne19\/\">Webp age<\/a><br \/>\n<strong>Participant<\/strong>: Luis Serrano-Andr\u00e9s, Conference<br \/>\n<strong>Title<\/strong>:<em>&#8220;Quantum Chemistry of the Excited State: Up-to- Date Panorama&#8221;<\/em><\/li>\n<li><strong>Congress<\/strong>:<em> VIIIth European Conference on Atomic and Molecular Physics<br \/>\nUniversit\u00e1 de Rennes I<br \/>\nRennes, France, 6th-10th July, 2004.<br \/>\n<\/em><a href=\"http:\/\/www.ecamp8.org\/\">Webpage<\/a><br \/>\n<strong>Participant<\/strong>: Luis Serrano-Andr\u00e9s, Conference<br \/>\n<strong>Title<\/strong>:<em>&#8220;Quantum chemistry for the excited state: methods and applications&#8221;<\/em><\/li>\n<li><strong>Congress<\/strong>: <em>XX IUPAC Symposium on Photochemistry<br \/>\nUniversidad de Granada<br \/>\nGranada, Spain, 17th-22nd July, 2004.<br \/>\n<\/em><a href=\"http:\/\/www.ugr.es\/~xxiupacs\/iupacxx.htm\">Webpage<\/a><br \/>\n<strong>Participants<\/strong>:<\/p>\n<ul>\n<li>Manuela Merch\u00e1n, Conference<br \/>\n<strong>Title<\/strong>: <em>&#8220;Triplet State Formation Along the Ultrafast Decay of Excited Singlet Cytosine&#8221;<\/em><\/li>\n<li>Luis Serrano-Andr\u00e9s, Poster<br \/>\n<strong>Title<\/strong>: <em>&#8220;Photophysics of Thioxanthone&#8221;<\/em><\/li>\n<li>Teresa Climent<\/li>\n<\/ul>\n<\/li>\n<li><strong>Congress<\/strong>:<em> Molecular Quantum Mechanics: The No Nonsense Path to Progress<br \/>\nCambridge University<br \/>\nCambrige, UK, July 24-29 2004.<br \/>\n<\/em><strong>Participants<\/strong>:<\/p>\n<ul>\n<li>Mercedes Rubio, Poster<br \/>\n<strong>Title<\/strong>:<em>&#8220;Photophysics of Terthiophene Triplet States&#8221;<\/em><\/li>\n<li>Luis Serrano-Andr\u00e9s, Poster<br \/>\n<strong>Title<\/strong>:<em>&#8220;A Combined Theoretical and Experimental Study of the Photophysics of Asumlam&#8221;<\/em><\/li>\n<\/ul>\n<\/li>\n<li><em><strong>Congress<\/strong>: XXX Congresso de Qu\u00edmicos Te\u00f3ricos de Express (QUITEL)<br \/>\nUniversidade de Porto<br \/>\nPorto, Portugal,8th-12th September, 2004.<br \/>\n<a href=\"http:\/\/www.requimte.pt\/quitel\/\">Webpage<\/a><br \/>\n<strong>Participant<\/strong>: Luis Serrano-Andr\u00e9s, Conference<br \/>\n<strong>Title<\/strong>:&#8221;Quantum Chemistry of the Excited State: 2005 Overview&#8221;<\/em><\/li>\n<li><em><strong>Working Meeting<\/strong>: 1st Meeting Working Group 4, COST Action P9 on Radiation Damage<br \/>\nUniversit\u00e0 Libre de Bruxelles<br \/>\nBruxelles, Belgium, 30th October, 2004<br \/>\n<a href=\"http:\/\/www.isa.au.dk\/cost\/home.html\">Webpage<\/a><br \/>\n<strong>Participant<\/strong>: Luis Serrano-Andr\u00e9s, Conference<br \/>\n<strong>Title<\/strong>: &#8220;Population of the Triplet State in Singlet Excited Cytosine&#8221;<\/em><\/li>\n<li><em><strong>Conference<\/strong>: Department of Physical Chemistry<br \/>\nUniversidade da Coru\u00f1a<br \/>\nA Coru\u00f1a, Spain,11th December, 2004.<br \/>\n<strong>Participant<\/strong>: Luis Serrano-Andr\u00e9s, Conference<br \/>\n<strong>Title<\/strong>:&#8221;Theoretical Photophysics and Photochemistry Today&#8221;<\/em><\/li>\n<\/ul>\n","protected":false},"excerpt":{"rendered":"<p>List of QCEXVAL contributions in 2004 Course:&#8220;Qu\u00edmica Te\u00f3rica y Computacional&#8221; Universitat de Girona, Spain 19th January &#8211; 14th February, 2004 National Spanish Ph. D. Program Webpage of Dr. Miquel Sol\u00e0 Participant: Luis Serrano-Andr\u00e9s, Lecturer Title: &#8220;Estudio Te\u00f3rico de Estados Excitados&#8221; (9th-14th February) Congress: RADAM04, 1st Meeting COST Action P9 on Radiation Damage Institute National de Physique Nucl\u00ef\u00bf\u00bdaire et de Physique des Particules Lyon, France, 24th-27th June, 2004 Webpage Participant: Luis Serrano-Andr\u00e9s, Conference Title: &#8220;Ultrafast Internal Conversion Channels in Excited Cytosine&#8221; Congress: III Congreso Ib\u00e9rico de Espectroscopia Universidad de Las Palmas Las Palmas de Gran Canaria, Spain, 4th-9th July, 2004. Webp age Participant: Luis Serrano-Andr\u00e9s, Conference Title:&#8220;Quantum Chemistry of the Excited<\/p>\n<div class=\"wst-more-wrap\"><a class=\"more-link\" href=\"http:\/\/qcexval.uv.es\/?page_id=133\"><span>Read More<\/span><\/a><\/div>\n<p> <a class=\"more-link\" href=\"http:\/\/qcexval.uv.es\/?page_id=133\">Read more<\/a><\/p>\n","protected":false},"author":1,"featured_media":0,"parent":131,"menu_order":0,"comment_status":"closed","ping_status":"closed","template":"","meta":{"footnotes":""},"yoast_head":"<!-- This site is optimized with the Yoast SEO plugin v21.8 - https:\/\/yoast.com\/wordpress\/plugins\/seo\/ -->\n<title>2004 - QCEXVAL<\/title>\n<meta name=\"robots\" content=\"index, follow, max-snippet:-1, max-image-preview:large, max-video-preview:-1\" \/>\n<link rel=\"canonical\" href=\"http:\/\/qcexval.uv.es\/?page_id=133\" \/>\n<meta property=\"og:locale\" content=\"en_US\" \/>\n<meta property=\"og:type\" content=\"article\" \/>\n<meta property=\"og:title\" content=\"2004 - QCEXVAL\" \/>\n<meta property=\"og:description\" content=\"List of QCEXVAL contributions in 2004 Course:&#8220;Qu\u00edmica Te\u00f3rica y Computacional&#8221; Universitat de Girona, Spain 19th January &#8211; 14th February, 2004 National Spanish Ph. D. Program Webpage of Dr. Miquel Sol\u00e0 Participant: Luis Serrano-Andr\u00e9s, Lecturer Title: &#8220;Estudio Te\u00f3rico de Estados Excitados&#8221; (9th-14th February) Congress: RADAM04, 1st Meeting COST Action P9 on Radiation Damage Institute National de Physique Nucl\u00ef\u00bf\u00bdaire et de Physique des Particules Lyon, France, 24th-27th June, 2004 Webpage Participant: Luis Serrano-Andr\u00e9s, Conference Title: &#8220;Ultrafast Internal Conversion Channels in Excited Cytosine&#8221; Congress: III Congreso Ib\u00e9rico de Espectroscopia Universidad de Las Palmas Las Palmas de Gran Canaria, Spain, 4th-9th July, 2004. Webp age Participant: Luis Serrano-Andr\u00e9s, Conference Title:&#8220;Quantum Chemistry of the ExcitedRead More\" \/>\n<meta property=\"og:url\" content=\"http:\/\/qcexval.uv.es\/?page_id=133\" \/>\n<meta property=\"og:site_name\" content=\"QCEXVAL\" \/>\n<meta property=\"article:modified_time\" content=\"2021-04-19T17:28:27+00:00\" \/>\n<meta name=\"twitter:card\" content=\"summary_large_image\" \/>\n<meta name=\"twitter:site\" content=\"@qcexval\" \/>\n<meta name=\"twitter:label1\" content=\"Est. reading time\" \/>\n\t<meta name=\"twitter:data1\" content=\"2 minutes\" \/>\n<script type=\"application\/ld+json\" class=\"yoast-schema-graph\">{\"@context\":\"https:\/\/schema.org\",\"@graph\":[{\"@type\":\"WebPage\",\"@id\":\"http:\/\/qcexval.uv.es\/?page_id=133\",\"url\":\"http:\/\/qcexval.uv.es\/?page_id=133\",\"name\":\"2004 - QCEXVAL\",\"isPartOf\":{\"@id\":\"http:\/\/qcexval.uv.es\/#website\"},\"datePublished\":\"2016-09-26T16:07:37+00:00\",\"dateModified\":\"2021-04-19T17:28:27+00:00\",\"breadcrumb\":{\"@id\":\"http:\/\/qcexval.uv.es\/?page_id=133#breadcrumb\"},\"inLanguage\":\"en-US\",\"potentialAction\":[{\"@type\":\"ReadAction\",\"target\":[\"http:\/\/qcexval.uv.es\/?page_id=133\"]}]},{\"@type\":\"BreadcrumbList\",\"@id\":\"http:\/\/qcexval.uv.es\/?page_id=133#breadcrumb\",\"itemListElement\":[{\"@type\":\"ListItem\",\"position\":1,\"name\":\"Home\",\"item\":\"http:\/\/qcexval.uv.es\/\"},{\"@type\":\"ListItem\",\"position\":2,\"name\":\"Conferences and courses\",\"item\":\"http:\/\/qcexval.uv.es\/?page_id=131\"},{\"@type\":\"ListItem\",\"position\":3,\"name\":\"2004\"}]},{\"@type\":\"WebSite\",\"@id\":\"http:\/\/qcexval.uv.es\/#website\",\"url\":\"http:\/\/qcexval.uv.es\/\",\"name\":\"QCEXVAL\",\"description\":\"The Excited State Quantum Chemistry Group\",\"publisher\":{\"@id\":\"http:\/\/qcexval.uv.es\/#organization\"},\"potentialAction\":[{\"@type\":\"SearchAction\",\"target\":{\"@type\":\"EntryPoint\",\"urlTemplate\":\"http:\/\/qcexval.uv.es\/?s={search_term_string}\"},\"query-input\":\"required name=search_term_string\"}],\"inLanguage\":\"en-US\"},{\"@type\":\"Organization\",\"@id\":\"http:\/\/qcexval.uv.es\/#organization\",\"name\":\"QCEXVAL\",\"url\":\"http:\/\/qcexval.uv.es\/\",\"logo\":{\"@type\":\"ImageObject\",\"inLanguage\":\"en-US\",\"@id\":\"http:\/\/qcexval.uv.es\/#\/schema\/logo\/image\/\",\"url\":\"http:\/\/qcexval.uv.es\/wp-content\/uploads\/2021\/03\/cropped-Logo4.3-1.jpg\",\"contentUrl\":\"http:\/\/qcexval.uv.es\/wp-content\/uploads\/2021\/03\/cropped-Logo4.3-1.jpg\",\"width\":512,\"height\":512,\"caption\":\"QCEXVAL\"},\"image\":{\"@id\":\"http:\/\/qcexval.uv.es\/#\/schema\/logo\/image\/\"},\"sameAs\":[\"https:\/\/twitter.com\/qcexval\"]}]}<\/script>\n<!-- \/ Yoast SEO plugin. -->","yoast_head_json":{"title":"2004 - QCEXVAL","robots":{"index":"index","follow":"follow","max-snippet":"max-snippet:-1","max-image-preview":"max-image-preview:large","max-video-preview":"max-video-preview:-1"},"canonical":"http:\/\/qcexval.uv.es\/?page_id=133","og_locale":"en_US","og_type":"article","og_title":"2004 - QCEXVAL","og_description":"List of QCEXVAL contributions in 2004 Course:&#8220;Qu\u00edmica Te\u00f3rica y Computacional&#8221; Universitat de Girona, Spain 19th January &#8211; 14th February, 2004 National Spanish Ph. D. Program Webpage of Dr. Miquel Sol\u00e0 Participant: Luis Serrano-Andr\u00e9s, Lecturer Title: &#8220;Estudio Te\u00f3rico de Estados Excitados&#8221; (9th-14th February) Congress: RADAM04, 1st Meeting COST Action P9 on Radiation Damage Institute National de Physique Nucl\u00ef\u00bf\u00bdaire et de Physique des Particules Lyon, France, 24th-27th June, 2004 Webpage Participant: Luis Serrano-Andr\u00e9s, Conference Title: &#8220;Ultrafast Internal Conversion Channels in Excited Cytosine&#8221; Congress: III Congreso Ib\u00e9rico de Espectroscopia Universidad de Las Palmas Las Palmas de Gran Canaria, Spain, 4th-9th July, 2004. Webp age Participant: Luis Serrano-Andr\u00e9s, Conference Title:&#8220;Quantum Chemistry of the ExcitedRead More","og_url":"http:\/\/qcexval.uv.es\/?page_id=133","og_site_name":"QCEXVAL","article_modified_time":"2021-04-19T17:28:27+00:00","twitter_card":"summary_large_image","twitter_site":"@qcexval","twitter_misc":{"Est. reading time":"2 minutes"},"schema":{"@context":"https:\/\/schema.org","@graph":[{"@type":"WebPage","@id":"http:\/\/qcexval.uv.es\/?page_id=133","url":"http:\/\/qcexval.uv.es\/?page_id=133","name":"2004 - QCEXVAL","isPartOf":{"@id":"http:\/\/qcexval.uv.es\/#website"},"datePublished":"2016-09-26T16:07:37+00:00","dateModified":"2021-04-19T17:28:27+00:00","breadcrumb":{"@id":"http:\/\/qcexval.uv.es\/?page_id=133#breadcrumb"},"inLanguage":"en-US","potentialAction":[{"@type":"ReadAction","target":["http:\/\/qcexval.uv.es\/?page_id=133"]}]},{"@type":"BreadcrumbList","@id":"http:\/\/qcexval.uv.es\/?page_id=133#breadcrumb","itemListElement":[{"@type":"ListItem","position":1,"name":"Home","item":"http:\/\/qcexval.uv.es\/"},{"@type":"ListItem","position":2,"name":"Conferences and courses","item":"http:\/\/qcexval.uv.es\/?page_id=131"},{"@type":"ListItem","position":3,"name":"2004"}]},{"@type":"WebSite","@id":"http:\/\/qcexval.uv.es\/#website","url":"http:\/\/qcexval.uv.es\/","name":"QCEXVAL","description":"The Excited State Quantum Chemistry Group","publisher":{"@id":"http:\/\/qcexval.uv.es\/#organization"},"potentialAction":[{"@type":"SearchAction","target":{"@type":"EntryPoint","urlTemplate":"http:\/\/qcexval.uv.es\/?s={search_term_string}"},"query-input":"required name=search_term_string"}],"inLanguage":"en-US"},{"@type":"Organization","@id":"http:\/\/qcexval.uv.es\/#organization","name":"QCEXVAL","url":"http:\/\/qcexval.uv.es\/","logo":{"@type":"ImageObject","inLanguage":"en-US","@id":"http:\/\/qcexval.uv.es\/#\/schema\/logo\/image\/","url":"http:\/\/qcexval.uv.es\/wp-content\/uploads\/2021\/03\/cropped-Logo4.3-1.jpg","contentUrl":"http:\/\/qcexval.uv.es\/wp-content\/uploads\/2021\/03\/cropped-Logo4.3-1.jpg","width":512,"height":512,"caption":"QCEXVAL"},"image":{"@id":"http:\/\/qcexval.uv.es\/#\/schema\/logo\/image\/"},"sameAs":["https:\/\/twitter.com\/qcexval"]}]}},"_links":{"self":[{"href":"http:\/\/qcexval.uv.es\/index.php?rest_route=\/wp\/v2\/pages\/133"}],"collection":[{"href":"http:\/\/qcexval.uv.es\/index.php?rest_route=\/wp\/v2\/pages"}],"about":[{"href":"http:\/\/qcexval.uv.es\/index.php?rest_route=\/wp\/v2\/types\/page"}],"author":[{"embeddable":true,"href":"http:\/\/qcexval.uv.es\/index.php?rest_route=\/wp\/v2\/users\/1"}],"replies":[{"embeddable":true,"href":"http:\/\/qcexval.uv.es\/index.php?rest_route=%2Fwp%2Fv2%2Fcomments&post=133"}],"version-history":[{"count":2,"href":"http:\/\/qcexval.uv.es\/index.php?rest_route=\/wp\/v2\/pages\/133\/revisions"}],"predecessor-version":[{"id":1313,"href":"http:\/\/qcexval.uv.es\/index.php?rest_route=\/wp\/v2\/pages\/133\/revisions\/1313"}],"up":[{"embeddable":true,"href":"http:\/\/qcexval.uv.es\/index.php?rest_route=\/wp\/v2\/pages\/131"}],"wp:attachment":[{"href":"http:\/\/qcexval.uv.es\/index.php?rest_route=%2Fwp%2Fv2%2Fmedia&parent=133"}],"curies":[{"name":"wp","href":"https:\/\/api.w.org\/{rel}","templated":true}]}}