{"id":138,"date":"2016-09-26T16:16:31","date_gmt":"2016-09-26T16:16:31","guid":{"rendered":"http:\/\/qcexval.uv.es\/?page_id=138"},"modified":"2021-04-19T17:27:35","modified_gmt":"2021-04-19T17:27:35","slug":"2006-2","status":"publish","type":"page","link":"http:\/\/qcexval.uv.es\/?page_id=138","title":{"rendered":"2006"},"content":{"rendered":"<h2>List of QCEXVAL contributions in 2006<\/h2>\n<ul>\n<li><strong><em>Conference<\/em><\/strong><em>:&#8221;C\u00f3mo la Teor\u00eda Puede Cambiar Paradigmas: Qu\u00edmica Cu\u00e1ntica, Intersecciones C\u00f3nicas y Fotoqu\u00edmica&#8221;<br \/>\nInstituto de Qu\u00edmica F\u00edsica Rocasolano, Consejo Superior de Investigaciones Cient\u00edficas<br \/>\nMadrid, Spain, 24th January, 2006<br \/>\n<strong>Participant<\/strong>: Luis Serrano-Andr\u00e9s, Conference<br \/>\n<\/em><\/li>\n<li><em><strong>Course<\/strong>:&#8221;Qu\u00edmica Te\u00f3rica y Computacional&#8221;<br \/>\nUniversitat Rovira i Virgili, Tarragona, Spain<br \/>\n16th January &#8211; 11th February, 2006<br \/>\nNational Spanish Ph. D. Program<br \/>\n<strong>Participant<\/strong>: Luis Serrano-Andr\u00e9s, Lecturer<br \/>\n<strong>Title<\/strong>: &#8220;Estudio Te\u00f3rico de Estados Excitados&#8221; (6th-11th February)<\/em><\/li>\n<li><em><strong>Course<\/strong>:&#8221;Qu\u00edmica Cu\u00e1ntica&#8221;<br \/>\nUniversitat de Val\u00e8ncia, Spain<br \/>\nFebruary &#8211; May, 2006<br \/>\n<strong>Participant<\/strong>: Manuela Merch\u00e1n, Lecturer <\/em><\/li>\n<li><em><strong>Congress<\/strong>: XXIst IUPAC Symposium on Photochemistry<br \/>\nKyoto University<br \/>\nKyoto, Japan, 2nd-7th April, 2006<br \/>\n<\/em><em><a href=\"http:\/\/www.pac.ne.jp\/photoiupac2006\/index.html\">Webpage<\/a><br \/>\n<strong>Participant<\/strong>: Luis Serrano-Andr\u00e9s, Poster<br \/>\n<strong>Title<\/strong>: &#8220;Adenine and 2-Aminopurine: Paradigms of Modern Theoretical Photochemistry&#8221; <\/em><\/li>\n<li><em><strong>Conference<\/strong>:&#8221;How Theory Can Change Paradigms: Quantum Chemistry, Conical Intersections, and Photochemistry&#8221;<br \/>\nDepartment of Synthetic and Biological Chemistry, University of Kyoto, Japan<br \/>\nKyoto, 7th April, 2006<br \/>\n<strong>Participant<\/strong>: Luis Serrano-Andr\u00e9s, Conference <\/em><\/li>\n<li><em><strong>Course<\/strong>:Training WorkShop on the Use of MOLCAS<br \/>\nOrganized by Universitat de Val\u00e8ncia, Spain, and University of Lund, Sweden<br \/>\nValencia, Spain, 19th April &#8211; 23rd April, 2006<br \/>\n<strong>Teachers from Valencia<\/strong>: Luis Serrano-Andr\u00e9s<br \/>\n<strong>Teachers from Lund<\/strong>: B. O. Roos, R. Lindh, P. A. Malmqvist, V. Veriazov<br \/>\n<a href=\"http:\/\/www.teokem.lu.se\/molcas\/wsh\">Webpage<\/a> <\/em><\/li>\n<li><em><strong>Congress<\/strong>: XIIth International Conference in Quantum Chemistry, XIIth ICQC<br \/>\nUniversity of Kyoto<br \/>\nKyoto, Japan, 21st-26th May, 2006<br \/>\n<a href=\"http:\/\/www.sbchem.kyoto-u.ac.jp\/XII-%20ICQC2006\/\">Webpage<\/a><br \/>\n<strong>Participant<\/strong>: Ingo Barth, Leticia Gonz\u00e1lez, J \u00ef\u00bf\u00bdrn Manz, Guennaddi Paramonov, Luis Serrano-Andr\u00e9s, Yasuteru Shigeta, and Kiyoshi Yagi, Poster<br \/>\n<strong>Title<\/strong>: &#8220;Electronic Ring Currents and Electron Circulations Driven by Circularly Polarized Few Cycle Laser Pulses&#8221; <\/em><\/li>\n<li><em><strong>Congress<\/strong>: RADAM06, 3rd Meeting COST Action P9 on Radiation Damage<br \/>\nRijksuniversiteit Groningen<br \/>\nGroningen, The Netherlands, 6th-9th June, 2006<br \/>\n<a href=\"http:\/\/www.kvi.nl\/~atf\/radam06\/radam06.html\">Webpage<\/a><br \/>\n<strong>Participant<\/strong>: Luis Serrano-Andr\u00e9s, Tutorial Conference<br \/>\n<strong>Title<\/strong>: &#8220;Quantum Chemistry and Biological Systems&#8221; <\/em><\/li>\n<li><em><strong>Course<\/strong>: 9th Sostrup Summer School: Quantum Chemistry and Molecular Properties<br \/>\nUniversities of Aarhus, Denmark, and Oslo, Norway<br \/>\nSostrup, Denmark, 25th June &#8211; 7th July, 2006.<br \/>\n<a href=\"http:\/\/www.chem.au.dk\/~teo\/mainmenu\/Summerschool.html\">Webpage<\/a><br \/>\n<strong>Participants<\/strong>:<\/em><\/p>\n<ul>\n<li>Gloria Olaso-Gonz\u00e1lez<\/li>\n<li>Daniel Roca-Sanju\u00e1n<\/li>\n<li>Juan Jos\u00e9 Serrano-P\u00e9rez<\/li>\n<\/ul>\n<\/li>\n<li><em><strong>Congress<\/strong>: Electronic Structure: Principles and Applications, ESPA2006<br \/>\nUniversidade de Santiago de Compostela<br \/>\nSantiago de Compostela, Espa\u00f1a, 18th-21st July, 2006<br \/>\n<a href=\"http:\/\/www.usc.es\/gdrq\/ESPA2006\/index.htm\">Webpage<\/a><br \/>\n<strong>Participants<\/strong>:<\/em><\/p>\n<ul>\n<li>Gloria Olaso-Gonz\u00e1lez, Poster<br \/>\n<strong>Title<\/strong>:<em>&#8220;Toward an Understanding of Ultrafast Electron Transfer in Photosynthesis&#8221;<\/em><\/li>\n<li><em>Juan Jos\u00e9 Serrano-P\u00e9rez, Poster<br \/>\n<strong>Title<\/strong>:&#8221;Effective Population Mechanism of the Lowest Triplet State in Psoralens&#8221;<\/em><\/li>\n<\/ul>\n<\/li>\n<li><em><strong>Conference<\/strong>: Quantum Chemistry and Modern Photochemistry: DNA Nucleobases and the Conical Intersection Concept<br \/>\nInstituto de F\u00edsica, Universidade de Sao Paulo, Brazil<br \/>\nSao Paulo, Brazil, 11th August, 2006<br \/>\nInstituto de Qu\u00edmica, Universidade de Sao Paulo, Brazil<br \/>\nSao Paulo, Brazil, 16th August, 2006<br \/>\n<strong>Participant<\/strong>: Luis Serrano-Andr\u00e9s, Conference <\/em><\/li>\n<li><em><strong>Course<\/strong>: Ab Initio Multiconfigurational Methods: Introduction and Recent Applications<br \/>\nOrganized by Universidade de Sao Paulo, Brazil<br \/>\nSao Paulo, Brazil, 21th August &#8211; 25rd August, 2006<br \/>\n<strong>Teachers from Valencia<\/strong>: Luis Serrano-Andr\u00e9s<br \/>\n<strong>Teachers from Lund<\/strong>: B. O. Roos, R. Lindh<br \/>\n<a href=\"http:\/\/www.usp.br\/massa\/disciplinas\/qfl5608\">Webpage<\/a> <\/em><\/li>\n<li><em><strong>Congress<\/strong>: 1st European Chemistry Congress<br \/>\nEuropean Association for Chemical and Molecular Sciences, EuCheMS<br \/>\nBudapest, Hungary, 27th-31st August, 2006.<br \/>\n<a href=\"http:\/\/www.euchems-budapest2006.hu\/\">Webpage<\/a><br \/>\n<strong>Participant<\/strong>: Josep M. Oliva y Luis Serrano-Andr\u00e9s, Poster<br \/>\n<strong>Title<\/strong>: &#8220;Electronic Properties of Diradical Carborane Dimers&#8221; <\/em><\/li>\n<li><em><strong>Congress<\/strong>: 8th Iberian Joint Meeting on Atomic and Molecular Physics, IBER 2006<br \/>\nReal Sociedad Espa\u00f1ola de F\u00edsica<br \/>\nAranjuez, Spain, 1st-4th September, 2006.<br \/>\n<a href=\"http:\/\/www.ucm.es\/info\/rsef\/iber2006\/\">Webpage<\/a><br \/>\n<strong>Participant<\/strong>: Luis Serrano-Andr\u00e9s, Invited Conference<br \/>\n<strong>Title<\/strong>: &#8220;Quantum Chemistry and Biomolecules: Photoreactivity in DNA\/RNA Nucleobases&#8221; <\/em><\/li>\n<li><em><strong>Conference<\/strong>:&#8221;Quantum Chemistry and Photobiology&#8221;<br \/>\nDepartamento de Qu\u00edmica F\u00edsica, Universidad del Pa\u00eds Vasco, Bilbao Spain<br \/>\nBilbao, 2nd November, 2006<br \/>\n<strong>Participant<\/strong>: Manuela Merch\u00e1n, Conference<\/em><\/li>\n<\/ul>\n","protected":false},"excerpt":{"rendered":"<p>List of QCEXVAL contributions in 2006 Conference:&#8221;C\u00f3mo la Teor\u00eda Puede Cambiar Paradigmas: Qu\u00edmica Cu\u00e1ntica, Intersecciones C\u00f3nicas y Fotoqu\u00edmica&#8221; Instituto de Qu\u00edmica F\u00edsica Rocasolano, Consejo Superior de Investigaciones Cient\u00edficas Madrid, Spain, 24th January, 2006 Participant: Luis Serrano-Andr\u00e9s, Conference Course:&#8221;Qu\u00edmica Te\u00f3rica y Computacional&#8221; Universitat Rovira i Virgili, Tarragona, Spain 16th January &#8211; 11th February, 2006 National Spanish Ph. D. Program Participant: Luis Serrano-Andr\u00e9s, Lecturer Title: &#8220;Estudio Te\u00f3rico de Estados Excitados&#8221; (6th-11th February) Course:&#8221;Qu\u00edmica Cu\u00e1ntica&#8221; Universitat de Val\u00e8ncia, Spain February &#8211; May, 2006 Participant: Manuela Merch\u00e1n, Lecturer Congress: XXIst IUPAC Symposium on Photochemistry Kyoto University Kyoto, Japan, 2nd-7th April, 2006 Webpage Participant: Luis Serrano-Andr\u00e9s, Poster Title: &#8220;Adenine and 2-Aminopurine: Paradigms of Modern Theoretical<\/p>\n<div class=\"wst-more-wrap\"><a class=\"more-link\" href=\"http:\/\/qcexval.uv.es\/?page_id=138\"><span>Read More<\/span><\/a><\/div>\n<p> <a class=\"more-link\" href=\"http:\/\/qcexval.uv.es\/?page_id=138\">Read more<\/a><\/p>\n","protected":false},"author":1,"featured_media":0,"parent":131,"menu_order":0,"comment_status":"closed","ping_status":"closed","template":"","meta":{"footnotes":""},"yoast_head":"<!-- This site is optimized with the Yoast SEO plugin v21.8 - https:\/\/yoast.com\/wordpress\/plugins\/seo\/ -->\n<title>2006 - QCEXVAL<\/title>\n<meta name=\"robots\" content=\"index, follow, max-snippet:-1, max-image-preview:large, max-video-preview:-1\" \/>\n<link rel=\"canonical\" href=\"http:\/\/qcexval.uv.es\/?page_id=138\" \/>\n<meta property=\"og:locale\" content=\"en_US\" \/>\n<meta property=\"og:type\" content=\"article\" \/>\n<meta property=\"og:title\" content=\"2006 - QCEXVAL\" \/>\n<meta property=\"og:description\" content=\"List of QCEXVAL contributions in 2006 Conference:&#8221;C\u00f3mo la Teor\u00eda Puede Cambiar Paradigmas: Qu\u00edmica Cu\u00e1ntica, Intersecciones C\u00f3nicas y Fotoqu\u00edmica&#8221; Instituto de Qu\u00edmica F\u00edsica Rocasolano, Consejo Superior de Investigaciones Cient\u00edficas Madrid, Spain, 24th January, 2006 Participant: Luis Serrano-Andr\u00e9s, Conference Course:&#8221;Qu\u00edmica Te\u00f3rica y Computacional&#8221; Universitat Rovira i Virgili, Tarragona, Spain 16th January &#8211; 11th February, 2006 National Spanish Ph. D. Program Participant: Luis Serrano-Andr\u00e9s, Lecturer Title: &#8220;Estudio Te\u00f3rico de Estados Excitados&#8221; (6th-11th February) Course:&#8221;Qu\u00edmica Cu\u00e1ntica&#8221; Universitat de Val\u00e8ncia, Spain February &#8211; May, 2006 Participant: Manuela Merch\u00e1n, Lecturer Congress: XXIst IUPAC Symposium on Photochemistry Kyoto University Kyoto, Japan, 2nd-7th April, 2006 Webpage Participant: Luis Serrano-Andr\u00e9s, Poster Title: &#8220;Adenine and 2-Aminopurine: Paradigms of Modern TheoreticalRead More\" \/>\n<meta property=\"og:url\" content=\"http:\/\/qcexval.uv.es\/?page_id=138\" \/>\n<meta property=\"og:site_name\" content=\"QCEXVAL\" \/>\n<meta property=\"article:modified_time\" content=\"2021-04-19T17:27:35+00:00\" \/>\n<meta name=\"twitter:card\" content=\"summary_large_image\" \/>\n<meta name=\"twitter:site\" content=\"@qcexval\" \/>\n<meta name=\"twitter:label1\" content=\"Est. reading time\" \/>\n\t<meta name=\"twitter:data1\" content=\"3 minutes\" \/>\n<script type=\"application\/ld+json\" class=\"yoast-schema-graph\">{\"@context\":\"https:\/\/schema.org\",\"@graph\":[{\"@type\":\"WebPage\",\"@id\":\"http:\/\/qcexval.uv.es\/?page_id=138\",\"url\":\"http:\/\/qcexval.uv.es\/?page_id=138\",\"name\":\"2006 - QCEXVAL\",\"isPartOf\":{\"@id\":\"http:\/\/qcexval.uv.es\/#website\"},\"datePublished\":\"2016-09-26T16:16:31+00:00\",\"dateModified\":\"2021-04-19T17:27:35+00:00\",\"breadcrumb\":{\"@id\":\"http:\/\/qcexval.uv.es\/?page_id=138#breadcrumb\"},\"inLanguage\":\"en-US\",\"potentialAction\":[{\"@type\":\"ReadAction\",\"target\":[\"http:\/\/qcexval.uv.es\/?page_id=138\"]}]},{\"@type\":\"BreadcrumbList\",\"@id\":\"http:\/\/qcexval.uv.es\/?page_id=138#breadcrumb\",\"itemListElement\":[{\"@type\":\"ListItem\",\"position\":1,\"name\":\"Home\",\"item\":\"http:\/\/qcexval.uv.es\/\"},{\"@type\":\"ListItem\",\"position\":2,\"name\":\"Conferences and courses\",\"item\":\"http:\/\/qcexval.uv.es\/?page_id=131\"},{\"@type\":\"ListItem\",\"position\":3,\"name\":\"2006\"}]},{\"@type\":\"WebSite\",\"@id\":\"http:\/\/qcexval.uv.es\/#website\",\"url\":\"http:\/\/qcexval.uv.es\/\",\"name\":\"QCEXVAL\",\"description\":\"The Excited State Quantum Chemistry Group\",\"publisher\":{\"@id\":\"http:\/\/qcexval.uv.es\/#organization\"},\"potentialAction\":[{\"@type\":\"SearchAction\",\"target\":{\"@type\":\"EntryPoint\",\"urlTemplate\":\"http:\/\/qcexval.uv.es\/?s={search_term_string}\"},\"query-input\":\"required name=search_term_string\"}],\"inLanguage\":\"en-US\"},{\"@type\":\"Organization\",\"@id\":\"http:\/\/qcexval.uv.es\/#organization\",\"name\":\"QCEXVAL\",\"url\":\"http:\/\/qcexval.uv.es\/\",\"logo\":{\"@type\":\"ImageObject\",\"inLanguage\":\"en-US\",\"@id\":\"http:\/\/qcexval.uv.es\/#\/schema\/logo\/image\/\",\"url\":\"http:\/\/qcexval.uv.es\/wp-content\/uploads\/2021\/03\/cropped-Logo4.3-1.jpg\",\"contentUrl\":\"http:\/\/qcexval.uv.es\/wp-content\/uploads\/2021\/03\/cropped-Logo4.3-1.jpg\",\"width\":512,\"height\":512,\"caption\":\"QCEXVAL\"},\"image\":{\"@id\":\"http:\/\/qcexval.uv.es\/#\/schema\/logo\/image\/\"},\"sameAs\":[\"https:\/\/twitter.com\/qcexval\"]}]}<\/script>\n<!-- \/ Yoast SEO plugin. -->","yoast_head_json":{"title":"2006 - QCEXVAL","robots":{"index":"index","follow":"follow","max-snippet":"max-snippet:-1","max-image-preview":"max-image-preview:large","max-video-preview":"max-video-preview:-1"},"canonical":"http:\/\/qcexval.uv.es\/?page_id=138","og_locale":"en_US","og_type":"article","og_title":"2006 - QCEXVAL","og_description":"List of QCEXVAL contributions in 2006 Conference:&#8221;C\u00f3mo la Teor\u00eda Puede Cambiar Paradigmas: Qu\u00edmica Cu\u00e1ntica, Intersecciones C\u00f3nicas y Fotoqu\u00edmica&#8221; Instituto de Qu\u00edmica F\u00edsica Rocasolano, Consejo Superior de Investigaciones Cient\u00edficas Madrid, Spain, 24th January, 2006 Participant: Luis Serrano-Andr\u00e9s, Conference Course:&#8221;Qu\u00edmica Te\u00f3rica y Computacional&#8221; Universitat Rovira i Virgili, Tarragona, Spain 16th January &#8211; 11th February, 2006 National Spanish Ph. D. Program Participant: Luis Serrano-Andr\u00e9s, Lecturer Title: &#8220;Estudio Te\u00f3rico de Estados Excitados&#8221; (6th-11th February) Course:&#8221;Qu\u00edmica Cu\u00e1ntica&#8221; Universitat de Val\u00e8ncia, Spain February &#8211; May, 2006 Participant: Manuela Merch\u00e1n, Lecturer Congress: XXIst IUPAC Symposium on Photochemistry Kyoto University Kyoto, Japan, 2nd-7th April, 2006 Webpage Participant: Luis Serrano-Andr\u00e9s, Poster Title: &#8220;Adenine and 2-Aminopurine: Paradigms of Modern TheoreticalRead More","og_url":"http:\/\/qcexval.uv.es\/?page_id=138","og_site_name":"QCEXVAL","article_modified_time":"2021-04-19T17:27:35+00:00","twitter_card":"summary_large_image","twitter_site":"@qcexval","twitter_misc":{"Est. reading time":"3 minutes"},"schema":{"@context":"https:\/\/schema.org","@graph":[{"@type":"WebPage","@id":"http:\/\/qcexval.uv.es\/?page_id=138","url":"http:\/\/qcexval.uv.es\/?page_id=138","name":"2006 - QCEXVAL","isPartOf":{"@id":"http:\/\/qcexval.uv.es\/#website"},"datePublished":"2016-09-26T16:16:31+00:00","dateModified":"2021-04-19T17:27:35+00:00","breadcrumb":{"@id":"http:\/\/qcexval.uv.es\/?page_id=138#breadcrumb"},"inLanguage":"en-US","potentialAction":[{"@type":"ReadAction","target":["http:\/\/qcexval.uv.es\/?page_id=138"]}]},{"@type":"BreadcrumbList","@id":"http:\/\/qcexval.uv.es\/?page_id=138#breadcrumb","itemListElement":[{"@type":"ListItem","position":1,"name":"Home","item":"http:\/\/qcexval.uv.es\/"},{"@type":"ListItem","position":2,"name":"Conferences and courses","item":"http:\/\/qcexval.uv.es\/?page_id=131"},{"@type":"ListItem","position":3,"name":"2006"}]},{"@type":"WebSite","@id":"http:\/\/qcexval.uv.es\/#website","url":"http:\/\/qcexval.uv.es\/","name":"QCEXVAL","description":"The Excited State Quantum Chemistry Group","publisher":{"@id":"http:\/\/qcexval.uv.es\/#organization"},"potentialAction":[{"@type":"SearchAction","target":{"@type":"EntryPoint","urlTemplate":"http:\/\/qcexval.uv.es\/?s={search_term_string}"},"query-input":"required name=search_term_string"}],"inLanguage":"en-US"},{"@type":"Organization","@id":"http:\/\/qcexval.uv.es\/#organization","name":"QCEXVAL","url":"http:\/\/qcexval.uv.es\/","logo":{"@type":"ImageObject","inLanguage":"en-US","@id":"http:\/\/qcexval.uv.es\/#\/schema\/logo\/image\/","url":"http:\/\/qcexval.uv.es\/wp-content\/uploads\/2021\/03\/cropped-Logo4.3-1.jpg","contentUrl":"http:\/\/qcexval.uv.es\/wp-content\/uploads\/2021\/03\/cropped-Logo4.3-1.jpg","width":512,"height":512,"caption":"QCEXVAL"},"image":{"@id":"http:\/\/qcexval.uv.es\/#\/schema\/logo\/image\/"},"sameAs":["https:\/\/twitter.com\/qcexval"]}]}},"_links":{"self":[{"href":"http:\/\/qcexval.uv.es\/index.php?rest_route=\/wp\/v2\/pages\/138"}],"collection":[{"href":"http:\/\/qcexval.uv.es\/index.php?rest_route=\/wp\/v2\/pages"}],"about":[{"href":"http:\/\/qcexval.uv.es\/index.php?rest_route=\/wp\/v2\/types\/page"}],"author":[{"embeddable":true,"href":"http:\/\/qcexval.uv.es\/index.php?rest_route=\/wp\/v2\/users\/1"}],"replies":[{"embeddable":true,"href":"http:\/\/qcexval.uv.es\/index.php?rest_route=%2Fwp%2Fv2%2Fcomments&post=138"}],"version-history":[{"count":3,"href":"http:\/\/qcexval.uv.es\/index.php?rest_route=\/wp\/v2\/pages\/138\/revisions"}],"predecessor-version":[{"id":1524,"href":"http:\/\/qcexval.uv.es\/index.php?rest_route=\/wp\/v2\/pages\/138\/revisions\/1524"}],"up":[{"embeddable":true,"href":"http:\/\/qcexval.uv.es\/index.php?rest_route=\/wp\/v2\/pages\/131"}],"wp:attachment":[{"href":"http:\/\/qcexval.uv.es\/index.php?rest_route=%2Fwp%2Fv2%2Fmedia&parent=138"}],"curies":[{"name":"wp","href":"https:\/\/api.w.org\/{rel}","templated":true}]}}