{"id":1411,"date":"2021-05-04T16:38:46","date_gmt":"2021-05-04T16:38:46","guid":{"rendered":"http:\/\/qcexval.uv.es\/?page_id=1411"},"modified":"2022-09-19T08:56:38","modified_gmt":"2022-09-19T08:56:38","slug":"2021-3","status":"publish","type":"page","link":"http:\/\/qcexval.uv.es\/?page_id=1411","title":{"rendered":"2021"},"content":{"rendered":"[vc_row][vc_column][vc_column_text]\r\n<h2><strong>List of QCEXVAL publications in 2021:<\/strong><\/h2>\r\n\r\n<figure class=\"wp-block-table\"><br \/>\r\n<table style=\"width: 100%; height: 753px;\">\r\n<tbody>\r\n<tr style=\"height: 154px;\">\r\n<td class=\"has-text-align-center\" style=\"width: 14.7468%; height: 154px;\" data-align=\"center\"><img loading=\"lazy\" decoding=\"async\" class=\"alignnone size-medium wp-image-1495\" src=\"http:\/\/qcexval.uv.es\/wp-content\/uploads\/2021\/11\/ja1c10153_0006-300x161.gif\" alt=\"\" width=\"300\" height=\"161\" \/><\/td>\r\n<td style=\"width: 71.2998%; height: 154px;\"><strong><a href=\"https:\/\/doi.org\/10.1021\/jacs.1c10153\" target=\"_blank\" rel=\"noreferrer noopener\">&#8220;Photochemistry of HOSO2 and SO3 and Implications for the Production of Sulfuric Acid&#8221;<\/a><\/strong><br \/>Javier Carmona-Garc\u00eda, Tarek Trabelsi, Antonio Franc\u00e9s-Monerris, Carlos A. Cuevas,\u00a0 Alfonso Saiz-Lopez, Daniel Roca-Sanju\u00e1n and Joseph S. Francisco<br \/><i>Journal of the Americal Chemical Society<\/i>\u00a0(2021), <strong>Vol. 143<\/strong>, 18794-18802<\/td>\r\n<td class=\"has-text-align-center\" style=\"width: 12.5855%; height: 154px;\" data-align=\"center\"><img loading=\"lazy\" decoding=\"async\" class=\"alignnone size-medium wp-image-1496\" src=\"http:\/\/qcexval.uv.es\/wp-content\/uploads\/2021\/11\/jacsat.2021.143.issue-44.largecover-225x300.jpg\" alt=\"\" width=\"225\" height=\"300\" srcset=\"http:\/\/qcexval.uv.es\/wp-content\/uploads\/2021\/11\/jacsat.2021.143.issue-44.largecover-225x300.jpg 225w, http:\/\/qcexval.uv.es\/wp-content\/uploads\/2021\/11\/jacsat.2021.143.issue-44.largecover.jpg 298w\" sizes=\"(max-width: 225px) 100vw, 225px\" \/><\/td>\r\n<\/tr>\r\n<tr style=\"height: 154px;\">\r\n<td class=\"has-text-align-center\" style=\"width: 14.7468%; height: 154px;\" data-align=\"center\"><img loading=\"lazy\" decoding=\"async\" class=\"alignnone size-medium wp-image-1493\" src=\"http:\/\/qcexval.uv.es\/wp-content\/uploads\/2021\/11\/anie202111493-toc-0001-m-300x272.jpg\" alt=\"\" width=\"300\" height=\"272\" srcset=\"http:\/\/qcexval.uv.es\/wp-content\/uploads\/2021\/11\/anie202111493-toc-0001-m-300x272.jpg 300w, http:\/\/qcexval.uv.es\/wp-content\/uploads\/2021\/11\/anie202111493-toc-0001-m.jpg 648w\" sizes=\"(max-width: 300px) 100vw, 300px\" \/><\/td>\r\n<td style=\"width: 71.2998%; height: 154px;\"><strong><a href=\"https:\/\/doi.org\/10.1002\/anie.202111493\" target=\"_blank\" rel=\"noreferrer noopener\">&#8220;Light-Induced On\/Off Switching of the Surfactant Character of the <em>o<\/em>-Cobaltabis(dicarbollide) Anion with No Covalent Bond Alteration&#8221;<\/a><\/strong><br \/>Abdelazim M. A. Abdelgawwad, Jewel Ann Maria Xavier, Daniel Roca-Sanju\u00e1n, Clara Vi\u00f1as, Francesc Teixidor and Antonio Franc\u00e9s-Monerris<br \/><i>Angewandte Chemie International Edition<\/i>\u00a0(2021),\u00a0<strong>Vol. 60<\/strong>, 25753-25757<\/td>\r\n<td class=\"has-text-align-center\" style=\"width: 12.5855%; height: 154px;\" data-align=\"center\"><img loading=\"lazy\" decoding=\"async\" class=\"alignnone wp-image-1494\" src=\"http:\/\/qcexval.uv.es\/wp-content\/uploads\/2021\/11\/anie.v60.48.cover_.webp\" alt=\"\" width=\"205\" height=\"272\" \/><\/td>\r\n<\/tr>\r\n<tr style=\"height: 154px;\">\r\n<td class=\"has-text-align-center\" style=\"width: 14.7468%; height: 154px;\" data-align=\"center\"><img loading=\"lazy\" decoding=\"async\" class=\"alignnone size-medium wp-image-1478\" src=\"http:\/\/qcexval.uv.es\/wp-content\/uploads\/2021\/08\/jo1c00890_0011-300x119.gif\" alt=\"\" width=\"300\" height=\"119\" \/><\/td>\r\n<td style=\"width: 71.2998%; height: 154px;\"><strong><a href=\"https:\/\/doi.org\/10.1021\/acs.joc.1c00890\" target=\"_blank\" rel=\"noreferrer noopener\">&#8220;Building a Functionalizable, Potent Chemiluminescent Agent: A Rational Design Study on 6,8-Substituted Luminol Derivatives&#8221;<\/a><\/strong><br \/>Theodoros Mikroulis, M. Consuelo Cuquerella, Angelo Giussani, Anna Pantelia, Gemma M Rodr\u00edguez-Mu\u00f1iz, Georgios Rotas, Daniel Roca-Sanju\u00e1n, Miguel A. Miranda and Georgios C. Vougioukalakis<br \/><i>The Journal of Organic Chemistry<\/i> (2021),\u00a0<strong>Vol. 86<\/strong>, 11388-11398<\/td>\r\n<td class=\"has-text-align-center\" style=\"width: 12.5855%; height: 154px;\" data-align=\"center\"><img loading=\"lazy\" decoding=\"async\" class=\"alignnone wp-image-1492 size-medium\" src=\"http:\/\/qcexval.uv.es\/wp-content\/uploads\/2021\/11\/joceah.2021.86.issue-17.largecover-226x300.jpg\" alt=\"\" width=\"226\" height=\"300\" srcset=\"http:\/\/qcexval.uv.es\/wp-content\/uploads\/2021\/11\/joceah.2021.86.issue-17.largecover-226x300.jpg 226w, http:\/\/qcexval.uv.es\/wp-content\/uploads\/2021\/11\/joceah.2021.86.issue-17.largecover.jpg 299w\" sizes=\"(max-width: 226px) 100vw, 226px\" \/><\/td>\r\n<\/tr>\r\n<tr style=\"height: 124px;\">\r\n<td class=\"has-text-align-center\" style=\"width: 14.7468%; height: 124px;\" data-align=\"center\"><img loading=\"lazy\" decoding=\"async\" class=\"alignnone size-medium wp-image-1476\" src=\"http:\/\/qcexval.uv.es\/wp-content\/uploads\/2021\/08\/articulo_jacs-300x161.png\" alt=\"\" width=\"300\" height=\"161\" srcset=\"http:\/\/qcexval.uv.es\/wp-content\/uploads\/2021\/08\/articulo_jacs-300x161.png 300w, http:\/\/qcexval.uv.es\/wp-content\/uploads\/2021\/08\/articulo_jacs-768x412.png 768w, http:\/\/qcexval.uv.es\/wp-content\/uploads\/2021\/08\/articulo_jacs.png 879w\" sizes=\"(max-width: 300px) 100vw, 300px\" \/><\/td>\r\n<td style=\"width: 71.2998%; height: 124px;\"><strong><a href=\"https:\/\/doi.org\/10.1021\/jacs.1c05149\" target=\"_blank\" rel=\"noreferrer noopener\">&#8220;Photochemistry and Non-adiabatic Photodynamics of the HOSO Radical&#8221;<\/a><\/strong><br \/>Javier Carmona-Garc\u00eda, Antonio Franc\u00e9s-Monerris, Carlos A. Cuevas, Tarek Trabelsi, Alfonso Saiz-Lopez, Joseph S. Francisco and Daniel Roca-Sanju\u00e1n<br \/><i>Journal of the Americal Chemical Society<\/i>\u00a0(2021), <strong>Vol. 143<\/strong>, 10836-10841<strong><br \/><\/strong><\/td>\r\n<td class=\"has-text-align-center\" style=\"width: 12.5855%; height: 124px;\" data-align=\"center\"><img loading=\"lazy\" decoding=\"async\" class=\"alignnone wp-image-1475 size-medium\" src=\"http:\/\/qcexval.uv.es\/wp-content\/uploads\/2021\/08\/jacsat.2021.143.issue-29.largecover-225x300.jpg\" alt=\"\" width=\"225\" height=\"300\" srcset=\"http:\/\/qcexval.uv.es\/wp-content\/uploads\/2021\/08\/jacsat.2021.143.issue-29.largecover-225x300.jpg 225w, http:\/\/qcexval.uv.es\/wp-content\/uploads\/2021\/08\/jacsat.2021.143.issue-29.largecover.jpg 298w\" sizes=\"(max-width: 225px) 100vw, 225px\" \/><\/td>\r\n<\/tr>\r\n<tr style=\"height: 167px;\">\r\n<td class=\"has-text-align-center\" style=\"width: 14.7468%; height: 167px;\" data-align=\"center\"><img loading=\"lazy\" decoding=\"async\" class=\"alignnone  wp-image-1472\" src=\"http:\/\/qcexval.uv.es\/wp-content\/uploads\/2021\/08\/articulo_molecules-300x118.png\" alt=\"\" width=\"178\" height=\"70\" srcset=\"http:\/\/qcexval.uv.es\/wp-content\/uploads\/2021\/08\/articulo_molecules-300x118.png 300w, http:\/\/qcexval.uv.es\/wp-content\/uploads\/2021\/08\/articulo_molecules-1024x402.png 1024w, http:\/\/qcexval.uv.es\/wp-content\/uploads\/2021\/08\/articulo_molecules-768x301.png 768w, http:\/\/qcexval.uv.es\/wp-content\/uploads\/2021\/08\/articulo_molecules-1536x602.png 1536w, http:\/\/qcexval.uv.es\/wp-content\/uploads\/2021\/08\/articulo_molecules.png 1540w\" sizes=\"(max-width: 178px) 100vw, 178px\" \/><\/td>\r\n<td style=\"width: 71.2998%; height: 167px;\"><strong><a href=\"https:\/\/doi.org\/10.3390\/molecules26102911\" target=\"_blank\" rel=\"noreferrer noopener\">&#8220;Theoretical Study on the Photo-Oxidation and Photoreduction of an Azetidine Derivative as a Model of DNA Repair&#8221;<\/a><\/strong><br \/>Miriam Navarrete-Miguel, Antonio Franc\u00e9s-Monerris, Miguel A. Miranda, Virginie Lhiaubet-Vallet and Daniel Roca-Sanju\u00e1n<br \/><i>Molecules<\/i> (2021), <strong>Vol. 26<\/strong>, 2911<strong><br \/><\/strong><\/td>\r\n<td class=\"has-text-align-center\" style=\"width: 12.5855%; height: 167px;\" data-align=\"center\"><img loading=\"lazy\" decoding=\"async\" class=\"alignnone wp-image-1458 size-medium\" src=\"http:\/\/qcexval.uv.es\/wp-content\/uploads\/2021\/05\/cover-molecules-v26-i10-208x300.jpg\" alt=\"\" width=\"208\" height=\"300\" srcset=\"http:\/\/qcexval.uv.es\/wp-content\/uploads\/2021\/05\/cover-molecules-v26-i10-208x300.jpg 208w, http:\/\/qcexval.uv.es\/wp-content\/uploads\/2021\/05\/cover-molecules-v26-i10.jpg 299w\" sizes=\"(max-width: 208px) 100vw, 208px\" \/><\/td>\r\n<\/tr>\r\n<tr style=\"height: 155px;\">\r\n<td class=\"has-text-align-center\" style=\"width: 14.7468%; height: 155px;\" data-align=\"center\"><img loading=\"lazy\" decoding=\"async\" class=\"alignnone wp-image-1448 size-medium\" style=\"width: 400px;\" src=\"http:\/\/qcexval.uv.es\/wp-content\/uploads\/2021\/05\/2021_TOC-300x173.jpg\" alt=\"\" width=\"300\" height=\"173\" srcset=\"http:\/\/qcexval.uv.es\/wp-content\/uploads\/2021\/05\/2021_TOC-300x173.jpg 300w, http:\/\/qcexval.uv.es\/wp-content\/uploads\/2021\/05\/2021_TOC.jpg 500w\" sizes=\"(max-width: 300px) 100vw, 300px\" \/><\/td>\r\n<td style=\"width: 71.2998%; height: 155px;\"><strong><a href=\"https:\/\/doi.org\/10.1021\/acs.jctc.0c01083\" target=\"_blank\" rel=\"noreferrer noopener\">&#8220;Multiconfigurational Quantum Chemistry Determinations of Absorption Cross Sections (\u03c3) in the Gas Phase and Molar Extinction Coefficients (\u03b5) in Aqueous Solution and Air\u2013Water Interface&#8221;<\/a><\/strong><br \/>Ana Borrego-S\u00e1nchez, Madjid Zemmouche, Javier Carmona-Garc\u00eda, Antonio Franc\u00e9s-Monerris, Pep Mulet, Isabelle Navizet and Daniel Roca-Sanju\u00e1n<br \/><i>Journal of Chemical Theory and Computation<\/i>\u00a0(2021),\u00a0<strong>Vol.<\/strong> <strong>17<\/strong>, 3571-3582<\/td>\r\n<td class=\"has-text-align-center\" style=\"width: 12.5855%; height: 155px;\" data-align=\"center\"><img loading=\"lazy\" decoding=\"async\" class=\"alignnone size-medium wp-image-1480\" src=\"http:\/\/qcexval.uv.es\/wp-content\/uploads\/2021\/08\/jctcce.2021.17.issue-6.largecover-225x300.jpg\" alt=\"\" width=\"225\" height=\"300\" srcset=\"http:\/\/qcexval.uv.es\/wp-content\/uploads\/2021\/08\/jctcce.2021.17.issue-6.largecover-225x300.jpg 225w, http:\/\/qcexval.uv.es\/wp-content\/uploads\/2021\/08\/jctcce.2021.17.issue-6.largecover.jpg 298w\" sizes=\"(max-width: 225px) 100vw, 225px\" \/><\/td>\r\n<\/tr>\r\n<tr style=\"height: 153px;\">\r\n<td class=\"has-text-align-center\" style=\"width: 14.7468%; height: 153px;\" data-align=\"center\"><img loading=\"lazy\" decoding=\"async\" width=\"394\" height=\"266\" class=\"wp-image-1414\" style=\"width: 400px;\" src=\"http:\/\/qcexval.uv.es\/wp-content\/uploads\/2021\/05\/Toc.jpg\" alt=\"\" srcset=\"http:\/\/qcexval.uv.es\/wp-content\/uploads\/2021\/05\/Toc.jpg 394w, http:\/\/qcexval.uv.es\/wp-content\/uploads\/2021\/05\/Toc-300x203.jpg 300w\" sizes=\"(max-width: 394px) 100vw, 394px\" \/><\/td>\r\n<td style=\"width: 71.2998%; height: 153px;\"><strong><a href=\"http:\/\/doi.org\/10.1002\/adom.202002251\" target=\"_blank\" rel=\"noreferrer noopener\">&#8220;Luminescence in Crystalline Organic Materials: From Molecules to Molecular Solids&#8221;<\/a><\/strong><br \/>Johannes Gierschner, Junqing Shi, Bego\u00f1a Mili\u00e1n\u2010Medina, Daniel Roca\u2010Sanju\u00e1n, Shinto Varghese and SooYoung Park<br \/><em>Advanced Optical Materials<\/em>\u00a0(2021), <strong>Vol.<\/strong>\u00a0<strong>9<\/strong>, 2002251<\/td>\r\n<td class=\"has-text-align-center\" style=\"width: 12.5855%; height: 153px;\" data-align=\"center\"><img loading=\"lazy\" decoding=\"async\" class=\"alignnone wp-image-1413 size-medium\" style=\"width: 200px;\" src=\"http:\/\/qcexval.uv.es\/wp-content\/uploads\/2021\/05\/cover_2021-229x300.jpg\" alt=\"\" width=\"229\" height=\"300\" srcset=\"http:\/\/qcexval.uv.es\/wp-content\/uploads\/2021\/05\/cover_2021-229x300.jpg 229w, http:\/\/qcexval.uv.es\/wp-content\/uploads\/2021\/05\/cover_2021.jpg 762w\" sizes=\"(max-width: 229px) 100vw, 229px\" \/><\/td>\r\n<\/tr>\r\n<\/tbody>\r\n<\/table>\r\n<\/figure>\r\n\r\n\r\n\r\n<p>&nbsp;<\/p>\r\n[\/vc_column_text][\/vc_column][\/vc_row]","protected":false},"excerpt":{"rendered":"<p>[vc_row][vc_column][vc_column_text] List of QCEXVAL publications in 2021: &#8220;Photochemistry of HOSO2 and SO3 and Implications for the Production of Sulfuric Acid&#8221;Javier Carmona-Garc\u00eda, Tarek Trabelsi, Antonio Franc\u00e9s-Monerris, Carlos A. Cuevas,\u00a0 Alfonso Saiz-Lopez, Daniel Roca-Sanju\u00e1n and Joseph S. FranciscoJournal of the Americal Chemical Society\u00a0(2021), Vol. 143, 18794-18802 &#8220;Light-Induced On\/Off Switching of the Surfactant Character of the o-Cobaltabis(dicarbollide) Anion with No Covalent Bond Alteration&#8221;Abdelazim M. A. Abdelgawwad, Jewel Ann Maria Xavier, Daniel Roca-Sanju\u00e1n, Clara Vi\u00f1as, Francesc Teixidor and Antonio Franc\u00e9s-MonerrisAngewandte Chemie International Edition\u00a0(2021),\u00a0Vol. 60, 25753-25757 &#8220;Building a Functionalizable, Potent Chemiluminescent Agent: A Rational Design Study on 6,8-Substituted Luminol Derivatives&#8221;Theodoros Mikroulis, M. Consuelo Cuquerella, Angelo Giussani, Anna Pantelia, Gemma M Rodr\u00edguez-Mu\u00f1iz, Georgios Rotas, Daniel Roca-Sanju\u00e1n,<\/p>\n<div class=\"wst-more-wrap\"><a class=\"more-link\" href=\"http:\/\/qcexval.uv.es\/?page_id=1411\"><span>Read More<\/span><\/a><\/div>\n<p> <a class=\"more-link\" href=\"http:\/\/qcexval.uv.es\/?page_id=1411\">Read more<\/a><\/p>\n","protected":false},"author":1,"featured_media":0,"parent":31,"menu_order":0,"comment_status":"closed","ping_status":"closed","template":"","meta":{"footnotes":""},"yoast_head":"<!-- This site is optimized with the Yoast SEO plugin v21.8 - https:\/\/yoast.com\/wordpress\/plugins\/seo\/ -->\n<title>2021 - QCEXVAL<\/title>\n<meta name=\"robots\" content=\"index, follow, max-snippet:-1, max-image-preview:large, max-video-preview:-1\" \/>\n<link rel=\"canonical\" href=\"http:\/\/qcexval.uv.es\/?page_id=1411\" \/>\n<meta property=\"og:locale\" content=\"en_US\" \/>\n<meta property=\"og:type\" content=\"article\" \/>\n<meta property=\"og:title\" content=\"2021 - QCEXVAL\" \/>\n<meta property=\"og:description\" content=\"[vc_row][vc_column][vc_column_text] List of QCEXVAL publications in 2021: &#8220;Photochemistry of HOSO2 and SO3 and Implications for the Production of Sulfuric Acid&#8221;Javier Carmona-Garc\u00eda, Tarek Trabelsi, Antonio Franc\u00e9s-Monerris, Carlos A. Cuevas,\u00a0 Alfonso Saiz-Lopez, Daniel Roca-Sanju\u00e1n and Joseph S. FranciscoJournal of the Americal Chemical Society\u00a0(2021), Vol. 143, 18794-18802 &#8220;Light-Induced On\/Off Switching of the Surfactant Character of the o-Cobaltabis(dicarbollide) Anion with No Covalent Bond Alteration&#8221;Abdelazim M. A. Abdelgawwad, Jewel Ann Maria Xavier, Daniel Roca-Sanju\u00e1n, Clara Vi\u00f1as, Francesc Teixidor and Antonio Franc\u00e9s-MonerrisAngewandte Chemie International Edition\u00a0(2021),\u00a0Vol. 60, 25753-25757 &#8220;Building a Functionalizable, Potent Chemiluminescent Agent: A Rational Design Study on 6,8-Substituted Luminol Derivatives&#8221;Theodoros Mikroulis, M. Consuelo Cuquerella, Angelo Giussani, Anna Pantelia, Gemma M Rodr\u00edguez-Mu\u00f1iz, Georgios Rotas, Daniel Roca-Sanju\u00e1n,Read More\" \/>\n<meta property=\"og:url\" content=\"http:\/\/qcexval.uv.es\/?page_id=1411\" \/>\n<meta property=\"og:site_name\" content=\"QCEXVAL\" \/>\n<meta property=\"article:modified_time\" content=\"2022-09-19T08:56:38+00:00\" \/>\n<meta property=\"og:image\" content=\"http:\/\/qcexval.uv.es\/wp-content\/uploads\/2021\/11\/ja1c10153_0006-300x161.gif\" \/>\n<meta name=\"twitter:card\" content=\"summary_large_image\" \/>\n<meta name=\"twitter:site\" content=\"@qcexval\" \/>\n<meta name=\"twitter:label1\" content=\"Est. reading time\" \/>\n\t<meta name=\"twitter:data1\" content=\"5 minutes\" \/>\n<script type=\"application\/ld+json\" class=\"yoast-schema-graph\">{\"@context\":\"https:\/\/schema.org\",\"@graph\":[{\"@type\":\"WebPage\",\"@id\":\"http:\/\/qcexval.uv.es\/?page_id=1411\",\"url\":\"http:\/\/qcexval.uv.es\/?page_id=1411\",\"name\":\"2021 - QCEXVAL\",\"isPartOf\":{\"@id\":\"http:\/\/qcexval.uv.es\/#website\"},\"datePublished\":\"2021-05-04T16:38:46+00:00\",\"dateModified\":\"2022-09-19T08:56:38+00:00\",\"breadcrumb\":{\"@id\":\"http:\/\/qcexval.uv.es\/?page_id=1411#breadcrumb\"},\"inLanguage\":\"en-US\",\"potentialAction\":[{\"@type\":\"ReadAction\",\"target\":[\"http:\/\/qcexval.uv.es\/?page_id=1411\"]}]},{\"@type\":\"BreadcrumbList\",\"@id\":\"http:\/\/qcexval.uv.es\/?page_id=1411#breadcrumb\",\"itemListElement\":[{\"@type\":\"ListItem\",\"position\":1,\"name\":\"Home\",\"item\":\"http:\/\/qcexval.uv.es\/\"},{\"@type\":\"ListItem\",\"position\":2,\"name\":\"Publications\",\"item\":\"http:\/\/qcexval.uv.es\/?page_id=31\"},{\"@type\":\"ListItem\",\"position\":3,\"name\":\"2021\"}]},{\"@type\":\"WebSite\",\"@id\":\"http:\/\/qcexval.uv.es\/#website\",\"url\":\"http:\/\/qcexval.uv.es\/\",\"name\":\"QCEXVAL\",\"description\":\"The Excited State Quantum Chemistry Group\",\"publisher\":{\"@id\":\"http:\/\/qcexval.uv.es\/#organization\"},\"potentialAction\":[{\"@type\":\"SearchAction\",\"target\":{\"@type\":\"EntryPoint\",\"urlTemplate\":\"http:\/\/qcexval.uv.es\/?s={search_term_string}\"},\"query-input\":\"required name=search_term_string\"}],\"inLanguage\":\"en-US\"},{\"@type\":\"Organization\",\"@id\":\"http:\/\/qcexval.uv.es\/#organization\",\"name\":\"QCEXVAL\",\"url\":\"http:\/\/qcexval.uv.es\/\",\"logo\":{\"@type\":\"ImageObject\",\"inLanguage\":\"en-US\",\"@id\":\"http:\/\/qcexval.uv.es\/#\/schema\/logo\/image\/\",\"url\":\"http:\/\/qcexval.uv.es\/wp-content\/uploads\/2021\/03\/cropped-Logo4.3-1.jpg\",\"contentUrl\":\"http:\/\/qcexval.uv.es\/wp-content\/uploads\/2021\/03\/cropped-Logo4.3-1.jpg\",\"width\":512,\"height\":512,\"caption\":\"QCEXVAL\"},\"image\":{\"@id\":\"http:\/\/qcexval.uv.es\/#\/schema\/logo\/image\/\"},\"sameAs\":[\"https:\/\/twitter.com\/qcexval\"]}]}<\/script>\n<!-- \/ Yoast SEO plugin. -->","yoast_head_json":{"title":"2021 - QCEXVAL","robots":{"index":"index","follow":"follow","max-snippet":"max-snippet:-1","max-image-preview":"max-image-preview:large","max-video-preview":"max-video-preview:-1"},"canonical":"http:\/\/qcexval.uv.es\/?page_id=1411","og_locale":"en_US","og_type":"article","og_title":"2021 - QCEXVAL","og_description":"[vc_row][vc_column][vc_column_text] List of QCEXVAL publications in 2021: &#8220;Photochemistry of HOSO2 and SO3 and Implications for the Production of Sulfuric Acid&#8221;Javier Carmona-Garc\u00eda, Tarek Trabelsi, Antonio Franc\u00e9s-Monerris, Carlos A. Cuevas,\u00a0 Alfonso Saiz-Lopez, Daniel Roca-Sanju\u00e1n and Joseph S. FranciscoJournal of the Americal Chemical Society\u00a0(2021), Vol. 143, 18794-18802 &#8220;Light-Induced On\/Off Switching of the Surfactant Character of the o-Cobaltabis(dicarbollide) Anion with No Covalent Bond Alteration&#8221;Abdelazim M. A. Abdelgawwad, Jewel Ann Maria Xavier, Daniel Roca-Sanju\u00e1n, Clara Vi\u00f1as, Francesc Teixidor and Antonio Franc\u00e9s-MonerrisAngewandte Chemie International Edition\u00a0(2021),\u00a0Vol. 60, 25753-25757 &#8220;Building a Functionalizable, Potent Chemiluminescent Agent: A Rational Design Study on 6,8-Substituted Luminol Derivatives&#8221;Theodoros Mikroulis, M. Consuelo Cuquerella, Angelo Giussani, Anna Pantelia, Gemma M Rodr\u00edguez-Mu\u00f1iz, Georgios Rotas, Daniel Roca-Sanju\u00e1n,Read More","og_url":"http:\/\/qcexval.uv.es\/?page_id=1411","og_site_name":"QCEXVAL","article_modified_time":"2022-09-19T08:56:38+00:00","og_image":[{"url":"http:\/\/qcexval.uv.es\/wp-content\/uploads\/2021\/11\/ja1c10153_0006-300x161.gif"}],"twitter_card":"summary_large_image","twitter_site":"@qcexval","twitter_misc":{"Est. reading time":"5 minutes"},"schema":{"@context":"https:\/\/schema.org","@graph":[{"@type":"WebPage","@id":"http:\/\/qcexval.uv.es\/?page_id=1411","url":"http:\/\/qcexval.uv.es\/?page_id=1411","name":"2021 - QCEXVAL","isPartOf":{"@id":"http:\/\/qcexval.uv.es\/#website"},"datePublished":"2021-05-04T16:38:46+00:00","dateModified":"2022-09-19T08:56:38+00:00","breadcrumb":{"@id":"http:\/\/qcexval.uv.es\/?page_id=1411#breadcrumb"},"inLanguage":"en-US","potentialAction":[{"@type":"ReadAction","target":["http:\/\/qcexval.uv.es\/?page_id=1411"]}]},{"@type":"BreadcrumbList","@id":"http:\/\/qcexval.uv.es\/?page_id=1411#breadcrumb","itemListElement":[{"@type":"ListItem","position":1,"name":"Home","item":"http:\/\/qcexval.uv.es\/"},{"@type":"ListItem","position":2,"name":"Publications","item":"http:\/\/qcexval.uv.es\/?page_id=31"},{"@type":"ListItem","position":3,"name":"2021"}]},{"@type":"WebSite","@id":"http:\/\/qcexval.uv.es\/#website","url":"http:\/\/qcexval.uv.es\/","name":"QCEXVAL","description":"The Excited State Quantum Chemistry Group","publisher":{"@id":"http:\/\/qcexval.uv.es\/#organization"},"potentialAction":[{"@type":"SearchAction","target":{"@type":"EntryPoint","urlTemplate":"http:\/\/qcexval.uv.es\/?s={search_term_string}"},"query-input":"required name=search_term_string"}],"inLanguage":"en-US"},{"@type":"Organization","@id":"http:\/\/qcexval.uv.es\/#organization","name":"QCEXVAL","url":"http:\/\/qcexval.uv.es\/","logo":{"@type":"ImageObject","inLanguage":"en-US","@id":"http:\/\/qcexval.uv.es\/#\/schema\/logo\/image\/","url":"http:\/\/qcexval.uv.es\/wp-content\/uploads\/2021\/03\/cropped-Logo4.3-1.jpg","contentUrl":"http:\/\/qcexval.uv.es\/wp-content\/uploads\/2021\/03\/cropped-Logo4.3-1.jpg","width":512,"height":512,"caption":"QCEXVAL"},"image":{"@id":"http:\/\/qcexval.uv.es\/#\/schema\/logo\/image\/"},"sameAs":["https:\/\/twitter.com\/qcexval"]}]}},"_links":{"self":[{"href":"http:\/\/qcexval.uv.es\/index.php?rest_route=\/wp\/v2\/pages\/1411"}],"collection":[{"href":"http:\/\/qcexval.uv.es\/index.php?rest_route=\/wp\/v2\/pages"}],"about":[{"href":"http:\/\/qcexval.uv.es\/index.php?rest_route=\/wp\/v2\/types\/page"}],"author":[{"embeddable":true,"href":"http:\/\/qcexval.uv.es\/index.php?rest_route=\/wp\/v2\/users\/1"}],"replies":[{"embeddable":true,"href":"http:\/\/qcexval.uv.es\/index.php?rest_route=%2Fwp%2Fv2%2Fcomments&post=1411"}],"version-history":[{"count":15,"href":"http:\/\/qcexval.uv.es\/index.php?rest_route=\/wp\/v2\/pages\/1411\/revisions"}],"predecessor-version":[{"id":1605,"href":"http:\/\/qcexval.uv.es\/index.php?rest_route=\/wp\/v2\/pages\/1411\/revisions\/1605"}],"up":[{"embeddable":true,"href":"http:\/\/qcexval.uv.es\/index.php?rest_route=\/wp\/v2\/pages\/31"}],"wp:attachment":[{"href":"http:\/\/qcexval.uv.es\/index.php?rest_route=%2Fwp%2Fv2%2Fmedia&parent=1411"}],"curies":[{"name":"wp","href":"https:\/\/api.w.org\/{rel}","templated":true}]}}