{"id":143,"date":"2016-09-26T16:22:12","date_gmt":"2016-09-26T16:22:12","guid":{"rendered":"http:\/\/qcexval.uv.es\/?page_id=143"},"modified":"2021-04-19T17:26:28","modified_gmt":"2021-04-19T17:26:28","slug":"2008-2","status":"publish","type":"page","link":"http:\/\/qcexval.uv.es\/?page_id=143","title":{"rendered":"2008"},"content":{"rendered":"<h2>List of QCEXVAL contributions in 2008<\/h2>\n<ul>\n<li><strong>Course<\/strong>:<em>&#8220;M\u00e1ster en Qu\u00edmica Te\u00f3rica y Modelizaci\u00f3n Computacional&#8221;<\/em><br \/>\nUniversidad de Murcia, Murcia, Spain<br \/>\nFirst Courses Session within the European Master in Theoretical Chemistry and Computational Modelling<br \/>\n21th January &#8211; 16th February, 2008<br \/>\n<strong>Participant<\/strong>: Luis Serrano-Andr\u00e9s, Lecturer<br \/>\n<strong>Title<\/strong>: &#8220;Estudio Te\u00f3rico de Estados Excitados&#8221; (11th-16th February)<\/li>\n<li><strong>Conference<\/strong>:<em>&#8220;Quantum-Chemical Methods and Strategies in Modern Photochemistry:<br \/>\nPhotostability and Photoreactivity of Nucleic Acid Monomers and Dimers&#8221;<\/em><br \/>\nDepartment of Quantum Chemistry, Universitet Uppsala, Sweden<br \/>\nUppsala, 18th March, 2008<br \/>\n<strong>Participant<\/strong>: Luis Serrano-Andr\u00e9s, Conference<\/li>\n<\/ul>\n<ul>\n<li><em><strong>Congress<\/strong>: &#8220;International Conference in Isolated Biomolecules and Biomolecular Interactions&#8221;<br \/>\nUniversidad de Valladolid, Spain, 13th &#8211; 18th April, 2008<br \/>\n<\/em><em><a href=\"http:\/\/www.ibbi08.uva.es\/\" target=\"_blank\" rel=\"noopener\">Webpage<\/a><br \/>\n<strong>Participants<\/strong>:<\/em><\/p>\n<ul>\n<li>Juan Jos\u00e9 Serrano-P\u00e9rez, Conference<br \/>\n<strong>Title<\/strong>:&#8221;Studies on Phototherapy: Psoralen&#8221;<\/li>\n<li>Mercedes Rubio, Poster<br \/>\n<strong>Title<\/strong>:&#8221;Theoretical Determination of the Ionization Potentials of Nucleobases and Nucleotides&#8221;<\/li>\n<li>Pedro B. Coto, Poster<\/li>\n<li>Daniel Roca-Sanju\u00e1n, Poster<br \/>\n<strong>Title<\/strong>:&#8221;Modeling Reactivity in DNA: Charge Transfer and Transport&#8221;<\/li>\n<li>Gloria Olaso-Gonz\u00e1lez, Poster<\/li>\n<li>Israel Gonz\u00e1lez-Ram\u00edrez, Poster<\/li>\n<\/ul>\n<\/li>\n<li><em><strong>Course<\/strong>: 3rd Training WorkShop on the Use of MOLCAS<br \/>\nOrganized by the University of Lund (Sweden)<br \/>\nLund, Sweden, 14th &#8211; 18th, April 2008<br \/>\n<strong>Teachers from Valencia<\/strong>: Luis Serrano-Andr\u00e9s<br \/>\n<strong>Teachers from Lund<\/strong>: B. O. Roos, R. Lindh, P. A. Malmqvist, V. Veriazov<br \/>\n<a href=\"http:\/\/www.teokem.lu.se\/molcas\/wsh\" target=\"_blank\" rel=\"noopener\">Webpage<\/a><br \/>\n<\/em><\/li>\n<li><em><strong>Course<\/strong>: 4th Training WorkShop on the Use of MOLCAS<br \/>\nOrganized by the University of Bratislava (Slovakia)<br \/>\nBojnice, Slovakia, 9th &#8211; 13th, July 2008<br \/>\n<strong>Teachers from Valencia<\/strong>: Luis Serrano-Andr\u00e9s<br \/>\n<strong>Teachers from Lund<\/strong>: B. O. Roos, R. Lindh, P. A. Malmqvist, V. Veriazov<br \/>\n<a href=\"http:\/\/www.teokem.lu.se\/molcas\/wsh\" target=\"_blank\" rel=\"noopener\">Webpage<\/a><br \/>\n<\/em><\/li>\n<li><em><strong>Congress<\/strong>: &#8220;19th IUPAC Conference on Physical Organic Chemistry 2008&#8221;<br \/>\nUniversidade de Santiago de Compostela<br \/>\nSantiago de Compostela, Spain, 13th &#8211; 18th July, 2008<br \/>\n<a href=\"http:\/\/www.icpoc2008.org\/\" target=\"_blank\" rel=\"noopener\">Webpage<\/a><br \/>\n<strong>Participants<\/strong>: Luis Serrano-Andr\u00e9s, Conference<br \/>\n<strong>Title<\/strong>:&#8221;Quantum-Chemical Methods and Strategies in Modern Photochemistry: Photostability and Photoreactivity of Nucleic Acid Monomers and Dimers&#8221;<br \/>\n<\/em><\/li>\n<li><em><strong>Congress<\/strong>: &#8220;XXIInd IUPAC Symposium on Photochemistry&#8221;<br \/>\nUniversity of Gothenburg<br \/>\nGothenburg, Sweden, 28th July &#8211; 1st August, 2008<br \/>\n<a href=\"http:\/\/photoscience.la.asu.edu\/Goteborg2008\" target=\"_blank\" rel=\"noopener\">Webp age<\/a><br \/>\n<strong>Participants<\/strong>: Luis Serrano-Andr\u00e9s, Conference<br \/>\n<strong>Title<\/strong>:&#8221;Photochemistry of DNA: A Quantum Chemical View&#8221;<br \/>\n<\/em><\/li>\n<li><em><strong>Congress<\/strong>: &#8220;2nd EuCheMS Chemistry Congress. Chemistry: The Global Science&#8221;<br \/>\nEuropean Association for Chemical and Molecular Sciences and Societ\u00e1 Chimica Italiana<br \/>\nTorino, Italy, 16th &#8211; 20th September, 2008<br \/>\n<a href=\"http:\/\/www.euchems-%20torino2008.it\/site\/home.asp\" target=\"_blank\" rel=\"noopener\">Webpage<\/a><br \/>\n<strong>Participants<\/strong>: Manuela Merch\u00e1n, Conference<br \/>\n<strong>Title<\/strong>:&#8221;&#8221;<br \/>\n<\/em><\/li>\n<li><em><strong>Congress<\/strong>: &#8220;2008 Congress of the World Association of Theoretical Oriented Chemistry&#8221;<br \/>\nUniversity of Sydney, Australia, 14th-19th September, 2008<br \/>\n<a href=\"http:\/\/rsc.anu.edu.au\/watoc08\" target=\"_blank\" rel=\"noopener\">Webpage<\/a><br \/>\n<strong>Participants<\/strong>:<\/em><\/p>\n<ul>\n<li>Luis Serrano-Andr\u00e9s, Invited Conference<\/li>\n<li>Poster, with J. A. Gamez, O. Mo, M. Ya\u00f1ez<br \/>\n<strong>Title<\/strong>:&#8221;Theoretical Study of Electron and Hidrogen Attachment to Disulphide Derivatives&#8221;<\/li>\n<li>Pedro B. Coto, Poster<\/li>\n<\/ul>\n<\/li>\n<\/ul>\n","protected":false},"excerpt":{"rendered":"<p>List of QCEXVAL contributions in 2008 Course:&#8220;M\u00e1ster en Qu\u00edmica Te\u00f3rica y Modelizaci\u00f3n Computacional&#8221; Universidad de Murcia, Murcia, Spain First Courses Session within the European Master in Theoretical Chemistry and Computational Modelling 21th January &#8211; 16th February, 2008 Participant: Luis Serrano-Andr\u00e9s, Lecturer Title: &#8220;Estudio Te\u00f3rico de Estados Excitados&#8221; (11th-16th February) Conference:&#8220;Quantum-Chemical Methods and Strategies in Modern Photochemistry: Photostability and Photoreactivity of Nucleic Acid Monomers and Dimers&#8221; Department of Quantum Chemistry, Universitet Uppsala, Sweden Uppsala, 18th March, 2008 Participant: Luis Serrano-Andr\u00e9s, Conference Congress: &#8220;International Conference in Isolated Biomolecules and Biomolecular Interactions&#8221; Universidad de Valladolid, Spain, 13th &#8211; 18th April, 2008 Webpage Participants: Juan Jos\u00e9 Serrano-P\u00e9rez, Conference Title:&#8221;Studies on Phototherapy: Psoralen&#8221; Mercedes Rubio,<\/p>\n<div class=\"wst-more-wrap\"><a class=\"more-link\" href=\"http:\/\/qcexval.uv.es\/?page_id=143\"><span>Read More<\/span><\/a><\/div>\n<p> <a class=\"more-link\" href=\"http:\/\/qcexval.uv.es\/?page_id=143\">Read more<\/a><\/p>\n","protected":false},"author":1,"featured_media":0,"parent":131,"menu_order":0,"comment_status":"closed","ping_status":"closed","template":"","meta":{"footnotes":""},"yoast_head":"<!-- This site is optimized with the Yoast SEO plugin v21.8 - https:\/\/yoast.com\/wordpress\/plugins\/seo\/ -->\n<title>2008 - QCEXVAL<\/title>\n<meta name=\"robots\" content=\"index, follow, max-snippet:-1, max-image-preview:large, max-video-preview:-1\" \/>\n<link rel=\"canonical\" href=\"http:\/\/qcexval.uv.es\/?page_id=143\" \/>\n<meta property=\"og:locale\" content=\"en_US\" \/>\n<meta property=\"og:type\" content=\"article\" \/>\n<meta property=\"og:title\" content=\"2008 - QCEXVAL\" \/>\n<meta property=\"og:description\" content=\"List of QCEXVAL contributions in 2008 Course:&#8220;M\u00e1ster en Qu\u00edmica Te\u00f3rica y Modelizaci\u00f3n Computacional&#8221; Universidad de Murcia, Murcia, Spain First Courses Session within the European Master in Theoretical Chemistry and Computational Modelling 21th January &#8211; 16th February, 2008 Participant: Luis Serrano-Andr\u00e9s, Lecturer Title: &#8220;Estudio Te\u00f3rico de Estados Excitados&#8221; (11th-16th February) Conference:&#8220;Quantum-Chemical Methods and Strategies in Modern Photochemistry: Photostability and Photoreactivity of Nucleic Acid Monomers and Dimers&#8221; Department of Quantum Chemistry, Universitet Uppsala, Sweden Uppsala, 18th March, 2008 Participant: Luis Serrano-Andr\u00e9s, Conference Congress: &#8220;International Conference in Isolated Biomolecules and Biomolecular Interactions&#8221; Universidad de Valladolid, Spain, 13th &#8211; 18th April, 2008 Webpage Participants: Juan Jos\u00e9 Serrano-P\u00e9rez, Conference Title:&#8221;Studies on Phototherapy: Psoralen&#8221; Mercedes Rubio,Read More\" \/>\n<meta property=\"og:url\" content=\"http:\/\/qcexval.uv.es\/?page_id=143\" \/>\n<meta property=\"og:site_name\" content=\"QCEXVAL\" \/>\n<meta property=\"article:modified_time\" content=\"2021-04-19T17:26:28+00:00\" \/>\n<meta name=\"twitter:card\" content=\"summary_large_image\" \/>\n<meta name=\"twitter:site\" content=\"@qcexval\" \/>\n<meta name=\"twitter:label1\" content=\"Est. reading time\" \/>\n\t<meta name=\"twitter:data1\" content=\"2 minutes\" \/>\n<script type=\"application\/ld+json\" class=\"yoast-schema-graph\">{\"@context\":\"https:\/\/schema.org\",\"@graph\":[{\"@type\":\"WebPage\",\"@id\":\"http:\/\/qcexval.uv.es\/?page_id=143\",\"url\":\"http:\/\/qcexval.uv.es\/?page_id=143\",\"name\":\"2008 - QCEXVAL\",\"isPartOf\":{\"@id\":\"http:\/\/qcexval.uv.es\/#website\"},\"datePublished\":\"2016-09-26T16:22:12+00:00\",\"dateModified\":\"2021-04-19T17:26:28+00:00\",\"breadcrumb\":{\"@id\":\"http:\/\/qcexval.uv.es\/?page_id=143#breadcrumb\"},\"inLanguage\":\"en-US\",\"potentialAction\":[{\"@type\":\"ReadAction\",\"target\":[\"http:\/\/qcexval.uv.es\/?page_id=143\"]}]},{\"@type\":\"BreadcrumbList\",\"@id\":\"http:\/\/qcexval.uv.es\/?page_id=143#breadcrumb\",\"itemListElement\":[{\"@type\":\"ListItem\",\"position\":1,\"name\":\"Home\",\"item\":\"http:\/\/qcexval.uv.es\/\"},{\"@type\":\"ListItem\",\"position\":2,\"name\":\"Conferences and courses\",\"item\":\"http:\/\/qcexval.uv.es\/?page_id=131\"},{\"@type\":\"ListItem\",\"position\":3,\"name\":\"2008\"}]},{\"@type\":\"WebSite\",\"@id\":\"http:\/\/qcexval.uv.es\/#website\",\"url\":\"http:\/\/qcexval.uv.es\/\",\"name\":\"QCEXVAL\",\"description\":\"The Excited State Quantum Chemistry Group\",\"publisher\":{\"@id\":\"http:\/\/qcexval.uv.es\/#organization\"},\"potentialAction\":[{\"@type\":\"SearchAction\",\"target\":{\"@type\":\"EntryPoint\",\"urlTemplate\":\"http:\/\/qcexval.uv.es\/?s={search_term_string}\"},\"query-input\":\"required name=search_term_string\"}],\"inLanguage\":\"en-US\"},{\"@type\":\"Organization\",\"@id\":\"http:\/\/qcexval.uv.es\/#organization\",\"name\":\"QCEXVAL\",\"url\":\"http:\/\/qcexval.uv.es\/\",\"logo\":{\"@type\":\"ImageObject\",\"inLanguage\":\"en-US\",\"@id\":\"http:\/\/qcexval.uv.es\/#\/schema\/logo\/image\/\",\"url\":\"http:\/\/qcexval.uv.es\/wp-content\/uploads\/2021\/03\/cropped-Logo4.3-1.jpg\",\"contentUrl\":\"http:\/\/qcexval.uv.es\/wp-content\/uploads\/2021\/03\/cropped-Logo4.3-1.jpg\",\"width\":512,\"height\":512,\"caption\":\"QCEXVAL\"},\"image\":{\"@id\":\"http:\/\/qcexval.uv.es\/#\/schema\/logo\/image\/\"},\"sameAs\":[\"https:\/\/twitter.com\/qcexval\"]}]}<\/script>\n<!-- \/ Yoast SEO plugin. -->","yoast_head_json":{"title":"2008 - QCEXVAL","robots":{"index":"index","follow":"follow","max-snippet":"max-snippet:-1","max-image-preview":"max-image-preview:large","max-video-preview":"max-video-preview:-1"},"canonical":"http:\/\/qcexval.uv.es\/?page_id=143","og_locale":"en_US","og_type":"article","og_title":"2008 - QCEXVAL","og_description":"List of QCEXVAL contributions in 2008 Course:&#8220;M\u00e1ster en Qu\u00edmica Te\u00f3rica y Modelizaci\u00f3n Computacional&#8221; Universidad de Murcia, Murcia, Spain First Courses Session within the European Master in Theoretical Chemistry and Computational Modelling 21th January &#8211; 16th February, 2008 Participant: Luis Serrano-Andr\u00e9s, Lecturer Title: &#8220;Estudio Te\u00f3rico de Estados Excitados&#8221; (11th-16th February) Conference:&#8220;Quantum-Chemical Methods and Strategies in Modern Photochemistry: Photostability and Photoreactivity of Nucleic Acid Monomers and Dimers&#8221; Department of Quantum Chemistry, Universitet Uppsala, Sweden Uppsala, 18th March, 2008 Participant: Luis Serrano-Andr\u00e9s, Conference Congress: &#8220;International Conference in Isolated Biomolecules and Biomolecular Interactions&#8221; Universidad de Valladolid, Spain, 13th &#8211; 18th April, 2008 Webpage Participants: Juan Jos\u00e9 Serrano-P\u00e9rez, Conference Title:&#8221;Studies on Phototherapy: Psoralen&#8221; Mercedes Rubio,Read More","og_url":"http:\/\/qcexval.uv.es\/?page_id=143","og_site_name":"QCEXVAL","article_modified_time":"2021-04-19T17:26:28+00:00","twitter_card":"summary_large_image","twitter_site":"@qcexval","twitter_misc":{"Est. reading time":"2 minutes"},"schema":{"@context":"https:\/\/schema.org","@graph":[{"@type":"WebPage","@id":"http:\/\/qcexval.uv.es\/?page_id=143","url":"http:\/\/qcexval.uv.es\/?page_id=143","name":"2008 - QCEXVAL","isPartOf":{"@id":"http:\/\/qcexval.uv.es\/#website"},"datePublished":"2016-09-26T16:22:12+00:00","dateModified":"2021-04-19T17:26:28+00:00","breadcrumb":{"@id":"http:\/\/qcexval.uv.es\/?page_id=143#breadcrumb"},"inLanguage":"en-US","potentialAction":[{"@type":"ReadAction","target":["http:\/\/qcexval.uv.es\/?page_id=143"]}]},{"@type":"BreadcrumbList","@id":"http:\/\/qcexval.uv.es\/?page_id=143#breadcrumb","itemListElement":[{"@type":"ListItem","position":1,"name":"Home","item":"http:\/\/qcexval.uv.es\/"},{"@type":"ListItem","position":2,"name":"Conferences and courses","item":"http:\/\/qcexval.uv.es\/?page_id=131"},{"@type":"ListItem","position":3,"name":"2008"}]},{"@type":"WebSite","@id":"http:\/\/qcexval.uv.es\/#website","url":"http:\/\/qcexval.uv.es\/","name":"QCEXVAL","description":"The Excited State Quantum Chemistry Group","publisher":{"@id":"http:\/\/qcexval.uv.es\/#organization"},"potentialAction":[{"@type":"SearchAction","target":{"@type":"EntryPoint","urlTemplate":"http:\/\/qcexval.uv.es\/?s={search_term_string}"},"query-input":"required name=search_term_string"}],"inLanguage":"en-US"},{"@type":"Organization","@id":"http:\/\/qcexval.uv.es\/#organization","name":"QCEXVAL","url":"http:\/\/qcexval.uv.es\/","logo":{"@type":"ImageObject","inLanguage":"en-US","@id":"http:\/\/qcexval.uv.es\/#\/schema\/logo\/image\/","url":"http:\/\/qcexval.uv.es\/wp-content\/uploads\/2021\/03\/cropped-Logo4.3-1.jpg","contentUrl":"http:\/\/qcexval.uv.es\/wp-content\/uploads\/2021\/03\/cropped-Logo4.3-1.jpg","width":512,"height":512,"caption":"QCEXVAL"},"image":{"@id":"http:\/\/qcexval.uv.es\/#\/schema\/logo\/image\/"},"sameAs":["https:\/\/twitter.com\/qcexval"]}]}},"_links":{"self":[{"href":"http:\/\/qcexval.uv.es\/index.php?rest_route=\/wp\/v2\/pages\/143"}],"collection":[{"href":"http:\/\/qcexval.uv.es\/index.php?rest_route=\/wp\/v2\/pages"}],"about":[{"href":"http:\/\/qcexval.uv.es\/index.php?rest_route=\/wp\/v2\/types\/page"}],"author":[{"embeddable":true,"href":"http:\/\/qcexval.uv.es\/index.php?rest_route=\/wp\/v2\/users\/1"}],"replies":[{"embeddable":true,"href":"http:\/\/qcexval.uv.es\/index.php?rest_route=%2Fwp%2Fv2%2Fcomments&post=143"}],"version-history":[{"count":2,"href":"http:\/\/qcexval.uv.es\/index.php?rest_route=\/wp\/v2\/pages\/143\/revisions"}],"predecessor-version":[{"id":1308,"href":"http:\/\/qcexval.uv.es\/index.php?rest_route=\/wp\/v2\/pages\/143\/revisions\/1308"}],"up":[{"embeddable":true,"href":"http:\/\/qcexval.uv.es\/index.php?rest_route=\/wp\/v2\/pages\/131"}],"wp:attachment":[{"href":"http:\/\/qcexval.uv.es\/index.php?rest_route=%2Fwp%2Fv2%2Fmedia&parent=143"}],"curies":[{"name":"wp","href":"https:\/\/api.w.org\/{rel}","templated":true}]}}