{"id":18,"date":"2016-09-21T17:13:00","date_gmt":"2016-09-21T17:13:00","guid":{"rendered":"http:\/\/qcexval.uv.es\/?page_id=18"},"modified":"2021-04-14T16:57:27","modified_gmt":"2021-04-14T16:57:27","slug":"where-are-we","status":"publish","type":"page","link":"http:\/\/qcexval.uv.es\/?page_id=18","title":{"rendered":"Where are we?"},"content":{"rendered":"[vc_row][vc_column][vc_gmaps link=&#8221;#E-8_JTNDaWZyYW1lJTIwc3JjJTNEJTIyaHR0cHMlM0ElMkYlMkZ3d3cuZ29vZ2xlLmNvbSUyRm1hcHMlMkZlbWJlZCUzRnBiJTNEJTIxMW0xOCUyMTFtMTIlMjExbTMlMjExZDMwNzguMDEwNjY1Mzg0MzAyMiUyMTJkLTAuNDI3NTY3Njg0MjE2MjU2OSUyMTNkMzkuNTE0MjQ4OTc5NDgwMzclMjEybTMlMjExZjAlMjEyZjAlMjEzZjAlMjEzbTIlMjExaTEwMjQlMjEyaTc2OCUyMTRmMTMuMSUyMTNtMyUyMTFtMiUyMTFzMHhkNjA0NTBiNjZmZDQyMGQlMjUzQTB4MWFmOGRhYzJlM2I2ZmQwNCUyMTJzVW5pdmVyc2lkYWQlMkJkZSUyQlZhbGVuY2lhJTI1M0ElMkJJbnN0aXR1dG8lMkJkZSUyQkNpZW5jaWElMkJNb2xlY3VsYXIlMjE1ZTAlMjEzbTIlMjExc2VzJTIxMnNlcyUyMTR2MTQ3NDQ3NDQwMjk2OSUyMiUyMHdpZHRoJTNEJTIyNjAwJTIyJTIwaGVpZ2h0JTNEJTIyNDUwJTIyJTIwZnJhbWVib3JkZXIlM0QlMjIwJTIyJTIwc3R5bGUlM0QlMjJib3JkZXIlM0EwJTIyJTIwYWxsb3dmdWxsc2NyZWVuJTNFJTNDJTJGaWZyYW1lJTNF&#8221; title=&#8221;ICMol&#8221;][\/vc_column][\/vc_row][vc_row][vc_column width=&#8221;1\/4&#8243;][\/vc_column][vc_column width=&#8221;3\/4&#8243;][vc_column_text]\n<h2 style=\"text-align: left;\">QCEXVAL is part of <a href=\"http:\/\/www.icmol.es\">ICMol<\/a> research institute<\/h2>\n<p style=\"text-align: left;\">Postal Address<\/p>\n<p style=\"text-align: left;\">Universidad de Valencia<br \/>\nInstituto de Ciencia Molecular<br \/>\nCatedr\u00e1tico Jos\u00e9 Beltr\u00e1n Mart\u00ednez n\u00ba 2<br \/>\n46980 Paterna<br \/>\nSpain<\/p>\n<p style=\"text-align: left;\">P.O.Box 22085<br \/>\n46071 Valencia<br \/>\nSpain<\/p>\n[\/vc_column_text][\/vc_column][\/vc_row]\n","protected":false},"excerpt":{"rendered":"<p>[vc_row][vc_column][vc_gmaps link=&#8221;#E-8_JTNDaWZyYW1lJTIwc3JjJTNEJTIyaHR0cHMlM0ElMkYlMkZ3d3cuZ29vZ2xlLmNvbSUyRm1hcHMlMkZlbWJlZCUzRnBiJTNEJTIxMW0xOCUyMTFtMTIlMjExbTMlMjExZDMwNzguMDEwNjY1Mzg0MzAyMiUyMTJkLTAuNDI3NTY3Njg0MjE2MjU2OSUyMTNkMzkuNTE0MjQ4OTc5NDgwMzclMjEybTMlMjExZjAlMjEyZjAlMjEzZjAlMjEzbTIlMjExaTEwMjQlMjEyaTc2OCUyMTRmMTMuMSUyMTNtMyUyMTFtMiUyMTFzMHhkNjA0NTBiNjZmZDQyMGQlMjUzQTB4MWFmOGRhYzJlM2I2ZmQwNCUyMTJzVW5pdmVyc2lkYWQlMkJkZSUyQlZhbGVuY2lhJTI1M0ElMkJJbnN0aXR1dG8lMkJkZSUyQkNpZW5jaWElMkJNb2xlY3VsYXIlMjE1ZTAlMjEzbTIlMjExc2VzJTIxMnNlcyUyMTR2MTQ3NDQ3NDQwMjk2OSUyMiUyMHdpZHRoJTNEJTIyNjAwJTIyJTIwaGVpZ2h0JTNEJTIyNDUwJTIyJTIwZnJhbWVib3JkZXIlM0QlMjIwJTIyJTIwc3R5bGUlM0QlMjJib3JkZXIlM0EwJTIyJTIwYWxsb3dmdWxsc2NyZWVuJTNFJTNDJTJGaWZyYW1lJTNF&#8221; title=&#8221;ICMol&#8221;][\/vc_column][\/vc_row][vc_row][vc_column width=&#8221;1\/4&#8243;][\/vc_column][vc_column width=&#8221;3\/4&#8243;][vc_column_text] QCEXVAL is part of ICMol research institute Postal Address Universidad de Valencia Instituto de Ciencia Molecular Catedr\u00e1tico Jos\u00e9 Beltr\u00e1n Mart\u00ednez n\u00ba 2 46980 Paterna Spain P.O.Box 22085 46071 Valencia Spain [\/vc_column_text][\/vc_column][\/vc_row] <a class=\"more-link\" href=\"http:\/\/qcexval.uv.es\/?page_id=18\">Read more<\/a><\/p>\n","protected":false},"author":1,"featured_media":0,"parent":0,"menu_order":0,"comment_status":"closed","ping_status":"closed","template":"","meta":{"footnotes":""},"yoast_head":"<!-- This site is optimized with the Yoast SEO plugin v21.8 - https:\/\/yoast.com\/wordpress\/plugins\/seo\/ -->\n<title>Where are we? - QCEXVAL<\/title>\n<meta name=\"robots\" content=\"index, follow, max-snippet:-1, max-image-preview:large, max-video-preview:-1\" \/>\n<link rel=\"canonical\" href=\"http:\/\/qcexval.uv.es\/?page_id=18\" \/>\n<meta property=\"og:locale\" content=\"en_US\" \/>\n<meta property=\"og:type\" content=\"article\" \/>\n<meta property=\"og:title\" content=\"Where are we? - QCEXVAL\" \/>\n<meta property=\"og:description\" content=\"[vc_row][vc_column][vc_gmaps link=&#8221;#E-8_JTNDaWZyYW1lJTIwc3JjJTNEJTIyaHR0cHMlM0ElMkYlMkZ3d3cuZ29vZ2xlLmNvbSUyRm1hcHMlMkZlbWJlZCUzRnBiJTNEJTIxMW0xOCUyMTFtMTIlMjExbTMlMjExZDMwNzguMDEwNjY1Mzg0MzAyMiUyMTJkLTAuNDI3NTY3Njg0MjE2MjU2OSUyMTNkMzkuNTE0MjQ4OTc5NDgwMzclMjEybTMlMjExZjAlMjEyZjAlMjEzZjAlMjEzbTIlMjExaTEwMjQlMjEyaTc2OCUyMTRmMTMuMSUyMTNtMyUyMTFtMiUyMTFzMHhkNjA0NTBiNjZmZDQyMGQlMjUzQTB4MWFmOGRhYzJlM2I2ZmQwNCUyMTJzVW5pdmVyc2lkYWQlMkJkZSUyQlZhbGVuY2lhJTI1M0ElMkJJbnN0aXR1dG8lMkJkZSUyQkNpZW5jaWElMkJNb2xlY3VsYXIlMjE1ZTAlMjEzbTIlMjExc2VzJTIxMnNlcyUyMTR2MTQ3NDQ3NDQwMjk2OSUyMiUyMHdpZHRoJTNEJTIyNjAwJTIyJTIwaGVpZ2h0JTNEJTIyNDUwJTIyJTIwZnJhbWVib3JkZXIlM0QlMjIwJTIyJTIwc3R5bGUlM0QlMjJib3JkZXIlM0EwJTIyJTIwYWxsb3dmdWxsc2NyZWVuJTNFJTNDJTJGaWZyYW1lJTNF&#8221; title=&#8221;ICMol&#8221;][\/vc_column][\/vc_row][vc_row][vc_column width=&#8221;1\/4&#8243;][\/vc_column][vc_column width=&#8221;3\/4&#8243;][vc_column_text] QCEXVAL is part of ICMol research institute Postal Address Universidad de Valencia Instituto de Ciencia Molecular Catedr\u00e1tico Jos\u00e9 Beltr\u00e1n Mart\u00ednez n\u00ba 2 46980 Paterna Spain P.O.Box 22085 46071 Valencia Spain [\/vc_column_text][\/vc_column][\/vc_row]\" \/>\n<meta property=\"og:url\" content=\"http:\/\/qcexval.uv.es\/?page_id=18\" \/>\n<meta property=\"og:site_name\" content=\"QCEXVAL\" \/>\n<meta property=\"article:modified_time\" content=\"2021-04-14T16:57:27+00:00\" \/>\n<meta name=\"twitter:card\" content=\"summary_large_image\" \/>\n<meta name=\"twitter:site\" content=\"@qcexval\" \/>\n<meta name=\"twitter:label1\" content=\"Est. reading time\" \/>\n\t<meta name=\"twitter:data1\" content=\"1 minute\" \/>\n<script type=\"application\/ld+json\" class=\"yoast-schema-graph\">{\"@context\":\"https:\/\/schema.org\",\"@graph\":[{\"@type\":\"WebPage\",\"@id\":\"http:\/\/qcexval.uv.es\/?page_id=18\",\"url\":\"http:\/\/qcexval.uv.es\/?page_id=18\",\"name\":\"Where are we? - QCEXVAL\",\"isPartOf\":{\"@id\":\"http:\/\/qcexval.uv.es\/#website\"},\"datePublished\":\"2016-09-21T17:13:00+00:00\",\"dateModified\":\"2021-04-14T16:57:27+00:00\",\"breadcrumb\":{\"@id\":\"http:\/\/qcexval.uv.es\/?page_id=18#breadcrumb\"},\"inLanguage\":\"en-US\",\"potentialAction\":[{\"@type\":\"ReadAction\",\"target\":[\"http:\/\/qcexval.uv.es\/?page_id=18\"]}]},{\"@type\":\"BreadcrumbList\",\"@id\":\"http:\/\/qcexval.uv.es\/?page_id=18#breadcrumb\",\"itemListElement\":[{\"@type\":\"ListItem\",\"position\":1,\"name\":\"Home\",\"item\":\"http:\/\/qcexval.uv.es\/\"},{\"@type\":\"ListItem\",\"position\":2,\"name\":\"Where are we?\"}]},{\"@type\":\"WebSite\",\"@id\":\"http:\/\/qcexval.uv.es\/#website\",\"url\":\"http:\/\/qcexval.uv.es\/\",\"name\":\"QCEXVAL\",\"description\":\"The Excited State Quantum Chemistry Group\",\"publisher\":{\"@id\":\"http:\/\/qcexval.uv.es\/#organization\"},\"potentialAction\":[{\"@type\":\"SearchAction\",\"target\":{\"@type\":\"EntryPoint\",\"urlTemplate\":\"http:\/\/qcexval.uv.es\/?s={search_term_string}\"},\"query-input\":\"required name=search_term_string\"}],\"inLanguage\":\"en-US\"},{\"@type\":\"Organization\",\"@id\":\"http:\/\/qcexval.uv.es\/#organization\",\"name\":\"QCEXVAL\",\"url\":\"http:\/\/qcexval.uv.es\/\",\"logo\":{\"@type\":\"ImageObject\",\"inLanguage\":\"en-US\",\"@id\":\"http:\/\/qcexval.uv.es\/#\/schema\/logo\/image\/\",\"url\":\"http:\/\/qcexval.uv.es\/wp-content\/uploads\/2021\/03\/cropped-Logo4.3-1.jpg\",\"contentUrl\":\"http:\/\/qcexval.uv.es\/wp-content\/uploads\/2021\/03\/cropped-Logo4.3-1.jpg\",\"width\":512,\"height\":512,\"caption\":\"QCEXVAL\"},\"image\":{\"@id\":\"http:\/\/qcexval.uv.es\/#\/schema\/logo\/image\/\"},\"sameAs\":[\"https:\/\/twitter.com\/qcexval\"]}]}<\/script>\n<!-- \/ Yoast SEO plugin. -->","yoast_head_json":{"title":"Where are we? - QCEXVAL","robots":{"index":"index","follow":"follow","max-snippet":"max-snippet:-1","max-image-preview":"max-image-preview:large","max-video-preview":"max-video-preview:-1"},"canonical":"http:\/\/qcexval.uv.es\/?page_id=18","og_locale":"en_US","og_type":"article","og_title":"Where are we? - QCEXVAL","og_description":"[vc_row][vc_column][vc_gmaps link=&#8221;#E-8_JTNDaWZyYW1lJTIwc3JjJTNEJTIyaHR0cHMlM0ElMkYlMkZ3d3cuZ29vZ2xlLmNvbSUyRm1hcHMlMkZlbWJlZCUzRnBiJTNEJTIxMW0xOCUyMTFtMTIlMjExbTMlMjExZDMwNzguMDEwNjY1Mzg0MzAyMiUyMTJkLTAuNDI3NTY3Njg0MjE2MjU2OSUyMTNkMzkuNTE0MjQ4OTc5NDgwMzclMjEybTMlMjExZjAlMjEyZjAlMjEzZjAlMjEzbTIlMjExaTEwMjQlMjEyaTc2OCUyMTRmMTMuMSUyMTNtMyUyMTFtMiUyMTFzMHhkNjA0NTBiNjZmZDQyMGQlMjUzQTB4MWFmOGRhYzJlM2I2ZmQwNCUyMTJzVW5pdmVyc2lkYWQlMkJkZSUyQlZhbGVuY2lhJTI1M0ElMkJJbnN0aXR1dG8lMkJkZSUyQkNpZW5jaWElMkJNb2xlY3VsYXIlMjE1ZTAlMjEzbTIlMjExc2VzJTIxMnNlcyUyMTR2MTQ3NDQ3NDQwMjk2OSUyMiUyMHdpZHRoJTNEJTIyNjAwJTIyJTIwaGVpZ2h0JTNEJTIyNDUwJTIyJTIwZnJhbWVib3JkZXIlM0QlMjIwJTIyJTIwc3R5bGUlM0QlMjJib3JkZXIlM0EwJTIyJTIwYWxsb3dmdWxsc2NyZWVuJTNFJTNDJTJGaWZyYW1lJTNF&#8221; title=&#8221;ICMol&#8221;][\/vc_column][\/vc_row][vc_row][vc_column width=&#8221;1\/4&#8243;][\/vc_column][vc_column width=&#8221;3\/4&#8243;][vc_column_text] QCEXVAL is part of ICMol research institute Postal Address Universidad de Valencia Instituto de Ciencia Molecular Catedr\u00e1tico Jos\u00e9 Beltr\u00e1n Mart\u00ednez n\u00ba 2 46980 Paterna Spain P.O.Box 22085 46071 Valencia Spain [\/vc_column_text][\/vc_column][\/vc_row]","og_url":"http:\/\/qcexval.uv.es\/?page_id=18","og_site_name":"QCEXVAL","article_modified_time":"2021-04-14T16:57:27+00:00","twitter_card":"summary_large_image","twitter_site":"@qcexval","twitter_misc":{"Est. reading time":"1 minute"},"schema":{"@context":"https:\/\/schema.org","@graph":[{"@type":"WebPage","@id":"http:\/\/qcexval.uv.es\/?page_id=18","url":"http:\/\/qcexval.uv.es\/?page_id=18","name":"Where are we? - QCEXVAL","isPartOf":{"@id":"http:\/\/qcexval.uv.es\/#website"},"datePublished":"2016-09-21T17:13:00+00:00","dateModified":"2021-04-14T16:57:27+00:00","breadcrumb":{"@id":"http:\/\/qcexval.uv.es\/?page_id=18#breadcrumb"},"inLanguage":"en-US","potentialAction":[{"@type":"ReadAction","target":["http:\/\/qcexval.uv.es\/?page_id=18"]}]},{"@type":"BreadcrumbList","@id":"http:\/\/qcexval.uv.es\/?page_id=18#breadcrumb","itemListElement":[{"@type":"ListItem","position":1,"name":"Home","item":"http:\/\/qcexval.uv.es\/"},{"@type":"ListItem","position":2,"name":"Where are we?"}]},{"@type":"WebSite","@id":"http:\/\/qcexval.uv.es\/#website","url":"http:\/\/qcexval.uv.es\/","name":"QCEXVAL","description":"The Excited State Quantum Chemistry Group","publisher":{"@id":"http:\/\/qcexval.uv.es\/#organization"},"potentialAction":[{"@type":"SearchAction","target":{"@type":"EntryPoint","urlTemplate":"http:\/\/qcexval.uv.es\/?s={search_term_string}"},"query-input":"required name=search_term_string"}],"inLanguage":"en-US"},{"@type":"Organization","@id":"http:\/\/qcexval.uv.es\/#organization","name":"QCEXVAL","url":"http:\/\/qcexval.uv.es\/","logo":{"@type":"ImageObject","inLanguage":"en-US","@id":"http:\/\/qcexval.uv.es\/#\/schema\/logo\/image\/","url":"http:\/\/qcexval.uv.es\/wp-content\/uploads\/2021\/03\/cropped-Logo4.3-1.jpg","contentUrl":"http:\/\/qcexval.uv.es\/wp-content\/uploads\/2021\/03\/cropped-Logo4.3-1.jpg","width":512,"height":512,"caption":"QCEXVAL"},"image":{"@id":"http:\/\/qcexval.uv.es\/#\/schema\/logo\/image\/"},"sameAs":["https:\/\/twitter.com\/qcexval"]}]}},"_links":{"self":[{"href":"http:\/\/qcexval.uv.es\/index.php?rest_route=\/wp\/v2\/pages\/18"}],"collection":[{"href":"http:\/\/qcexval.uv.es\/index.php?rest_route=\/wp\/v2\/pages"}],"about":[{"href":"http:\/\/qcexval.uv.es\/index.php?rest_route=\/wp\/v2\/types\/page"}],"author":[{"embeddable":true,"href":"http:\/\/qcexval.uv.es\/index.php?rest_route=\/wp\/v2\/users\/1"}],"replies":[{"embeddable":true,"href":"http:\/\/qcexval.uv.es\/index.php?rest_route=%2Fwp%2Fv2%2Fcomments&post=18"}],"version-history":[{"count":6,"href":"http:\/\/qcexval.uv.es\/index.php?rest_route=\/wp\/v2\/pages\/18\/revisions"}],"predecessor-version":[{"id":876,"href":"http:\/\/qcexval.uv.es\/index.php?rest_route=\/wp\/v2\/pages\/18\/revisions\/876"}],"wp:attachment":[{"href":"http:\/\/qcexval.uv.es\/index.php?rest_route=%2Fwp%2Fv2%2Fmedia&parent=18"}],"curies":[{"name":"wp","href":"https:\/\/api.w.org\/{rel}","templated":true}]}}