{"id":296,"date":"2016-10-07T17:17:09","date_gmt":"2016-10-07T17:17:09","guid":{"rendered":"http:\/\/qcexval.uv.es\/?page_id=296"},"modified":"2023-04-20T15:13:11","modified_gmt":"2023-04-20T15:13:11","slug":"reviews","status":"publish","type":"page","link":"http:\/\/qcexval.uv.es\/?page_id=296","title":{"rendered":"Reviews"},"content":{"rendered":"<h2 style=\"text-align: center;\">QCEXVAL Reviews<\/h2>\n<ul>\n<li><strong><a href=\"https:\/\/books.rsc.org\/books\/edited-volume\/2040\/chapter-abstract\/4658646\/Quantum-chemistry-of-the-excited-state-advances-in?redirectedFrom=fulltext\" target=\"_blank\" rel=\"nofollow noopener\">&#8220;Quantum chemistry of the excited state: advances in 2020-2021&#8221;<\/a><\/strong>\n<div class=\"accordion-tabbed__tab-mobile accordion__closed\">Juliana Cu\u00e9llar-Zuquin, Javier Carmona-Garc\u00eda, Miriam Navarrete-Miguel, Luis Cerd\u00e1n, Antonio Franc\u00e9s-Monerris, Angelo Giussani, Javier Segarra-Mart\u00ed, Daniel Roca-Sanju\u00e1n<\/div>\n<p>In: &#8220;<em>Photochemistry&#8221;<\/em>. (2022)<\/li>\n<li><strong><a href=\"http:\/\/doi.org\/10.1002\/adom.202002251\" target=\"_blank\" rel=\"nofollow noopener\">&#8220;Luminescence in Crystalline Organic Materials: From Molecules to Molecular Solids&#8221;<\/a><\/strong>\n<div class=\"accordion-tabbed__tab-mobile accordion__closed\">Johannes Gierschner, Junqing Shi, Bego\u00f1a Mili\u00e1n\u2010Medina, Daniel Roca\u2010Sanju\u00e1n, Shinto Varghese and\u00a0SooYoung Park<\/div>\n<p>In: &#8220;<em>Advanced Optical Material&#8221;<\/em>. (2021), 2002251<\/li>\n<li><strong><span style=\"color: #0000ff;\"><a href=\"https:\/\/pubs.rsc.org\/en\/content\/ebook\/978-1-83916-140-7\" target=\"_blank\" rel=\"nofollow noopener\">\u201cPhotochemistry, Chemiluminescence and Dark Photochemistry: Computational Advances (2018-2019)&#8221;<\/a><\/span><\/strong><br \/>\nDaniel Roca-Sanju\u00e1n, Javier Carmona-Garc\u00eda, Bo-Wen Ding, Miriam Navarrete-Miguel, Antonio Franc\u00e9s-Monerris, Angelo Giussani, Javier Segarra-Mart\u00ed,\u00a0 Antonio Monari and Ya-Jun Liu<\/li>\n<\/ul>\n<p style=\"padding-left: 40px;\">In: &#8220;<em>Photochemistry&#8221;<\/em><em>. Series: Specialist Periodical Reports,\u00a0<\/em>Vol. 48<br \/>\nEds. S. Protti, C. Raviola, Royal Society of Chemistry, London (2020)<\/p>\n<ul>\n<li><strong><span style=\"color: #0000ff;\"><a href=\"https:\/\/novapublishers.com\/shop\/a-comprehensive-guide-to-chemiluminescence\/\" target=\"_blank\" rel=\"nofollow noopener\">&#8220;Multiconfigurational Quantum Chemiluminescence&#8221;<\/a><\/span><\/strong><br \/>\nDaniel Roca-Sanju\u00e1n, Javier Carmona-Garc\u00eda, Miriam Navarrete-Miguel, Antonio Franc\u00e9s-Monerris and Angelo Giussani<\/li>\n<\/ul>\n<p style=\"padding-left: 40px;\">In: <em>A Comprehensive Guide to Chemiluminescense<\/em><br \/>\nEds. Lu\u00eds Punto da Silva, NOVA Science Publishers, Hauppauge, NY, USA (2019)<\/p>\n<ul>\n<li><strong><span style=\"color: #0000ff;\"><a href=\"https:\/\/pubs.rsc.org\/en\/content\/chapter\/9781788013598-00028\/978-1-78801-359-8\" target=\"_blank\" rel=\"nofollow noopener\">\u201cQuantum chemistry of the excited state: recent trends in methods developments and applications\u201d<\/a><\/span><\/strong><br \/>\nMiriam Navarrete-Miguel, Javier Segarra-Mart\u00ed, Antonio Franc\u00e9s-Monerris, Angelo Giussani, Pooria Farahani, Bo-Wen Ding. Antonio Monarri, Ya-Jun liu and Daniel Roca-Sanju\u00e1n<\/li>\n<\/ul>\n<p style=\"padding-left: 40px;\">In: <i>&#8220;Photochemistry&#8221;&#8221;. Series: Specialist Periodical Reports,\u00a0<\/i>Vol. 46,\u00a028-77<br \/>\nEds. A. Albani, S. Protti, Royal Society of Chemistry, London (2018)<\/p>\n<ul>\n<li><strong><span style=\"color: #0000ff;\"><a href=\"https:\/\/pubs.acs.org\/doi\/10.1021\/acs.chemrev.7b00649\" target=\"_blank\" rel=\"nofollow noopener\">\u201cChemi- and Bioluminescence of Cyclic Peroxides\u201d<\/a><\/span><\/strong><br \/>\nMorgane Vacher, Ignacio Fdez. Galv\u00e1n, Bo-Wen Ding, Stefan Schramm, Romain Berraud-Pache, Pance Naumov, Nicolas Ferr\u00e9, Ya-Jun Liu, Isabelle Navizet, Daniel Roca-Sanju\u00e1n, Wilhelm J. Baader and Roland Lindh<\/li>\n<\/ul>\n<p style=\"padding-left: 40px;\"><em>Chemical Reviews<\/em>, Vol. 118, pp. 6924-6974 (2018)<\/p>\n<ul>\n<li><strong><span style=\"color: #0000ff;\"><a href=\"http:\/\/dx.doi.org\/10.1039\/9781782626954-00016\" target=\"_blank\" rel=\"nofollow noopener\">&#8220;Advances in computational photochemistry and chemiluminiscence of biological and nanotechnological molecules&#8221;<\/a><\/span><\/strong><br \/>\nDaniel Roca-Sanju\u00e1n, Antonio Franc\u00e9s-Monerris, Ignacio Fdez. Galv\u00e1n, Pooria Farahani, Roland Lindh and Ya-Jun Liu<br \/>\nIn: <i>&#8220;Photochemistry&#8221;<\/i>, Vol. 44, pp. 16-60<br \/>\nEds. A. Albani, E. Fasani, London (2016)<\/li>\n<\/ul>\n<ul>\n<li><b><a href=\"http:\/\/dx.doi.org\/\" rel=\"nofollow\">&#8220;Quantum chemistry of Excited States in Polyhedral Boranes&#8221;.<\/a><\/b><br \/>\nJosep Marias Oliva, Antonio Franc\u00e9s-Monerris and Daniel Roca-Sanju\u00e1n<\/li>\n<\/ul>\n<p style=\"padding-left: 40px;\">In: <i>&#8220;Boron: The Fifth Element&#8221;<\/i>, submitted<br \/>\nEds. M. L. McKee and D. Hnyk, Springer, London (2015)<\/p>\n<ul>\n<li><b><a href=\"http:\/\/dx.doi.org\/10.1039\/9781782624547-00011\" rel=\"nofollow\">&#8220;Recent method developments and applications in computational photochemistry, chemiluminescene and bioluminescence&#8221;.<\/a><\/b><br \/>\nDaniel Roca-Sanju\u00e1n, Ignacio Fdez. Galv\u00e1n, Roland Lindh and Ya-Jun Liu,<br \/>\nIn: <i>&#8220;Photochemistry&#8221;. Series: Specialist Periodical Reports<\/i>, Vol. 42, pp. 11-42<br \/>\nEd. A. Albini, Royal Society, London (2015)<\/li>\n<\/ul>\n<ul>\n<li><b><a href=\"http:\/\/dx.doi.org\/10.1021\/ct4007844\" rel=\"nofollow\">&#8220;Computational photochemistry and chemiluminescence of biomolecules&#8221;<\/a><\/b><br \/>\nA. Franc\u00e9s-Monerris, M. Merch\u00e1n and D. Roca-Sanju\u00e1n<\/li>\n<\/ul>\n<p style=\"padding-left: 40px;\">In: <i>European Photochemistry Association Newsletters<\/i><br \/>\nVol. 85, pp. 25-30 (2013)<\/p>\n<ul>\n<li><b><a href=\"http:\/\/dx.doi.org\/10.1007\/128_2013_501\" rel=\"nofollow\">&#8220;Excitation of Nucleobases from a Computational Perspective I: Reaction Paths&#8221;<\/a><\/b><br \/>\nA. Giussani, J. Segarra-Mart\u00ed, D. Roca-Sanju\u00e1n, and M. Merch\u00e1n<br \/>\n<i>Topics in Current Chemistry<\/i>, pp. 57\u201397 (2013)<\/li>\n<\/ul>\n<ul>\n<li><b><a href=\"http:\/\/dx.doi.org\/10.1007\/978-94-007-0711-5_14\" rel=\"nofollow\">&#8220;Calculation of Excited States: Molecular Photophysics and Photochemistry on Display&#8221;<\/a><\/b><br \/>\nL. Serrano-Andr\u00e9s and J. J. Serrano-P\u00e9rez<\/li>\n<\/ul>\n<p style=\"padding-left: 40px;\">In: <i>&#8220;Handbook of Computational Chemistry&#8221;<\/i><br \/>\nSpringer-Verlag, Berlin, Heidelberg, pp. 483-560 (2012)<\/p>\n<ul>\n<li><strong><a href=\"http:\/\/dx.doi.org\/10.1002\/wcms.97\" target=\"_blank\" rel=\"nofollow noopener\">&#8220;Multiconfiguration second\u2010order perturbation theory approach to strong electron correlation in chemistry and photochemistry&#8221;<\/a><\/strong><br \/>\nDaniel Roca-Sanju\u00e1n, Francesco Aquilante and\u00a0Roland Lindh<\/li>\n<\/ul>\n<p style=\"padding-left: 40px;\">In: <i>WIREs Comput Mol Sci, Vol.<\/i> 2, pp. 585-603 (2012)<\/p>\n<ul>\n<li><b><a href=\"http:\/\/dx.doi.org\/10.1002\/cphc.201100200\" rel=\"nofollow\">&#8220;Progress and Challenges in the Calculation of Electronic Excited States&#8221; <\/a><\/b><br \/>\nL. Gonz\u00e1lez, D. Escudero, and L. Serrano-Andr\u00e9s<br \/>\n<i><\/i><\/li>\n<\/ul>\n<p style=\"padding-left: 40px;\"><i>ChemPhysChem<\/i>, Vol. 13, pp. 28-51 (2012)<\/p>\n<ul>\n<li><b><a href=\"https:\/\/www.novapublishers.com\/catalog\/product_info.php?products_id=32207&amp;osCsid=\" rel=\"nofollow\">&#8220;Molecular Basis of the Phototherapy of Furocoumarins: A Theoretical Study&#8221;.<\/a><\/b><br \/>\nL. Serrano-Andr\u00e9s and J. J. Serrano-P\u00e9rez.<\/li>\n<\/ul>\n<p style=\"padding-left: 40px;\">In: <i>&#8220;Psoriasis: Causes, Diagnosis and Treatment&#8221;<\/i>, pp. 1-61<br \/>\nEd. J. A. Carrasco. Nova Science Publishers, (2011)<\/p>\n<ul>\n<li><b><a href=\"http:\/\/dx.doi.org\/10.1039\/9781849730860-00010\" rel=\"nofollow\">&#8220;Recent Trends in Computational Photochemistry&#8221;.<\/a><\/b><br \/>\nL. Serrano-Andr\u00e9s, D. Roca-Sanju\u00e1n, and G. Olaso-Gonz\u00e1lez,<\/li>\n<\/ul>\n<p style=\"padding-left: 40px;\">In: <i>&#8220;Photochemistry&#8221;. Series: Specialist Periodical Reports<\/i>, Vol. 38, pp. 10-36<br \/>\nEd. A. Albini, Royal Society, London (2011)<\/p>\n<ul>\n<li><b><a href=\"http:\/\/dx.doi.org\/10.1016\/j.jphotochemrev.2008.12.001\" rel=\"nofollow\">&#8220;Are the Five Natural DNA\/RNA Base Monomers a Good Choice from Natural Selection? A Photochemical Perspective&#8221;.<\/a><\/b><br \/>\nL. Serrano-Andr\u00e9s and M. Merch\u00e1n<br \/>\n<i><\/i><\/li>\n<\/ul>\n<p style=\"padding-left: 40px;\"><i>Journal of Photochemistry and Photobiology C: Photochemistry Reviews<\/i>, Vol. 10, pp. 21-32 (2009)<\/p>\n<ul>\n<li><b><a href=\"http:\/\/www.springer.com\/chemistry\/book\/978-1-4020-8183-5\" rel=\"nofollow\">&#8220;Photostability and Photoreactivity in Biomolecules: Quantum Chemistry of Nucleic Acid Base Monomers and Dimers&#8221;.<\/a><\/b><br \/>\nL. Serrano-Andr\u00e9s and M. Merch\u00e1n.<\/li>\n<\/ul>\n<p style=\"padding-left: 40px;\">In: &#8220;Radiation Induced Molecular Phenomena in Nucleic Acid: A Comprehensive Theoretical and Experimental Analysis&#8221;.<br \/>\nEds. M. K. Shukla and J. Leszczynski, Springer, The Netherlands, Chapter 16, pp. 435-472 (2008)<\/p>\n<ul>\n<li><b><a href=\"http:\/\/dx.doi.org\/10.1016\/j.chemphys.2007.10.011\" rel=\"nofollow\">&#8220;Photosensitization and Phototherapy with Furocoumarins: a Quantum Chemical Study&#8221;.<\/a><\/b><br \/>\nJ. J. Serrano-P\u00e9rez, M. Merch\u00e1n, and L. Serrano-Andr\u00e9s<br \/>\n<i><\/i><\/li>\n<\/ul>\n<p style=\"padding-left: 40px;\"><i>Chemical Physics<\/i>. Vol. 347, pp. 422-435 (2008)<\/p>\n<ul>\n<li><b><a href=\"http:\/\/dx.doi.org\/10.1063\/1.2827037\" rel=\"nofollow\">&#8220;Bioexcimers as Precursors of Charge Transfer and Reactivity in Photobiology&#8221;.<\/a><\/b><br \/>\nL. Serrano-Andr\u00e9s, M. Merch\u00e1n, D. Roca-Sanju\u00e1n, G. Olaso-Gonz\u00e1lez, and M. Rubio<\/li>\n<\/ul>\n<p style=\"padding-left: 40px;\">In: &#8220;Computational Methods in Science and Engineering. Theory and Computation: Old Problems and New Challenges&#8221;.<br \/>\nVol. I. Eds. T. Simos and G. Maroulis, American Institute of Physics, pp. 526-532 (2007)<\/p>\n<ul>\n<li><b>&#8220;Quantum Chemistry of the Excited State: 2005 Overview&#8221;,<\/b><br \/>\nLuis Serrano-Andr\u00e9s y Manuela Merch\u00e1n,<br \/>\n<i><\/i><\/li>\n<\/ul>\n<p style=\"padding-left: 40px;\"><i>Journal of Molecular Structure, Theochem<\/i>, Vol. 729, pp. 109-118 (2005)<\/p>\n<ul>\n<li><b>&#8220;Ab Initio Methods for Excited States&#8221;,<\/b><br \/>\nManuela Merch\u00e1n and Luis Serrano-Andr\u00e9s,<br \/>\n<i><\/i><\/li>\n<\/ul>\n<p style=\"padding-left: 40px;\"><i>Computational Photochemistry<\/i>, M. Olivucci (Ed)<br \/>\nElsevier, Amsterdam (2005)<\/p>\n<ul>\n<li><b>&#8220;Spectroscopy: Applications&#8221;,<\/b><br \/>\nLuis Serrano-Andr\u00e9s and Manuela Merch\u00e1n,<br \/>\n<i><\/i><\/li>\n<\/ul>\n<p style=\"padding-left: 40px;\"><i>Encyclopedia of Computational Chemistry<\/i>, P. v. R. Schleyer et al. (Eds)<br \/>\nWiley, Chichester (2004)<\/p>\n<ul>\n<li><b>&#8220;Vida y Luz: Una Perspectiva Qu\u00edmico-Cu\u00e1ntica&#8221;,<\/b><br \/>\nLuis Serrano-Andr\u00e9s y Manuela Merch\u00e1n,<br \/>\n<i><\/i><\/li>\n<\/ul>\n<p style=\"padding-left: 40px;\"><i>Anales de Qu\u00edmica<\/i>, Vol. 100, pp. 16-31 (2004)<\/p>\n<ul>\n<li><b>&#8220;Multiconfigurational Perturbation Theory Applied to Excited States of Organic Molecules&#8221;.<\/b><br \/>\nM. Merch\u00e1n, and L. Serrano-Andr\u00e9s, M. P. F\u00fclscher, and B. O. Roos,<br \/>\n<i><\/i><\/li>\n<\/ul>\n<p style=\"padding-left: 40px;\"><i>Recent Advances in Multireference Theory.<\/i><br \/>\nEd. K. Hirao, World Scientific Publishing, Singapore, Vol 4, pp. 161-195 (1999)<\/p>\n<ul>\n<li><b>&#8220;Multiconfigurational Perturbation Theory &#8211; Applications in Electronic Spectroscopy&#8221;.<\/b><br \/>\nB. O. Roos, K. Andersson, M. P. F\u00fclscher, P.-A. Malmqvist, L. Serrano-Andr\u00e9s, K. Pierloot, and M. Merch\u00e1n,<br \/>\n<i><\/i><\/li>\n<\/ul>\n<p style=\"padding-left: 40px;\"><i>Advances in Chemical Physics: New Methods in Computational Quantum Mechanics.<\/i><br \/>\nEd. I. Prigogine and S. Rice, John Wiley, New York, Vol. 93, pp. 219-331 (1996)<\/p>\n<ul>\n<li><b>&#8220;Theoretical Study of the Electronic Spectra of Organic Molecules&#8221;.<\/b><br \/>\nB. O. Roos, M. P. F\u00fclscher, P.-A. Malmqvist, M. Merch\u00e1n, and L. Serrano-Andr\u00e9s,<br \/>\n<i><\/i><\/li>\n<\/ul>\n<p style=\"padding-left: 40px;\"><i>Quantum Mechanical Electronic Structure Calculations with Chemical Accuracy.<\/i><br \/>\nEd. S. R. Langhoff, Kluwer, Dordretch, pp. 357-438 (1995)<\/p>\n","protected":false},"excerpt":{"rendered":"<p>QCEXVAL Reviews &#8220;Quantum chemistry of the excited state: advances in 2020-2021&#8221; Juliana Cu\u00e9llar-Zuquin, Javier Carmona-Garc\u00eda, Miriam Navarrete-Miguel, Luis Cerd\u00e1n, Antonio Franc\u00e9s-Monerris, Angelo Giussani, Javier Segarra-Mart\u00ed, Daniel Roca-Sanju\u00e1n In: &#8220;Photochemistry&#8221;. (2022) &#8220;Luminescence in Crystalline Organic Materials: From Molecules to Molecular Solids&#8221; Johannes Gierschner, Junqing Shi, Bego\u00f1a Mili\u00e1n\u2010Medina, Daniel Roca\u2010Sanju\u00e1n, Shinto Varghese and\u00a0SooYoung Park In: &#8220;Advanced Optical Material&#8221;. (2021), 2002251 \u201cPhotochemistry, Chemiluminescence and Dark Photochemistry: Computational Advances (2018-2019)&#8221; Daniel Roca-Sanju\u00e1n, Javier Carmona-Garc\u00eda, Bo-Wen Ding, Miriam Navarrete-Miguel, Antonio Franc\u00e9s-Monerris, Angelo Giussani, Javier Segarra-Mart\u00ed,\u00a0 Antonio Monari and Ya-Jun Liu In: &#8220;Photochemistry&#8221;. Series: Specialist Periodical Reports,\u00a0Vol. 48 Eds. S. Protti, C. Raviola, Royal Society of Chemistry, London (2020) &#8220;Multiconfigurational Quantum Chemiluminescence&#8221; Daniel Roca-Sanju\u00e1n, Javier Carmona-Garc\u00eda,<\/p>\n<div class=\"wst-more-wrap\"><a class=\"more-link\" href=\"http:\/\/qcexval.uv.es\/?page_id=296\"><span>Read More<\/span><\/a><\/div>\n<p> <a class=\"more-link\" href=\"http:\/\/qcexval.uv.es\/?page_id=296\">Read more<\/a><\/p>\n","protected":false},"author":1,"featured_media":0,"parent":31,"menu_order":0,"comment_status":"closed","ping_status":"closed","template":"","meta":{"footnotes":""},"yoast_head":"<!-- This site is optimized with the Yoast SEO plugin v21.8 - https:\/\/yoast.com\/wordpress\/plugins\/seo\/ -->\n<title>Reviews - QCEXVAL<\/title>\n<meta name=\"robots\" content=\"index, follow, max-snippet:-1, max-image-preview:large, max-video-preview:-1\" \/>\n<link rel=\"canonical\" href=\"http:\/\/qcexval.uv.es\/?page_id=296\" \/>\n<meta property=\"og:locale\" content=\"en_US\" \/>\n<meta property=\"og:type\" content=\"article\" \/>\n<meta property=\"og:title\" content=\"Reviews - QCEXVAL\" \/>\n<meta property=\"og:description\" content=\"QCEXVAL Reviews &#8220;Quantum chemistry of the excited state: advances in 2020-2021&#8221; Juliana Cu\u00e9llar-Zuquin, Javier Carmona-Garc\u00eda, Miriam Navarrete-Miguel, Luis Cerd\u00e1n, Antonio Franc\u00e9s-Monerris, Angelo Giussani, Javier Segarra-Mart\u00ed, Daniel Roca-Sanju\u00e1n In: &#8220;Photochemistry&#8221;. (2022) &#8220;Luminescence in Crystalline Organic Materials: From Molecules to Molecular Solids&#8221; Johannes Gierschner, Junqing Shi, Bego\u00f1a Mili\u00e1n\u2010Medina, Daniel Roca\u2010Sanju\u00e1n, Shinto Varghese and\u00a0SooYoung Park In: &#8220;Advanced Optical Material&#8221;. (2021), 2002251 \u201cPhotochemistry, Chemiluminescence and Dark Photochemistry: Computational Advances (2018-2019)&#8221; Daniel Roca-Sanju\u00e1n, Javier Carmona-Garc\u00eda, Bo-Wen Ding, Miriam Navarrete-Miguel, Antonio Franc\u00e9s-Monerris, Angelo Giussani, Javier Segarra-Mart\u00ed,\u00a0 Antonio Monari and Ya-Jun Liu In: &#8220;Photochemistry&#8221;. Series: Specialist Periodical Reports,\u00a0Vol. 48 Eds. S. Protti, C. Raviola, Royal Society of Chemistry, London (2020) &#8220;Multiconfigurational Quantum Chemiluminescence&#8221; Daniel Roca-Sanju\u00e1n, Javier Carmona-Garc\u00eda,Read More\" \/>\n<meta property=\"og:url\" content=\"http:\/\/qcexval.uv.es\/?page_id=296\" \/>\n<meta property=\"og:site_name\" content=\"QCEXVAL\" \/>\n<meta property=\"article:modified_time\" content=\"2023-04-20T15:13:11+00:00\" \/>\n<meta name=\"twitter:card\" content=\"summary_large_image\" \/>\n<meta name=\"twitter:site\" content=\"@qcexval\" \/>\n<meta name=\"twitter:label1\" content=\"Est. reading time\" \/>\n\t<meta name=\"twitter:data1\" content=\"4 minutes\" \/>\n<script type=\"application\/ld+json\" class=\"yoast-schema-graph\">{\"@context\":\"https:\/\/schema.org\",\"@graph\":[{\"@type\":\"WebPage\",\"@id\":\"http:\/\/qcexval.uv.es\/?page_id=296\",\"url\":\"http:\/\/qcexval.uv.es\/?page_id=296\",\"name\":\"Reviews - QCEXVAL\",\"isPartOf\":{\"@id\":\"http:\/\/qcexval.uv.es\/#website\"},\"datePublished\":\"2016-10-07T17:17:09+00:00\",\"dateModified\":\"2023-04-20T15:13:11+00:00\",\"breadcrumb\":{\"@id\":\"http:\/\/qcexval.uv.es\/?page_id=296#breadcrumb\"},\"inLanguage\":\"en-US\",\"potentialAction\":[{\"@type\":\"ReadAction\",\"target\":[\"http:\/\/qcexval.uv.es\/?page_id=296\"]}]},{\"@type\":\"BreadcrumbList\",\"@id\":\"http:\/\/qcexval.uv.es\/?page_id=296#breadcrumb\",\"itemListElement\":[{\"@type\":\"ListItem\",\"position\":1,\"name\":\"Home\",\"item\":\"http:\/\/qcexval.uv.es\/\"},{\"@type\":\"ListItem\",\"position\":2,\"name\":\"Publications\",\"item\":\"http:\/\/qcexval.uv.es\/?page_id=31\"},{\"@type\":\"ListItem\",\"position\":3,\"name\":\"Reviews\"}]},{\"@type\":\"WebSite\",\"@id\":\"http:\/\/qcexval.uv.es\/#website\",\"url\":\"http:\/\/qcexval.uv.es\/\",\"name\":\"QCEXVAL\",\"description\":\"The Excited State Quantum Chemistry Group\",\"publisher\":{\"@id\":\"http:\/\/qcexval.uv.es\/#organization\"},\"potentialAction\":[{\"@type\":\"SearchAction\",\"target\":{\"@type\":\"EntryPoint\",\"urlTemplate\":\"http:\/\/qcexval.uv.es\/?s={search_term_string}\"},\"query-input\":\"required name=search_term_string\"}],\"inLanguage\":\"en-US\"},{\"@type\":\"Organization\",\"@id\":\"http:\/\/qcexval.uv.es\/#organization\",\"name\":\"QCEXVAL\",\"url\":\"http:\/\/qcexval.uv.es\/\",\"logo\":{\"@type\":\"ImageObject\",\"inLanguage\":\"en-US\",\"@id\":\"http:\/\/qcexval.uv.es\/#\/schema\/logo\/image\/\",\"url\":\"http:\/\/qcexval.uv.es\/wp-content\/uploads\/2021\/03\/cropped-Logo4.3-1.jpg\",\"contentUrl\":\"http:\/\/qcexval.uv.es\/wp-content\/uploads\/2021\/03\/cropped-Logo4.3-1.jpg\",\"width\":512,\"height\":512,\"caption\":\"QCEXVAL\"},\"image\":{\"@id\":\"http:\/\/qcexval.uv.es\/#\/schema\/logo\/image\/\"},\"sameAs\":[\"https:\/\/twitter.com\/qcexval\"]}]}<\/script>\n<!-- \/ Yoast SEO plugin. -->","yoast_head_json":{"title":"Reviews - QCEXVAL","robots":{"index":"index","follow":"follow","max-snippet":"max-snippet:-1","max-image-preview":"max-image-preview:large","max-video-preview":"max-video-preview:-1"},"canonical":"http:\/\/qcexval.uv.es\/?page_id=296","og_locale":"en_US","og_type":"article","og_title":"Reviews - QCEXVAL","og_description":"QCEXVAL Reviews &#8220;Quantum chemistry of the excited state: advances in 2020-2021&#8221; Juliana Cu\u00e9llar-Zuquin, Javier Carmona-Garc\u00eda, Miriam Navarrete-Miguel, Luis Cerd\u00e1n, Antonio Franc\u00e9s-Monerris, Angelo Giussani, Javier Segarra-Mart\u00ed, Daniel Roca-Sanju\u00e1n In: &#8220;Photochemistry&#8221;. (2022) &#8220;Luminescence in Crystalline Organic Materials: From Molecules to Molecular Solids&#8221; Johannes Gierschner, Junqing Shi, Bego\u00f1a Mili\u00e1n\u2010Medina, Daniel Roca\u2010Sanju\u00e1n, Shinto Varghese and\u00a0SooYoung Park In: &#8220;Advanced Optical Material&#8221;. (2021), 2002251 \u201cPhotochemistry, Chemiluminescence and Dark Photochemistry: Computational Advances (2018-2019)&#8221; Daniel Roca-Sanju\u00e1n, Javier Carmona-Garc\u00eda, Bo-Wen Ding, Miriam Navarrete-Miguel, Antonio Franc\u00e9s-Monerris, Angelo Giussani, Javier Segarra-Mart\u00ed,\u00a0 Antonio Monari and Ya-Jun Liu In: &#8220;Photochemistry&#8221;. Series: Specialist Periodical Reports,\u00a0Vol. 48 Eds. S. Protti, C. Raviola, Royal Society of Chemistry, London (2020) &#8220;Multiconfigurational Quantum Chemiluminescence&#8221; Daniel Roca-Sanju\u00e1n, Javier Carmona-Garc\u00eda,Read More","og_url":"http:\/\/qcexval.uv.es\/?page_id=296","og_site_name":"QCEXVAL","article_modified_time":"2023-04-20T15:13:11+00:00","twitter_card":"summary_large_image","twitter_site":"@qcexval","twitter_misc":{"Est. reading time":"4 minutes"},"schema":{"@context":"https:\/\/schema.org","@graph":[{"@type":"WebPage","@id":"http:\/\/qcexval.uv.es\/?page_id=296","url":"http:\/\/qcexval.uv.es\/?page_id=296","name":"Reviews - QCEXVAL","isPartOf":{"@id":"http:\/\/qcexval.uv.es\/#website"},"datePublished":"2016-10-07T17:17:09+00:00","dateModified":"2023-04-20T15:13:11+00:00","breadcrumb":{"@id":"http:\/\/qcexval.uv.es\/?page_id=296#breadcrumb"},"inLanguage":"en-US","potentialAction":[{"@type":"ReadAction","target":["http:\/\/qcexval.uv.es\/?page_id=296"]}]},{"@type":"BreadcrumbList","@id":"http:\/\/qcexval.uv.es\/?page_id=296#breadcrumb","itemListElement":[{"@type":"ListItem","position":1,"name":"Home","item":"http:\/\/qcexval.uv.es\/"},{"@type":"ListItem","position":2,"name":"Publications","item":"http:\/\/qcexval.uv.es\/?page_id=31"},{"@type":"ListItem","position":3,"name":"Reviews"}]},{"@type":"WebSite","@id":"http:\/\/qcexval.uv.es\/#website","url":"http:\/\/qcexval.uv.es\/","name":"QCEXVAL","description":"The Excited State Quantum Chemistry Group","publisher":{"@id":"http:\/\/qcexval.uv.es\/#organization"},"potentialAction":[{"@type":"SearchAction","target":{"@type":"EntryPoint","urlTemplate":"http:\/\/qcexval.uv.es\/?s={search_term_string}"},"query-input":"required name=search_term_string"}],"inLanguage":"en-US"},{"@type":"Organization","@id":"http:\/\/qcexval.uv.es\/#organization","name":"QCEXVAL","url":"http:\/\/qcexval.uv.es\/","logo":{"@type":"ImageObject","inLanguage":"en-US","@id":"http:\/\/qcexval.uv.es\/#\/schema\/logo\/image\/","url":"http:\/\/qcexval.uv.es\/wp-content\/uploads\/2021\/03\/cropped-Logo4.3-1.jpg","contentUrl":"http:\/\/qcexval.uv.es\/wp-content\/uploads\/2021\/03\/cropped-Logo4.3-1.jpg","width":512,"height":512,"caption":"QCEXVAL"},"image":{"@id":"http:\/\/qcexval.uv.es\/#\/schema\/logo\/image\/"},"sameAs":["https:\/\/twitter.com\/qcexval"]}]}},"_links":{"self":[{"href":"http:\/\/qcexval.uv.es\/index.php?rest_route=\/wp\/v2\/pages\/296"}],"collection":[{"href":"http:\/\/qcexval.uv.es\/index.php?rest_route=\/wp\/v2\/pages"}],"about":[{"href":"http:\/\/qcexval.uv.es\/index.php?rest_route=\/wp\/v2\/types\/page"}],"author":[{"embeddable":true,"href":"http:\/\/qcexval.uv.es\/index.php?rest_route=\/wp\/v2\/users\/1"}],"replies":[{"embeddable":true,"href":"http:\/\/qcexval.uv.es\/index.php?rest_route=%2Fwp%2Fv2%2Fcomments&post=296"}],"version-history":[{"count":20,"href":"http:\/\/qcexval.uv.es\/index.php?rest_route=\/wp\/v2\/pages\/296\/revisions"}],"predecessor-version":[{"id":1686,"href":"http:\/\/qcexval.uv.es\/index.php?rest_route=\/wp\/v2\/pages\/296\/revisions\/1686"}],"up":[{"embeddable":true,"href":"http:\/\/qcexval.uv.es\/index.php?rest_route=\/wp\/v2\/pages\/31"}],"wp:attachment":[{"href":"http:\/\/qcexval.uv.es\/index.php?rest_route=%2Fwp%2Fv2%2Fmedia&parent=296"}],"curies":[{"name":"wp","href":"https:\/\/api.w.org\/{rel}","templated":true}]}}