{"id":48,"date":"2016-09-22T16:46:57","date_gmt":"2016-09-22T16:46:57","guid":{"rendered":"http:\/\/qcexval.uv.es\/?page_id=48"},"modified":"2021-05-07T09:32:13","modified_gmt":"2021-05-07T09:32:13","slug":"2013-2","status":"publish","type":"page","link":"http:\/\/qcexval.uv.es\/?page_id=48","title":{"rendered":"2013"},"content":{"rendered":"<h2><strong>List of QCEXVAL publications in 2013:<\/strong><\/h2>\r\n\r\n<figure class=\"wp-block-table\">\r\n<table style=\"width: 100%;\">\r\n<tbody>\r\n<tr>\r\n<td style=\"width: 14.6924%;\"><img loading=\"lazy\" decoding=\"async\" width=\"328\" height=\"197\" class=\"wp-image-1202\" style=\"width: 400px;\" src=\"http:\/\/qcexval.uv.es\/wp-content\/uploads\/2021\/04\/toc1-1.jpg\" alt=\"\" srcset=\"http:\/\/qcexval.uv.es\/wp-content\/uploads\/2021\/04\/toc1-1.jpg 328w, http:\/\/qcexval.uv.es\/wp-content\/uploads\/2021\/04\/toc1-1-300x180.jpg 300w\" sizes=\"(max-width: 328px) 100vw, 328px\" \/><\/td>\r\n<td style=\"width: 77.7778%;\"><strong><a href=\"https:\/\/www.photochemistry.eu\/wp-content\/uploads\/2018\/03\/2013_02_epanewsletter.pdf\" target=\"_blank\" rel=\"noreferrer noopener\">&#8220;Computational photochemistry and chemiluminescence of biomolecules&#8221;<\/a><\/strong><br \/>Antonio Franc\u00e9s-Monerris, Manuela Merch\u00e1n and Daniel Roca-Sanju\u00e1n<br \/>In: <em>European Photochemistry Association Newsletters<\/em>, <strong>Vol. 85<\/strong>, 25-30 (2013)<\/td>\r\n<td style=\"width: 6.61157%;\"><img loading=\"lazy\" decoding=\"async\" width=\"139\" height=\"78\" class=\"wp-image-1201\" style=\"width: 160px;\" src=\"http:\/\/qcexval.uv.es\/wp-content\/uploads\/2021\/04\/cover1.png\" alt=\"\" \/><\/td>\r\n<\/tr>\r\n<tr>\r\n<td style=\"width: 14.6924%;\"><img loading=\"lazy\" decoding=\"async\" width=\"500\" height=\"245\" class=\"wp-image-1206\" style=\"width: 400px;\" src=\"http:\/\/qcexval.uv.es\/wp-content\/uploads\/2021\/04\/toc3-2.gif\" alt=\"\" \/><\/td>\r\n<td style=\"width: 77.7778%;\"><strong><a href=\"http:\/\/dx.doi.org\/10.1021\/ct4007844\" target=\"_blank\" rel=\"noreferrer noopener\">&#8220;Revisiting the Non-Adiabatic Process in 1,2-Dioxetane&#8221;<\/a><\/strong><br \/>Pooria Farahani, Daniel Roca-Sanju\u00e1n, Felipe Zapata and Roland Lindh<br \/><em>The Journal of Chemical Theory and Computation <\/em>(2013), <strong>Vol. 9<\/strong>, 5404-5411<\/td>\r\n<td style=\"width: 6.61157%;\"><img loading=\"lazy\" decoding=\"async\" width=\"299\" height=\"397\" class=\"wp-image-1205\" style=\"width: 160px;\" src=\"http:\/\/qcexval.uv.es\/wp-content\/uploads\/2021\/04\/cover3-1.jpg\" alt=\"\" srcset=\"http:\/\/qcexval.uv.es\/wp-content\/uploads\/2021\/04\/cover3-1.jpg 299w, http:\/\/qcexval.uv.es\/wp-content\/uploads\/2021\/04\/cover3-1-226x300.jpg 226w\" sizes=\"(max-width: 299px) 100vw, 299px\" \/><\/td>\r\n<\/tr>\r\n<tr>\r\n<td style=\"width: 14.6924%;\"><img loading=\"lazy\" decoding=\"async\" width=\"284\" height=\"189\" class=\"wp-image-1209\" style=\"width: 400px;\" src=\"http:\/\/qcexval.uv.es\/wp-content\/uploads\/2021\/04\/toc4-1.gif\" alt=\"\" \/><\/td>\r\n<td style=\"width: 77.7778%;\"><strong><a href=\"http:\/\/dx.doi.org\/10.1039\/C3MD00258F\" target=\"_blank\" rel=\"noreferrer noopener\">&#8220;Ketorolac beats Ketoprofen: lower photodecarboxylation, photohemolysis and phototoxicity&#8221;<\/a><\/strong><br \/>Christopher D. McTiernan, Chiara Fasciani, Mar\u00eda Gonz\u00e1lez-B\u00e9jar, Daniel Roca-Sanju\u00e1n, Emilio I. Alarc\u00f3n and Jose C. Netto-Ferreira<br \/><em>Medical Chemistry Communications <\/em>(2013), <strong>Vol. 4<\/strong>, 1619-1622<\/td>\r\n<td style=\"width: 6.61157%;\"><img loading=\"lazy\" decoding=\"async\" width=\"148\" height=\"194\" class=\"wp-image-1208\" style=\"width: 160px;\" src=\"http:\/\/qcexval.uv.es\/wp-content\/uploads\/2021\/04\/cover4.gif\" alt=\"\" \/><\/td>\r\n<\/tr>\r\n<tr>\r\n<td style=\"width: 14.6924%;\"><img loading=\"lazy\" decoding=\"async\" width=\"500\" height=\"237\" class=\"wp-image-1217\" style=\"width: 400px;\" src=\"http:\/\/qcexval.uv.es\/wp-content\/uploads\/2021\/04\/toc5-3.gif\" alt=\"\" \/><\/td>\r\n<td style=\"width: 77.7778%;\"><strong><a href=\"http:\/\/dx.doi.org\/10.1021\/ic4004559\" target=\"_blank\" rel=\"noreferrer noopener\">&#8220;Tuning the Photophysical Properties of <em>anti<\/em>-B<sub>18<\/sub>H<sub>22<\/sub>: Efficient Intersystem Crossing between Excited Singlet and Triplet States in New 4,4\u2032-(HS)<sub>2<\/sub>&#8211;<em>anti<\/em>-B<sub>18<\/sub>H<sub>20<\/sub>&#8220;<\/a><\/strong><br \/>Vicenta Sauri, Josep M. Oliva, Drahom\u00edr Hnyk, Jonathan Bould, Jakub Braborec, Manuela Merch\u00e1n, Pavel Kub\u00e1t, I. C\u00edsarov\u00e1, Kamil Lang and Michael G. S. Londesborough<br \/><em>Inorganic Chemistry <\/em>(2013), <strong>Vol. 52<\/strong>, 9266-9274<\/td>\r\n<td style=\"width: 6.61157%;\"><img loading=\"lazy\" decoding=\"async\" width=\"299\" height=\"397\" class=\"wp-image-1216\" style=\"width: 160px;\" src=\"http:\/\/qcexval.uv.es\/wp-content\/uploads\/2021\/04\/cover5-1.jpg\" alt=\"\" srcset=\"http:\/\/qcexval.uv.es\/wp-content\/uploads\/2021\/04\/cover5-1.jpg 299w, http:\/\/qcexval.uv.es\/wp-content\/uploads\/2021\/04\/cover5-1-226x300.jpg 226w\" sizes=\"(max-width: 299px) 100vw, 299px\" \/><\/td>\r\n<\/tr>\r\n<tr>\r\n<td style=\"width: 14.6924%;\"><img loading=\"lazy\" decoding=\"async\" width=\"700\" height=\"651\" class=\"wp-image-1220\" style=\"width: 400px;\" src=\"http:\/\/qcexval.uv.es\/wp-content\/uploads\/2021\/04\/toc6-2.gif\" alt=\"\" \/><\/td>\r\n<td style=\"width: 77.7778%;\"><strong><a href=\"http:\/\/dx.doi.org\/10.1063\/1.4818727\" target=\"_blank\" rel=\"noreferrer noopener\">&#8220;Electronic UV-Vis Transient Spectra of the .OH Reaction Products of Uracil, Thymine, Cytosine, and 5,6-Dihydrouracil by Using the complete active space self-consistent field second-order perturbation (CASPT2\/\/CASSCF) theory&#8221;<\/a><\/strong><br \/>Antonio Franc\u00e9s-Monerris, Manuela Merch\u00e1n and Daniel Roca-Sanju\u00e1n<br \/><em>The Journal of Chemical Physics <\/em>(2013), <strong>Vol. 139<\/strong>, 071101<\/td>\r\n<td style=\"width: 6.61157%;\"><img loading=\"lazy\" decoding=\"async\" width=\"108\" height=\"144\" class=\"wp-image-1219\" style=\"width: 160px;\" src=\"http:\/\/qcexval.uv.es\/wp-content\/uploads\/2021\/04\/cover6-1.jpg\" alt=\"\" \/><\/td>\r\n<\/tr>\r\n<tr>\r\n<td style=\"width: 14.6924%;\"><img loading=\"lazy\" decoding=\"async\" width=\"500\" height=\"378\" class=\"wp-image-1223\" style=\"width: 400px;\" src=\"http:\/\/qcexval.uv.es\/wp-content\/uploads\/2021\/04\/toc7.gif\" alt=\"\" \/><\/td>\r\n<td style=\"width: 77.7778%;\"><strong><a href=\"http:\/\/dx.doi.org\/10.1021\/jp4033589\" target=\"_blank\" rel=\"noreferrer noopener\">&#8220;Toward an Understanding of the Hydrogenation Reaction of MO<sub>2<\/sub> gas phase clusters (M = Ti, Zr, and Hf)&#8221;<\/a><\/strong><br \/>Patricio Gonz\u00e1lez-Navarrete, M\u00f3nica Calatayud, Juan Andr\u00e9s, Fernando Ruip\u00e9rez and Daniel Roca-Sanju\u00e1n<br \/><em>The Journal of Physical Chemistry A <\/em>(2013), <strong>Vol. 117<\/strong>, 5354-5364<\/td>\r\n<td style=\"width: 6.61157%;\"><img loading=\"lazy\" decoding=\"async\" width=\"299\" height=\"397\" class=\"wp-image-1222\" style=\"width: 160px;\" src=\"http:\/\/qcexval.uv.es\/wp-content\/uploads\/2021\/04\/cover7-2.jpg\" alt=\"\" srcset=\"http:\/\/qcexval.uv.es\/wp-content\/uploads\/2021\/04\/cover7-2.jpg 299w, http:\/\/qcexval.uv.es\/wp-content\/uploads\/2021\/04\/cover7-2-226x300.jpg 226w\" sizes=\"(max-width: 299px) 100vw, 299px\" \/><\/td>\r\n<\/tr>\r\n<tr>\r\n<td style=\"width: 14.6924%;\"><img loading=\"lazy\" decoding=\"async\" width=\"337\" height=\"225\" class=\"wp-image-1226\" style=\"width: 400px;\" src=\"http:\/\/qcexval.uv.es\/wp-content\/uploads\/2021\/04\/toc8-2.jpg\" alt=\"\" srcset=\"http:\/\/qcexval.uv.es\/wp-content\/uploads\/2021\/04\/toc8-2.jpg 337w, http:\/\/qcexval.uv.es\/wp-content\/uploads\/2021\/04\/toc8-2-300x200.jpg 300w\" sizes=\"(max-width: 337px) 100vw, 337px\" \/><\/td>\r\n<td style=\"width: 77.7778%;\"><strong><a href=\"http:\/\/dx.doi.org\/10.3998\/ark.5550190.0014.314\" target=\"_blank\" rel=\"noreferrer noopener\">&#8220;Investigations on the synthesis and chemiluminescence of novel 2-coumaranones&#8221;<\/a><\/strong><br \/>Stefan Schramm, Dieter Wei\u03b2, Isabelle Navizet, Daniel Roca-Sanju\u00e1n, Herbert Brandl, Rrainer Beckert and Helmar G\u00f6rls<br \/><em>ARKIVOC <\/em>(2013), Issue 3, 174-188<\/td>\r\n<td style=\"width: 6.61157%;\"><img loading=\"lazy\" decoding=\"async\" width=\"236\" height=\"131\" class=\"wp-image-1225\" style=\"width: 160px;\" src=\"http:\/\/qcexval.uv.es\/wp-content\/uploads\/2021\/04\/cover8-1.jpg\" alt=\"\" \/><\/td>\r\n<\/tr>\r\n<tr>\r\n<td style=\"width: 14.6924%;\"><img loading=\"lazy\" decoding=\"async\" width=\"500\" height=\"291\" class=\"wp-image-1229\" style=\"width: 400px;\" src=\"http:\/\/qcexval.uv.es\/wp-content\/uploads\/2021\/04\/toc9-1.png\" alt=\"\" srcset=\"http:\/\/qcexval.uv.es\/wp-content\/uploads\/2021\/04\/toc9-1.png 500w, http:\/\/qcexval.uv.es\/wp-content\/uploads\/2021\/04\/toc9-1-300x175.png 300w\" sizes=\"(max-width: 500px) 100vw, 500px\" \/><\/td>\r\n<td style=\"width: 77.7778%;\"><strong><a href=\"http:\/\/dx.doi.org\/10.1111\/php.12007\" target=\"_blank\" rel=\"noreferrer noopener\">&#8220;Are the Bio- and Chemiluminescence States of the Firefly Oxyluciferin the Same as the Fluorescence State?&#8221;<\/a><\/strong><br \/>Isabelle Navizet, Daniel Roca-Sanju\u00e1n, Ling Yue, Ya-J. Liu, Nicol\u00e1s Ferr\u00e9 and Roland Lindh<br \/><em>Photochemistry and Photobiology <\/em>(2013), <strong>Vol. 89<\/strong>, 319-325<\/td>\r\n<td style=\"width: 6.61157%;\"><img loading=\"lazy\" decoding=\"async\" width=\"128\" height=\"167\" class=\"wp-image-1230\" style=\"width: 160px;\" src=\"http:\/\/qcexval.uv.es\/wp-content\/uploads\/2021\/04\/cover9-2.jpg\" alt=\"\" \/><\/td>\r\n<\/tr>\r\n<tr>\r\n<td style=\"width: 14.6924%;\"><img loading=\"lazy\" decoding=\"async\" width=\"828\" height=\"578\" class=\"wp-image-1231\" style=\"width: 400px;\" src=\"http:\/\/qcexval.uv.es\/wp-content\/uploads\/2021\/04\/toc10-1.jpg\" alt=\"\" srcset=\"http:\/\/qcexval.uv.es\/wp-content\/uploads\/2021\/04\/toc10-1.jpg 828w, http:\/\/qcexval.uv.es\/wp-content\/uploads\/2021\/04\/toc10-1-300x209.jpg 300w, http:\/\/qcexval.uv.es\/wp-content\/uploads\/2021\/04\/toc10-1-768x536.jpg 768w\" sizes=\"(max-width: 828px) 100vw, 828px\" \/><\/td>\r\n<td style=\"width: 77.7778%;\"><strong><a href=\"http:\/\/dx.doi.org\/10.1080\/00268976.2013.794980\" target=\"_blank\" rel=\"noreferrer noopener\">&#8220;Towards the Understanding at the Molecular Level of the Structured-Water Absorption and Fluorescence Spectra: A Fingerprint of \u03c0-Stacked Water&#8221;<\/a><\/strong><br \/>Javier Segarra-Mart\u00ed, Pedro B. Coto, Mercedes Rubio, Daniel Roca-Sanju\u00e1n and Manuela Merch\u00e1n<br \/><em>Molecular Physics <\/em>(2013), <strong>Vol. 111<\/strong>, 1308-1315<\/td>\r\n<td style=\"width: 6.61157%;\"><img loading=\"lazy\" decoding=\"async\" width=\"226\" height=\"301\" class=\"wp-image-1232\" style=\"width: 160px;\" src=\"http:\/\/qcexval.uv.es\/wp-content\/uploads\/2021\/04\/cover10-1.jpg\" alt=\"\" \/><\/td>\r\n<\/tr>\r\n<tr>\r\n<td style=\"width: 14.6924%;\"><img loading=\"lazy\" decoding=\"async\" width=\"500\" height=\"382\" class=\"wp-image-1234\" style=\"width: 400px;\" src=\"http:\/\/qcexval.uv.es\/wp-content\/uploads\/2021\/04\/toc11.gif\" alt=\"\" \/><\/td>\r\n<td style=\"width: 77.7778%;\"><strong><a href=\"http:\/\/dx.doi.org\/10.1021\/jp311932z\" target=\"_blank\" rel=\"noreferrer noopener\">&#8220;Combined Theoretical and Experimental Study of the Photophysics of Asulam&#8221;<\/a><\/strong><br \/>Angelo Giussani, Rosendo Pou-Am\u00e9rigo, Luis Serrano-Andr\u00e9s, Antonio Freire-Corbacho, Cristina Mart\u00ednez-Garc\u00eda, M<sup>a<\/sup> Isabel Fern\u00e1ndez P., Mohamed Sarakha, Mois\u00e9s Canle L. and J. Arturo Santaballa<br \/><em>The Journal of Physical Chemistry A <\/em>(2013), <strong>Vol. 117<\/strong>, 2125-2137<\/td>\r\n<td style=\"width: 6.61157%;\"><img loading=\"lazy\" decoding=\"async\" width=\"299\" height=\"397\" class=\"wp-image-1233\" style=\"width: 160px;\" src=\"http:\/\/qcexval.uv.es\/wp-content\/uploads\/2021\/04\/cover11.jpg\" alt=\"\" srcset=\"http:\/\/qcexval.uv.es\/wp-content\/uploads\/2021\/04\/cover11.jpg 299w, http:\/\/qcexval.uv.es\/wp-content\/uploads\/2021\/04\/cover11-226x300.jpg 226w\" sizes=\"(max-width: 299px) 100vw, 299px\" \/><\/td>\r\n<\/tr>\r\n<tr>\r\n<td style=\"width: 14.6924%;\"><img loading=\"lazy\" decoding=\"async\" width=\"500\" height=\"499\" class=\"wp-image-1236\" style=\"width: 400px;\" src=\"http:\/\/qcexval.uv.es\/wp-content\/uploads\/2021\/04\/toc12-1.gif\" alt=\"\" \/><\/td>\r\n<td style=\"width: 77.7778%;\"><strong><a href=\"http:\/\/dx.doi.org\/10.1021\/jp307200g\" target=\"_blank\" rel=\"noreferrer noopener\">&#8220;Photoinduced Formation Mechanism of the Thymine-Thymine (6-4) Adduct&#8221;<\/a><\/strong><br \/>Angelo Giussani, Luis Serrano-Andr\u00e9s, Manuela Merch\u00e1n, Daniel Roca-Sanju\u00e1n and Marco Garavelli<br \/><em>The Journal of Physical Chemistry B <\/em>(2013), <strong>Vol. 117<\/strong>, 1999-2004<\/td>\r\n<td style=\"width: 6.61157%;\"><img loading=\"lazy\" decoding=\"async\" width=\"299\" height=\"397\" class=\"wp-image-1235\" style=\"width: 160px;\" src=\"http:\/\/qcexval.uv.es\/wp-content\/uploads\/2021\/04\/cover12-1.jpg\" alt=\"\" srcset=\"http:\/\/qcexval.uv.es\/wp-content\/uploads\/2021\/04\/cover12-1.jpg 299w, http:\/\/qcexval.uv.es\/wp-content\/uploads\/2021\/04\/cover12-1-226x300.jpg 226w\" sizes=\"(max-width: 299px) 100vw, 299px\" \/><\/td>\r\n<\/tr>\r\n<tr>\r\n<td style=\"width: 14.6924%;\"><img loading=\"lazy\" decoding=\"async\" width=\"500\" height=\"192\" class=\"wp-image-1238\" style=\"width: 400px;\" src=\"http:\/\/qcexval.uv.es\/wp-content\/uploads\/2021\/04\/toc13.gif\" alt=\"\" \/><\/td>\r\n<td style=\"width: 77.7778%;\"><strong><a href=\"http:\/\/dx.doi.org\/10.1021\/ct3006166\" target=\"_blank\" rel=\"noreferrer noopener\">&#8220;Proton\/Hydrogen Transfer Mechanisms in the Guanine-Cytosine Base Pair: Photostability and Tautomerism&#8221;<\/a><\/strong><br \/>Vicenta Sauri, Jo\u00e3o P. Gobbo, Juan J. Serrano-P\u00e9rez, Marcus Lundberg, Pedro B. Coto, Luis Serrano-Andr\u00e9s, Antonio C. Borin, Roland Lindh, Manuela Merch\u00e1n and Daniel Roca-Sanju\u00e1n<br \/><em>The Journal of Chemical Theory and Computation<\/em> (2013),\u00a0<strong>Vol. 9,<\/strong> 481-496<\/td>\r\n<td style=\"width: 6.61157%;\"><img loading=\"lazy\" decoding=\"async\" width=\"299\" height=\"397\" class=\"wp-image-1237\" style=\"width: 160px;\" src=\"http:\/\/qcexval.uv.es\/wp-content\/uploads\/2021\/04\/cover13.jpg\" alt=\"\" srcset=\"http:\/\/qcexval.uv.es\/wp-content\/uploads\/2021\/04\/cover13.jpg 299w, http:\/\/qcexval.uv.es\/wp-content\/uploads\/2021\/04\/cover13-226x300.jpg 226w\" sizes=\"(max-width: 299px) 100vw, 299px\" \/><\/td>\r\n<\/tr>\r\n<\/tbody>\r\n<\/table>\r\n<\/figure>\r\n","protected":false},"excerpt":{"rendered":"<p>List of QCEXVAL publications in 2013: &#8220;Computational photochemistry and chemiluminescence of biomolecules&#8221;Antonio Franc\u00e9s-Monerris, Manuela Merch\u00e1n and Daniel Roca-Sanju\u00e1nIn: European Photochemistry Association Newsletters, Vol. 85, 25-30 (2013) &#8220;Revisiting the Non-Adiabatic Process in 1,2-Dioxetane&#8221;Pooria Farahani, Daniel Roca-Sanju\u00e1n, Felipe Zapata and Roland LindhThe Journal of Chemical Theory and Computation (2013), Vol. 9, 5404-5411 &#8220;Ketorolac beats Ketoprofen: lower photodecarboxylation, photohemolysis and phototoxicity&#8221;Christopher D. McTiernan, Chiara Fasciani, Mar\u00eda Gonz\u00e1lez-B\u00e9jar, Daniel Roca-Sanju\u00e1n, Emilio I. Alarc\u00f3n and Jose C. Netto-FerreiraMedical Chemistry Communications (2013), Vol. 4, 1619-1622 &#8220;Tuning the Photophysical Properties of anti-B18H22: Efficient Intersystem Crossing between Excited Singlet and Triplet States in New 4,4\u2032-(HS)2&#8211;anti-B18H20&#8220;Vicenta Sauri, Josep M. Oliva, Drahom\u00edr Hnyk, Jonathan Bould, Jakub Braborec, Manuela Merch\u00e1n, Pavel<\/p>\n<div class=\"wst-more-wrap\"><a class=\"more-link\" href=\"http:\/\/qcexval.uv.es\/?page_id=48\"><span>Read More<\/span><\/a><\/div>\n<p> <a class=\"more-link\" href=\"http:\/\/qcexval.uv.es\/?page_id=48\">Read more<\/a><\/p>\n","protected":false},"author":1,"featured_media":0,"parent":31,"menu_order":0,"comment_status":"closed","ping_status":"closed","template":"","meta":{"footnotes":""},"yoast_head":"<!-- This site is optimized with the Yoast SEO plugin v21.8 - https:\/\/yoast.com\/wordpress\/plugins\/seo\/ -->\n<title>2013 - QCEXVAL<\/title>\n<meta name=\"robots\" content=\"index, follow, max-snippet:-1, max-image-preview:large, max-video-preview:-1\" \/>\n<link rel=\"canonical\" href=\"http:\/\/qcexval.uv.es\/?page_id=48\" \/>\n<meta property=\"og:locale\" content=\"en_US\" \/>\n<meta property=\"og:type\" content=\"article\" \/>\n<meta property=\"og:title\" content=\"2013 - QCEXVAL\" \/>\n<meta property=\"og:description\" content=\"List of QCEXVAL publications in 2013: &#8220;Computational photochemistry and chemiluminescence of biomolecules&#8221;Antonio Franc\u00e9s-Monerris, Manuela Merch\u00e1n and Daniel Roca-Sanju\u00e1nIn: European Photochemistry Association Newsletters, Vol. 85, 25-30 (2013) &#8220;Revisiting the Non-Adiabatic Process in 1,2-Dioxetane&#8221;Pooria Farahani, Daniel Roca-Sanju\u00e1n, Felipe Zapata and Roland LindhThe Journal of Chemical Theory and Computation (2013), Vol. 9, 5404-5411 &#8220;Ketorolac beats Ketoprofen: lower photodecarboxylation, photohemolysis and phototoxicity&#8221;Christopher D. McTiernan, Chiara Fasciani, Mar\u00eda Gonz\u00e1lez-B\u00e9jar, Daniel Roca-Sanju\u00e1n, Emilio I. Alarc\u00f3n and Jose C. Netto-FerreiraMedical Chemistry Communications (2013), Vol. 4, 1619-1622 &#8220;Tuning the Photophysical Properties of anti-B18H22: Efficient Intersystem Crossing between Excited Singlet and Triplet States in New 4,4\u2032-(HS)2&#8211;anti-B18H20&#8220;Vicenta Sauri, Josep M. Oliva, Drahom\u00edr Hnyk, Jonathan Bould, Jakub Braborec, Manuela Merch\u00e1n, PavelRead More\" \/>\n<meta property=\"og:url\" content=\"http:\/\/qcexval.uv.es\/?page_id=48\" \/>\n<meta property=\"og:site_name\" content=\"QCEXVAL\" \/>\n<meta property=\"article:modified_time\" content=\"2021-05-07T09:32:13+00:00\" \/>\n<meta property=\"og:image\" content=\"http:\/\/qcexval.uv.es\/wp-content\/uploads\/2021\/04\/toc1-1.jpg\" \/>\n<meta name=\"twitter:card\" content=\"summary_large_image\" \/>\n<meta name=\"twitter:site\" content=\"@qcexval\" \/>\n<meta name=\"twitter:label1\" content=\"Est. reading time\" \/>\n\t<meta name=\"twitter:data1\" content=\"7 minutes\" \/>\n<script type=\"application\/ld+json\" class=\"yoast-schema-graph\">{\"@context\":\"https:\/\/schema.org\",\"@graph\":[{\"@type\":\"WebPage\",\"@id\":\"http:\/\/qcexval.uv.es\/?page_id=48\",\"url\":\"http:\/\/qcexval.uv.es\/?page_id=48\",\"name\":\"2013 - QCEXVAL\",\"isPartOf\":{\"@id\":\"http:\/\/qcexval.uv.es\/#website\"},\"datePublished\":\"2016-09-22T16:46:57+00:00\",\"dateModified\":\"2021-05-07T09:32:13+00:00\",\"breadcrumb\":{\"@id\":\"http:\/\/qcexval.uv.es\/?page_id=48#breadcrumb\"},\"inLanguage\":\"en-US\",\"potentialAction\":[{\"@type\":\"ReadAction\",\"target\":[\"http:\/\/qcexval.uv.es\/?page_id=48\"]}]},{\"@type\":\"BreadcrumbList\",\"@id\":\"http:\/\/qcexval.uv.es\/?page_id=48#breadcrumb\",\"itemListElement\":[{\"@type\":\"ListItem\",\"position\":1,\"name\":\"Home\",\"item\":\"http:\/\/qcexval.uv.es\/\"},{\"@type\":\"ListItem\",\"position\":2,\"name\":\"Publications\",\"item\":\"http:\/\/qcexval.uv.es\/?page_id=31\"},{\"@type\":\"ListItem\",\"position\":3,\"name\":\"2013\"}]},{\"@type\":\"WebSite\",\"@id\":\"http:\/\/qcexval.uv.es\/#website\",\"url\":\"http:\/\/qcexval.uv.es\/\",\"name\":\"QCEXVAL\",\"description\":\"The Excited State Quantum Chemistry Group\",\"publisher\":{\"@id\":\"http:\/\/qcexval.uv.es\/#organization\"},\"potentialAction\":[{\"@type\":\"SearchAction\",\"target\":{\"@type\":\"EntryPoint\",\"urlTemplate\":\"http:\/\/qcexval.uv.es\/?s={search_term_string}\"},\"query-input\":\"required name=search_term_string\"}],\"inLanguage\":\"en-US\"},{\"@type\":\"Organization\",\"@id\":\"http:\/\/qcexval.uv.es\/#organization\",\"name\":\"QCEXVAL\",\"url\":\"http:\/\/qcexval.uv.es\/\",\"logo\":{\"@type\":\"ImageObject\",\"inLanguage\":\"en-US\",\"@id\":\"http:\/\/qcexval.uv.es\/#\/schema\/logo\/image\/\",\"url\":\"http:\/\/qcexval.uv.es\/wp-content\/uploads\/2021\/03\/cropped-Logo4.3-1.jpg\",\"contentUrl\":\"http:\/\/qcexval.uv.es\/wp-content\/uploads\/2021\/03\/cropped-Logo4.3-1.jpg\",\"width\":512,\"height\":512,\"caption\":\"QCEXVAL\"},\"image\":{\"@id\":\"http:\/\/qcexval.uv.es\/#\/schema\/logo\/image\/\"},\"sameAs\":[\"https:\/\/twitter.com\/qcexval\"]}]}<\/script>\n<!-- \/ Yoast SEO plugin. -->","yoast_head_json":{"title":"2013 - QCEXVAL","robots":{"index":"index","follow":"follow","max-snippet":"max-snippet:-1","max-image-preview":"max-image-preview:large","max-video-preview":"max-video-preview:-1"},"canonical":"http:\/\/qcexval.uv.es\/?page_id=48","og_locale":"en_US","og_type":"article","og_title":"2013 - QCEXVAL","og_description":"List of QCEXVAL publications in 2013: &#8220;Computational photochemistry and chemiluminescence of biomolecules&#8221;Antonio Franc\u00e9s-Monerris, Manuela Merch\u00e1n and Daniel Roca-Sanju\u00e1nIn: European Photochemistry Association Newsletters, Vol. 85, 25-30 (2013) &#8220;Revisiting the Non-Adiabatic Process in 1,2-Dioxetane&#8221;Pooria Farahani, Daniel Roca-Sanju\u00e1n, Felipe Zapata and Roland LindhThe Journal of Chemical Theory and Computation (2013), Vol. 9, 5404-5411 &#8220;Ketorolac beats Ketoprofen: lower photodecarboxylation, photohemolysis and phototoxicity&#8221;Christopher D. McTiernan, Chiara Fasciani, Mar\u00eda Gonz\u00e1lez-B\u00e9jar, Daniel Roca-Sanju\u00e1n, Emilio I. Alarc\u00f3n and Jose C. Netto-FerreiraMedical Chemistry Communications (2013), Vol. 4, 1619-1622 &#8220;Tuning the Photophysical Properties of anti-B18H22: Efficient Intersystem Crossing between Excited Singlet and Triplet States in New 4,4\u2032-(HS)2&#8211;anti-B18H20&#8220;Vicenta Sauri, Josep M. Oliva, Drahom\u00edr Hnyk, Jonathan Bould, Jakub Braborec, Manuela Merch\u00e1n, PavelRead More","og_url":"http:\/\/qcexval.uv.es\/?page_id=48","og_site_name":"QCEXVAL","article_modified_time":"2021-05-07T09:32:13+00:00","og_image":[{"url":"http:\/\/qcexval.uv.es\/wp-content\/uploads\/2021\/04\/toc1-1.jpg"}],"twitter_card":"summary_large_image","twitter_site":"@qcexval","twitter_misc":{"Est. reading time":"7 minutes"},"schema":{"@context":"https:\/\/schema.org","@graph":[{"@type":"WebPage","@id":"http:\/\/qcexval.uv.es\/?page_id=48","url":"http:\/\/qcexval.uv.es\/?page_id=48","name":"2013 - QCEXVAL","isPartOf":{"@id":"http:\/\/qcexval.uv.es\/#website"},"datePublished":"2016-09-22T16:46:57+00:00","dateModified":"2021-05-07T09:32:13+00:00","breadcrumb":{"@id":"http:\/\/qcexval.uv.es\/?page_id=48#breadcrumb"},"inLanguage":"en-US","potentialAction":[{"@type":"ReadAction","target":["http:\/\/qcexval.uv.es\/?page_id=48"]}]},{"@type":"BreadcrumbList","@id":"http:\/\/qcexval.uv.es\/?page_id=48#breadcrumb","itemListElement":[{"@type":"ListItem","position":1,"name":"Home","item":"http:\/\/qcexval.uv.es\/"},{"@type":"ListItem","position":2,"name":"Publications","item":"http:\/\/qcexval.uv.es\/?page_id=31"},{"@type":"ListItem","position":3,"name":"2013"}]},{"@type":"WebSite","@id":"http:\/\/qcexval.uv.es\/#website","url":"http:\/\/qcexval.uv.es\/","name":"QCEXVAL","description":"The Excited State Quantum Chemistry Group","publisher":{"@id":"http:\/\/qcexval.uv.es\/#organization"},"potentialAction":[{"@type":"SearchAction","target":{"@type":"EntryPoint","urlTemplate":"http:\/\/qcexval.uv.es\/?s={search_term_string}"},"query-input":"required name=search_term_string"}],"inLanguage":"en-US"},{"@type":"Organization","@id":"http:\/\/qcexval.uv.es\/#organization","name":"QCEXVAL","url":"http:\/\/qcexval.uv.es\/","logo":{"@type":"ImageObject","inLanguage":"en-US","@id":"http:\/\/qcexval.uv.es\/#\/schema\/logo\/image\/","url":"http:\/\/qcexval.uv.es\/wp-content\/uploads\/2021\/03\/cropped-Logo4.3-1.jpg","contentUrl":"http:\/\/qcexval.uv.es\/wp-content\/uploads\/2021\/03\/cropped-Logo4.3-1.jpg","width":512,"height":512,"caption":"QCEXVAL"},"image":{"@id":"http:\/\/qcexval.uv.es\/#\/schema\/logo\/image\/"},"sameAs":["https:\/\/twitter.com\/qcexval"]}]}},"_links":{"self":[{"href":"http:\/\/qcexval.uv.es\/index.php?rest_route=\/wp\/v2\/pages\/48"}],"collection":[{"href":"http:\/\/qcexval.uv.es\/index.php?rest_route=\/wp\/v2\/pages"}],"about":[{"href":"http:\/\/qcexval.uv.es\/index.php?rest_route=\/wp\/v2\/types\/page"}],"author":[{"embeddable":true,"href":"http:\/\/qcexval.uv.es\/index.php?rest_route=\/wp\/v2\/users\/1"}],"replies":[{"embeddable":true,"href":"http:\/\/qcexval.uv.es\/index.php?rest_route=%2Fwp%2Fv2%2Fcomments&post=48"}],"version-history":[{"count":17,"href":"http:\/\/qcexval.uv.es\/index.php?rest_route=\/wp\/v2\/pages\/48\/revisions"}],"predecessor-version":[{"id":1431,"href":"http:\/\/qcexval.uv.es\/index.php?rest_route=\/wp\/v2\/pages\/48\/revisions\/1431"}],"up":[{"embeddable":true,"href":"http:\/\/qcexval.uv.es\/index.php?rest_route=\/wp\/v2\/pages\/31"}],"wp:attachment":[{"href":"http:\/\/qcexval.uv.es\/index.php?rest_route=%2Fwp%2Fv2%2Fmedia&parent=48"}],"curies":[{"name":"wp","href":"https:\/\/api.w.org\/{rel}","templated":true}]}}