{"id":97,"date":"2016-09-22T18:15:07","date_gmt":"2016-09-22T18:15:07","guid":{"rendered":"http:\/\/qcexval.uv.es\/?page_id=97"},"modified":"2023-04-13T10:41:42","modified_gmt":"2023-04-13T10:41:42","slug":"undergraduate-thesis","status":"publish","type":"page","link":"http:\/\/qcexval.uv.es\/?page_id=97","title":{"rendered":"Undergraduate Thesis"},"content":{"rendered":"<ul>\n<li><span style=\"text-decoration: underline;\">Rub\u00e9n Sebasti\u00e0 Torrillas<\/span><br \/>\nTitle: &#8220;<b>Caracterizaci\u00f3n computacional de la generaci\u00f3n de dioxetanos en fragmentos de tipo indol de la melanina<\/b>&#8221;<br \/>\nSupervisors: Dr. Daniel Roca-Sanju\u00e1n and Dr. Mercedes Rubio<br \/>\nYear: 2022<\/li>\n<li><span style=\"text-decoration: underline;\">Josep Alberola Boloix<\/span><br \/>\nTitle: &#8220;<strong>Estudi<\/strong> <b>te\u00f2ric de la formaci\u00f3 de lesions en l&#8217;ADN per quimioexcitaci\u00f3<\/b>&#8221;<br \/>\nSupervisors: Dr. Daniel Roca-Sanju\u00e1n and Dr. Angelo Giussani<br \/>\nYear: 2022<\/li>\n<li><span style=\"text-decoration: underline;\">Francisco Javier del Arco Santos<\/span><br \/>\nTitle: &#8220;<strong>Bases moleculares del da\u00f1o al ADN por formaci\u00f3n de oxetanos y su reparaci\u00f3n<\/strong>&#8221;<br \/>\nSupervisor: Dr. Daniel Roca-Sanju\u00e1n<br \/>\nYear: 2020<\/li>\n<li><span style=\"text-decoration: underline;\">Jos\u00e9 Cubells Mar\u00ed<\/span><br \/>\nTitle: &#8220;<strong>Estudio te\u00f3rico de la quimioluminiscencia del luminol en disolventes pr\u00f3ticos y apr\u00f3ticos<\/strong>&#8221;<br \/>\nSupervisor: Dr. Daniel Roca-Sanju\u00e1n<br \/>\nYear: 2020<\/li>\n<li><span style=\"text-decoration: underline;\">Hector Vila Cervera<\/span><br \/>\nTitle: &#8220;<strong>Estudio Te\u00f3rico del Mecanismo de Quimioluminiscencia del Luminol<\/strong>&#8221;<br \/>\nSupervisor: Dr. Daniel Roca-Sanju\u00e1n<br \/>\nYear: 2019<\/li>\n<li><span style=\"text-decoration: underline;\">Maria Juliana Cu\u00e9llar Zuqu\u00edn<\/span><br \/>\nTitle: &#8220;<strong>Bases Moleculares de la Fotoqu\u00edmica en la Oscuridad<\/strong>&#8221;<br \/>\nSupervisor: Dr. Daniel Roca-Sanju\u00e1n<br \/>\nYear: 2018<\/li>\n<li><span style=\"text-decoration: underline;\">Miriam Navarrete Miquel<\/span><br \/>\nTitle: &#8220;<strong>Mecanisme Qu\u00edmic de la Ter\u00e0pia Fotodin\u00e0mica per al Tractament del C\u00e0ncer<\/strong>&#8221;<br \/>\nSupervisor: Dr. Daniel Roca-Sanju\u00e1n<br \/>\nYear: 2017<\/li>\n<li><span style=\"text-decoration: underline;\">\u00c1ngel Ma\u00f1es Rodr\u00edguez<\/span><br \/>\nTitle: &#8220;<strong>Bases Moleculares de la Quimioluminiscencia y Bioluminiscencia<\/strong>&#8221;<br \/>\nSupervisor: Dr. Daniel Roca-Sanju\u00e1n<br \/>\nYear: 2017<\/li>\n<li><span style=\"text-decoration: underline;\">Antonio M\u00e1s Esteve<\/span><br \/>\nTitle: &#8220;<strong>Estudio te\u00f3rico de mol\u00e9culas con alto rendimiento cu\u00e1ntico de la poblaci\u00f3n del estado triplete<\/strong>&#8221;<br \/>\nSupervisors: Dr. Mercedes Rubio and Dr. Daniel Roca-Sanju\u00e1n<br \/>\nYear: 2016 (6 months)<br \/>\nDay of dissertation: September, 16th, 2016<\/li>\n<li><span style=\"text-decoration: underline;\">Jose Vicent Borr\u00e1s de Llano<\/span><br \/>\nTitle: &#8220;<strong>Mecanisme de Refeneraci\u00f3 fotoindu\u00efda de lesions en les bases del DNA<\/strong>&#8221;<br \/>\nSupervisors: Dr. Daniel Roca-Sanju\u00e1n and Prof. Dr. Manuela Merch\u00e1n<br \/>\nYear: 2016 (6 months)<br \/>\nDay of dissertation: July, 5th, 2016<\/li>\n<\/ul>\n","protected":false},"excerpt":{"rendered":"<p>Rub\u00e9n Sebasti\u00e0 Torrillas Title: &#8220;Caracterizaci\u00f3n computacional de la generaci\u00f3n de dioxetanos en fragmentos de tipo indol de la melanina&#8221; Supervisors: Dr. Daniel Roca-Sanju\u00e1n and Dr. Mercedes Rubio Year: 2022 Josep Alberola Boloix Title: &#8220;Estudi te\u00f2ric de la formaci\u00f3 de lesions en l&#8217;ADN per quimioexcitaci\u00f3&#8221; Supervisors: Dr. Daniel Roca-Sanju\u00e1n and Dr. Angelo Giussani Year: 2022 Francisco Javier del Arco Santos Title: &#8220;Bases moleculares del da\u00f1o al ADN por formaci\u00f3n de oxetanos y su reparaci\u00f3n&#8221; Supervisor: Dr. Daniel Roca-Sanju\u00e1n Year: 2020 Jos\u00e9 Cubells Mar\u00ed Title: &#8220;Estudio te\u00f3rico de la quimioluminiscencia del luminol en disolventes pr\u00f3ticos y apr\u00f3ticos&#8221; Supervisor: Dr. Daniel Roca-Sanju\u00e1n Year: 2020 Hector Vila Cervera Title: &#8220;Estudio Te\u00f3rico del Mecanismo de<\/p>\n<div class=\"wst-more-wrap\"><a class=\"more-link\" href=\"http:\/\/qcexval.uv.es\/?page_id=97\"><span>Read More<\/span><\/a><\/div>\n<p> <a class=\"more-link\" href=\"http:\/\/qcexval.uv.es\/?page_id=97\">Read more<\/a><\/p>\n","protected":false},"author":1,"featured_media":0,"parent":91,"menu_order":0,"comment_status":"closed","ping_status":"closed","template":"","meta":{"footnotes":""},"yoast_head":"<!-- This site is optimized with the Yoast SEO plugin v21.8 - https:\/\/yoast.com\/wordpress\/plugins\/seo\/ -->\n<title>Undergraduate Thesis - QCEXVAL<\/title>\n<meta name=\"robots\" content=\"index, follow, max-snippet:-1, max-image-preview:large, max-video-preview:-1\" \/>\n<link rel=\"canonical\" href=\"http:\/\/qcexval.uv.es\/?page_id=97\" \/>\n<meta property=\"og:locale\" content=\"en_US\" \/>\n<meta property=\"og:type\" content=\"article\" \/>\n<meta property=\"og:title\" content=\"Undergraduate Thesis - QCEXVAL\" \/>\n<meta property=\"og:description\" content=\"Rub\u00e9n Sebasti\u00e0 Torrillas Title: &#8220;Caracterizaci\u00f3n computacional de la generaci\u00f3n de dioxetanos en fragmentos de tipo indol de la melanina&#8221; Supervisors: Dr. Daniel Roca-Sanju\u00e1n and Dr. Mercedes Rubio Year: 2022 Josep Alberola Boloix Title: &#8220;Estudi te\u00f2ric de la formaci\u00f3 de lesions en l&#8217;ADN per quimioexcitaci\u00f3&#8221; Supervisors: Dr. Daniel Roca-Sanju\u00e1n and Dr. Angelo Giussani Year: 2022 Francisco Javier del Arco Santos Title: &#8220;Bases moleculares del da\u00f1o al ADN por formaci\u00f3n de oxetanos y su reparaci\u00f3n&#8221; Supervisor: Dr. Daniel Roca-Sanju\u00e1n Year: 2020 Jos\u00e9 Cubells Mar\u00ed Title: &#8220;Estudio te\u00f3rico de la quimioluminiscencia del luminol en disolventes pr\u00f3ticos y apr\u00f3ticos&#8221; Supervisor: Dr. Daniel Roca-Sanju\u00e1n Year: 2020 Hector Vila Cervera Title: &#8220;Estudio Te\u00f3rico del Mecanismo deRead More\" \/>\n<meta property=\"og:url\" content=\"http:\/\/qcexval.uv.es\/?page_id=97\" \/>\n<meta property=\"og:site_name\" content=\"QCEXVAL\" \/>\n<meta property=\"article:modified_time\" content=\"2023-04-13T10:41:42+00:00\" \/>\n<meta name=\"twitter:card\" content=\"summary_large_image\" \/>\n<meta name=\"twitter:site\" content=\"@qcexval\" \/>\n<meta name=\"twitter:label1\" content=\"Est. reading time\" \/>\n\t<meta name=\"twitter:data1\" content=\"1 minute\" \/>\n<script type=\"application\/ld+json\" class=\"yoast-schema-graph\">{\"@context\":\"https:\/\/schema.org\",\"@graph\":[{\"@type\":\"WebPage\",\"@id\":\"http:\/\/qcexval.uv.es\/?page_id=97\",\"url\":\"http:\/\/qcexval.uv.es\/?page_id=97\",\"name\":\"Undergraduate Thesis - QCEXVAL\",\"isPartOf\":{\"@id\":\"http:\/\/qcexval.uv.es\/#website\"},\"datePublished\":\"2016-09-22T18:15:07+00:00\",\"dateModified\":\"2023-04-13T10:41:42+00:00\",\"breadcrumb\":{\"@id\":\"http:\/\/qcexval.uv.es\/?page_id=97#breadcrumb\"},\"inLanguage\":\"en-US\",\"potentialAction\":[{\"@type\":\"ReadAction\",\"target\":[\"http:\/\/qcexval.uv.es\/?page_id=97\"]}]},{\"@type\":\"BreadcrumbList\",\"@id\":\"http:\/\/qcexval.uv.es\/?page_id=97#breadcrumb\",\"itemListElement\":[{\"@type\":\"ListItem\",\"position\":1,\"name\":\"Home\",\"item\":\"http:\/\/qcexval.uv.es\/\"},{\"@type\":\"ListItem\",\"position\":2,\"name\":\"Thesis\",\"item\":\"http:\/\/qcexval.uv.es\/?page_id=91\"},{\"@type\":\"ListItem\",\"position\":3,\"name\":\"Undergraduate Thesis\"}]},{\"@type\":\"WebSite\",\"@id\":\"http:\/\/qcexval.uv.es\/#website\",\"url\":\"http:\/\/qcexval.uv.es\/\",\"name\":\"QCEXVAL\",\"description\":\"The Excited State Quantum Chemistry Group\",\"publisher\":{\"@id\":\"http:\/\/qcexval.uv.es\/#organization\"},\"potentialAction\":[{\"@type\":\"SearchAction\",\"target\":{\"@type\":\"EntryPoint\",\"urlTemplate\":\"http:\/\/qcexval.uv.es\/?s={search_term_string}\"},\"query-input\":\"required name=search_term_string\"}],\"inLanguage\":\"en-US\"},{\"@type\":\"Organization\",\"@id\":\"http:\/\/qcexval.uv.es\/#organization\",\"name\":\"QCEXVAL\",\"url\":\"http:\/\/qcexval.uv.es\/\",\"logo\":{\"@type\":\"ImageObject\",\"inLanguage\":\"en-US\",\"@id\":\"http:\/\/qcexval.uv.es\/#\/schema\/logo\/image\/\",\"url\":\"http:\/\/qcexval.uv.es\/wp-content\/uploads\/2021\/03\/cropped-Logo4.3-1.jpg\",\"contentUrl\":\"http:\/\/qcexval.uv.es\/wp-content\/uploads\/2021\/03\/cropped-Logo4.3-1.jpg\",\"width\":512,\"height\":512,\"caption\":\"QCEXVAL\"},\"image\":{\"@id\":\"http:\/\/qcexval.uv.es\/#\/schema\/logo\/image\/\"},\"sameAs\":[\"https:\/\/twitter.com\/qcexval\"]}]}<\/script>\n<!-- \/ Yoast SEO plugin. -->","yoast_head_json":{"title":"Undergraduate Thesis - QCEXVAL","robots":{"index":"index","follow":"follow","max-snippet":"max-snippet:-1","max-image-preview":"max-image-preview:large","max-video-preview":"max-video-preview:-1"},"canonical":"http:\/\/qcexval.uv.es\/?page_id=97","og_locale":"en_US","og_type":"article","og_title":"Undergraduate Thesis - QCEXVAL","og_description":"Rub\u00e9n Sebasti\u00e0 Torrillas Title: &#8220;Caracterizaci\u00f3n computacional de la generaci\u00f3n de dioxetanos en fragmentos de tipo indol de la melanina&#8221; Supervisors: Dr. Daniel Roca-Sanju\u00e1n and Dr. Mercedes Rubio Year: 2022 Josep Alberola Boloix Title: &#8220;Estudi te\u00f2ric de la formaci\u00f3 de lesions en l&#8217;ADN per quimioexcitaci\u00f3&#8221; Supervisors: Dr. Daniel Roca-Sanju\u00e1n and Dr. Angelo Giussani Year: 2022 Francisco Javier del Arco Santos Title: &#8220;Bases moleculares del da\u00f1o al ADN por formaci\u00f3n de oxetanos y su reparaci\u00f3n&#8221; Supervisor: Dr. Daniel Roca-Sanju\u00e1n Year: 2020 Jos\u00e9 Cubells Mar\u00ed Title: &#8220;Estudio te\u00f3rico de la quimioluminiscencia del luminol en disolventes pr\u00f3ticos y apr\u00f3ticos&#8221; Supervisor: Dr. Daniel Roca-Sanju\u00e1n Year: 2020 Hector Vila Cervera Title: &#8220;Estudio Te\u00f3rico del Mecanismo deRead More","og_url":"http:\/\/qcexval.uv.es\/?page_id=97","og_site_name":"QCEXVAL","article_modified_time":"2023-04-13T10:41:42+00:00","twitter_card":"summary_large_image","twitter_site":"@qcexval","twitter_misc":{"Est. reading time":"1 minute"},"schema":{"@context":"https:\/\/schema.org","@graph":[{"@type":"WebPage","@id":"http:\/\/qcexval.uv.es\/?page_id=97","url":"http:\/\/qcexval.uv.es\/?page_id=97","name":"Undergraduate Thesis - QCEXVAL","isPartOf":{"@id":"http:\/\/qcexval.uv.es\/#website"},"datePublished":"2016-09-22T18:15:07+00:00","dateModified":"2023-04-13T10:41:42+00:00","breadcrumb":{"@id":"http:\/\/qcexval.uv.es\/?page_id=97#breadcrumb"},"inLanguage":"en-US","potentialAction":[{"@type":"ReadAction","target":["http:\/\/qcexval.uv.es\/?page_id=97"]}]},{"@type":"BreadcrumbList","@id":"http:\/\/qcexval.uv.es\/?page_id=97#breadcrumb","itemListElement":[{"@type":"ListItem","position":1,"name":"Home","item":"http:\/\/qcexval.uv.es\/"},{"@type":"ListItem","position":2,"name":"Thesis","item":"http:\/\/qcexval.uv.es\/?page_id=91"},{"@type":"ListItem","position":3,"name":"Undergraduate Thesis"}]},{"@type":"WebSite","@id":"http:\/\/qcexval.uv.es\/#website","url":"http:\/\/qcexval.uv.es\/","name":"QCEXVAL","description":"The Excited State Quantum Chemistry Group","publisher":{"@id":"http:\/\/qcexval.uv.es\/#organization"},"potentialAction":[{"@type":"SearchAction","target":{"@type":"EntryPoint","urlTemplate":"http:\/\/qcexval.uv.es\/?s={search_term_string}"},"query-input":"required name=search_term_string"}],"inLanguage":"en-US"},{"@type":"Organization","@id":"http:\/\/qcexval.uv.es\/#organization","name":"QCEXVAL","url":"http:\/\/qcexval.uv.es\/","logo":{"@type":"ImageObject","inLanguage":"en-US","@id":"http:\/\/qcexval.uv.es\/#\/schema\/logo\/image\/","url":"http:\/\/qcexval.uv.es\/wp-content\/uploads\/2021\/03\/cropped-Logo4.3-1.jpg","contentUrl":"http:\/\/qcexval.uv.es\/wp-content\/uploads\/2021\/03\/cropped-Logo4.3-1.jpg","width":512,"height":512,"caption":"QCEXVAL"},"image":{"@id":"http:\/\/qcexval.uv.es\/#\/schema\/logo\/image\/"},"sameAs":["https:\/\/twitter.com\/qcexval"]}]}},"_links":{"self":[{"href":"http:\/\/qcexval.uv.es\/index.php?rest_route=\/wp\/v2\/pages\/97"}],"collection":[{"href":"http:\/\/qcexval.uv.es\/index.php?rest_route=\/wp\/v2\/pages"}],"about":[{"href":"http:\/\/qcexval.uv.es\/index.php?rest_route=\/wp\/v2\/types\/page"}],"author":[{"embeddable":true,"href":"http:\/\/qcexval.uv.es\/index.php?rest_route=\/wp\/v2\/users\/1"}],"replies":[{"embeddable":true,"href":"http:\/\/qcexval.uv.es\/index.php?rest_route=%2Fwp%2Fv2%2Fcomments&post=97"}],"version-history":[{"count":4,"href":"http:\/\/qcexval.uv.es\/index.php?rest_route=\/wp\/v2\/pages\/97\/revisions"}],"predecessor-version":[{"id":1653,"href":"http:\/\/qcexval.uv.es\/index.php?rest_route=\/wp\/v2\/pages\/97\/revisions\/1653"}],"up":[{"embeddable":true,"href":"http:\/\/qcexval.uv.es\/index.php?rest_route=\/wp\/v2\/pages\/91"}],"wp:attachment":[{"href":"http:\/\/qcexval.uv.es\/index.php?rest_route=%2Fwp%2Fv2%2Fmedia&parent=97"}],"curies":[{"name":"wp","href":"https:\/\/api.w.org\/{rel}","templated":true}]}}